{"id":1203,"date":"2020-06-12T22:28:36","date_gmt":"2020-06-12T20:28:36","guid":{"rendered":"https:\/\/boomandsmart.com\/about-us\/"},"modified":"2025-05-19T09:54:31","modified_gmt":"2025-05-19T07:54:31","slug":"o-nas","status":"publish","type":"page","link":"https:\/\/boomandsmart.com\/sk\/o-nas\/","title":{"rendered":"O n\u00e1s"},"content":{"rendered":"<section class=\"l-section wpb_row height_medium\"><div class=\"l-section-h i-cf\"><div class=\"g-cols vc_row via_flex valign_top type_default stacking_default\"><div class=\"vc_col-sm-12 wpb_column vc_column_container\"><div class=\"vc_column-inner\"><div class=\"wpb_wrapper\"><div class=\"w-image us_custom_4fb9e5a3 pattern align_none us_animate_afb has_bg_color\"><div class=\"w-image-h\"><img decoding=\"async\" width=\"540\" height=\"1450\" src=\"https:\/\/boomandsmart.com\/wp-content\/uploads\/2020\/06\/about-us-pattern.png\" class=\"attachment-full size-full\" alt=\"\" loading=\"lazy\" srcset=\"https:\/\/boomandsmart.com\/wp-content\/uploads\/2020\/06\/about-us-pattern.png 540w, https:\/\/boomandsmart.com\/wp-content\/uploads\/2020\/06\/about-us-pattern-112x300.png 112w, https:\/\/boomandsmart.com\/wp-content\/uploads\/2020\/06\/about-us-pattern-381x1024.png 381w\" sizes=\"auto, (max-width: 540px) 100vw, 540px\" \/><\/div><\/div><div class=\"g-cols wpb_row us_custom_4eb0a6fd via_flex valign_top type_default stacking_default\"><div class=\"vc_col-sm-12 vc_col-lg-offset-2 vc_col-lg-8 wpb_column vc_column_container us_animate_fade\"><div class=\"vc_column-inner\"><div class=\"wpb_wrapper\"><div class=\"wpb_text_column quote\"><div class=\"wpb_wrapper\"><p class=\"styles-section-title styles-selector\">Na\u0161i konkurenti z\u00edskavaj\u00fa ocenenia, ale pre n\u00e1s je Va\u0161a spokojnos\u0165 tou najv\u00e4\u010d\u0161ou odmenou<\/p>\n<\/div><\/div><\/div><\/div><\/div><\/div><div class=\"g-cols wpb_row via_flex valign_top type_default stacking_default\"><div class=\"vc_col-sm-12 vc_col-lg-offset-3 vc_col-lg-6 wpb_column vc_column_container us_animate_fade\"><div class=\"vc_column-inner\"><div class=\"wpb_wrapper\"><div class=\"wpb_text_column subtitle\"><div class=\"wpb_wrapper\"><h5 style=\"text-align: justify;\">BOOM &amp; SMART je butikov\u00e1 advok\u00e1tska kancel\u00e1ria zameran\u00e1 na komplexn\u00e9 pr\u00e1vne rie\u0161enia, p\u00f4sobiaca v troch jurisdikci\u00e1ch, a to v Lichten\u0161tajnskom knie\u017eatstve, v Slovenskej republike a v \u010ceskej republike. Na\u0161e kancel\u00e1rie n\u00e1jdete vo Vaduze, Bratislave, Banskej Bystrici a v Brne.<\/h5>\n<\/div><\/div><div class=\"wpb_text_column\"><div class=\"wpb_wrapper\"><p style=\"text-align: justify;\">V centre na\u0161ej pozornosti s\u00fa v\u017edy na\u0161i klienti, pri\u010dom pr\u00e1vne poradenstvo poskytujeme v r\u00e1mci ich podnikate\u013esk\u00fdch aktiv\u00edt v stredoeur\u00f3pskom regi\u00f3ne, kde na seba nar\u00e1\u017eaj\u00fa lok\u00e1lne pr\u00e1vne \u00fapravy a eur\u00f3pska regul\u00e1cia.<\/p>\n<p style=\"text-align: justify;\">Aby sme V\u00e1m mohli by\u0165 pr\u00e1vnou oporou a pom\u00e1ha\u0165 V\u00e1m na Va\u0161ej ceste, je pre n\u00e1s nevyhnutn\u00e9 spr\u00e1vne pochopi\u0165 V\u00e1\u0161 pr\u00edbeh a Va\u0161e ciele. Spokojnos\u0165 na\u0161ich klientov preto vych\u00e1dza z jasnej a otvorenej komunik\u00e1cii zalo\u017eenej na vz\u00e1jomnej d\u00f4vere.<\/p>\n<p style=\"text-align: justify;\">V\u0161etky inform\u00e1cie, ktor\u00e9 na\u0161i klienti s nami zdie\u013eaj\u00fa, s\u00fa pr\u00edsne d\u00f4vern\u00e9 v s\u00falade s pr\u00edslu\u0161n\u00fdmi pravidlami t\u00fdkaj\u00facimi sa advok\u00e1tskeho tajomstva. Na\u0161a kancel\u00e1ria naviac sp\u013a\u0148a najvy\u0161\u0161ie medzin\u00e1rodn\u00e9 \u0161tandardy informa\u010dnej bezpe\u010dnosti a sme jednou z m\u00e1la advok\u00e1tskych kancel\u00e1ri\u00ed v stredoeur\u00f3pskom regi\u00f3ne, ktor\u00e1 \u00faspe\u0161ne implementovala normu ISO 27001.<\/p>\n<\/div><\/div><\/div><\/div><\/div><\/div><div class=\"g-cols wpb_row us_custom_371e9371 via_flex valign_top type_default stacking_default\"><div class=\"vc_col-sm-12 wpb_column vc_column_container us_animate_fade\"><div class=\"vc_column-inner\"><div class=\"wpb_wrapper\"><div class=\"wpb_text_column\"><div class=\"wpb_wrapper\"><h5 style=\"text-align: center;\">Pozrite si<br \/>\n<a href=\"\/?page_id=90\">N\u00e1\u0161 t\u00edm<\/a><\/h5>\n<\/div><\/div><\/div><\/div><\/div><\/div><\/div><\/div><\/div><\/div><\/div><\/section>\n","protected":false},"excerpt":{"rendered":"Na\u0161i konkurenti z\u00edskavaj\u00fa ocenenia, ale pre n\u00e1s je Va\u0161a spokojnos\u0165 tou najv\u00e4\u010d\u0161ou odmenou BOOM &amp; SMART je butikov\u00e1 advok\u00e1tska kancel\u00e1ria zameran\u00e1 na komplexn\u00e9 pr\u00e1vne rie\u0161enia, p\u00f4sobiaca v troch jurisdikci\u00e1ch, a to v Lichten\u0161tajnskom knie\u017eatstve, v Slovenskej republike a v \u010ceskej republike. Na\u0161e kancel\u00e1rie n\u00e1jdete vo Vaduze, Bratislave, Banskej Bystrici a v Brne. V centre na\u0161ej...","protected":false},"author":3,"featured_media":0,"parent":0,"menu_order":0,"comment_status":"closed","ping_status":"closed","template":"","meta":{"inline_featured_image":false,"footnotes":""},"class_list":["post-1203","page","type-page","status-publish","hentry"],"yoast_head":"<title>O n\u00e1s - BOOM &amp; SMART<\/title>\n<meta name=\"description\" content=\"Boom &amp; Smart is an independent, client-centered boutique law firm operating in two jurisdictions, the Principality of Liechtenstein and the Slovak Republic. Our offices are located in Vaduz, Bratislava and Bansk\u00e1 Bystrica.\" \/>\n<meta name=\"robots\" content=\"index, follow, max-snippet:-1, max-image-preview:large, max-video-preview:-1\" \/>\n<link rel=\"canonical\" href=\"https:\/\/boomandsmart.com\/sk\/o-nas\/\" \/>\n<meta property=\"og:locale\" content=\"sk_SK\" \/>\n<meta property=\"og:type\" content=\"article\" \/>\n<meta property=\"og:title\" content=\"O n\u00e1s - BOOM &amp; SMART\" \/>\n<meta property=\"og:description\" content=\"Boom &amp; Smart is an independent, client-centered boutique law firm operating in two jurisdictions, the Principality of Liechtenstein and the Slovak Republic. Our offices are located in Vaduz, Bratislava and Bansk\u00e1 Bystrica.\" \/>\n<meta property=\"og:url\" content=\"https:\/\/boomandsmart.com\/sk\/o-nas\/\" \/>\n<meta property=\"og:site_name\" content=\"BOOM &amp; SMART\" \/>\n<meta property=\"article:modified_time\" content=\"2025-05-19T07:54:31+00:00\" \/>\n<meta name=\"twitter:card\" content=\"summary_large_image\" \/>\n<meta name=\"twitter:label1\" content=\"Predpokladan\u00fd \u010das \u010d\u00edtania\" \/>\n\t<meta name=\"twitter:data1\" content=\"1 min\u00fata\" \/>\n<script type=\"application\/ld+json\" class=\"yoast-schema-graph\">{\"@context\":\"https:\/\/schema.org\",\"@graph\":[{\"@type\":\"WebPage\",\"@id\":\"https:\/\/boomandsmart.com\/sk\/o-nas\/\",\"url\":\"https:\/\/boomandsmart.com\/sk\/o-nas\/\",\"name\":\"O n\u00e1s - BOOM &amp; SMART\",\"isPartOf\":{\"@id\":\"https:\/\/boomandsmart.com\/#website\"},\"datePublished\":\"2020-06-12T20:28:36+00:00\",\"dateModified\":\"2025-05-19T07:54:31+00:00\",\"description\":\"Boom & Smart is an independent, client-centered boutique law firm operating in two jurisdictions, the Principality of Liechtenstein and the Slovak Republic. Our offices are located in Vaduz, Bratislava and Bansk\u00e1 Bystrica.\",\"breadcrumb\":{\"@id\":\"https:\/\/boomandsmart.com\/sk\/o-nas\/#breadcrumb\"},\"inLanguage\":\"sk-SK\",\"potentialAction\":[{\"@type\":\"ReadAction\",\"target\":[\"https:\/\/boomandsmart.com\/sk\/o-nas\/\"]}]},{\"@type\":\"BreadcrumbList\",\"@id\":\"https:\/\/boomandsmart.com\/sk\/o-nas\/#breadcrumb\",\"itemListElement\":[{\"@type\":\"ListItem\",\"position\":1,\"name\":\"Home\",\"item\":\"https:\/\/boomandsmart.com\/sk\/\"},{\"@type\":\"ListItem\",\"position\":2,\"name\":\"O n\u00e1s\"}]},{\"@type\":\"WebSite\",\"@id\":\"https:\/\/boomandsmart.com\/#website\",\"url\":\"https:\/\/boomandsmart.com\/\",\"name\":\"BOOM &amp; SMART\",\"description\":\"\",\"potentialAction\":[{\"@type\":\"SearchAction\",\"target\":{\"@type\":\"EntryPoint\",\"urlTemplate\":\"https:\/\/boomandsmart.com\/?s={search_term_string}\"},\"query-input\":{\"@type\":\"PropertyValueSpecification\",\"valueRequired\":true,\"valueName\":\"search_term_string\"}}],\"inLanguage\":\"sk-SK\"}]}<\/script>","yoast_head_json":{"title":"O n\u00e1s - BOOM &amp; SMART","description":"Boom & Smart is an independent, client-centered boutique law firm operating in two jurisdictions, the Principality of Liechtenstein and the Slovak Republic. Our offices are located in Vaduz, Bratislava and Bansk\u00e1 Bystrica.","robots":{"index":"index","follow":"follow","max-snippet":"max-snippet:-1","max-image-preview":"max-image-preview:large","max-video-preview":"max-video-preview:-1"},"canonical":"https:\/\/boomandsmart.com\/sk\/o-nas\/","og_locale":"sk_SK","og_type":"article","og_title":"O n\u00e1s - BOOM &amp; SMART","og_description":"Boom & Smart is an independent, client-centered boutique law firm operating in two jurisdictions, the Principality of Liechtenstein and the Slovak Republic. Our offices are located in Vaduz, Bratislava and Bansk\u00e1 Bystrica.","og_url":"https:\/\/boomandsmart.com\/sk\/o-nas\/","og_site_name":"BOOM &amp; SMART","article_modified_time":"2025-05-19T07:54:31+00:00","twitter_card":"summary_large_image","twitter_misc":{"Predpokladan\u00fd \u010das \u010d\u00edtania":"1 min\u00fata"},"schema":{"@context":"https:\/\/schema.org","@graph":[{"@type":"WebPage","@id":"https:\/\/boomandsmart.com\/sk\/o-nas\/","url":"https:\/\/boomandsmart.com\/sk\/o-nas\/","name":"O n\u00e1s - BOOM &amp; SMART","isPartOf":{"@id":"https:\/\/boomandsmart.com\/#website"},"datePublished":"2020-06-12T20:28:36+00:00","dateModified":"2025-05-19T07:54:31+00:00","description":"Boom & Smart is an independent, client-centered boutique law firm operating in two jurisdictions, the Principality of Liechtenstein and the Slovak Republic. Our offices are located in Vaduz, Bratislava and Bansk\u00e1 Bystrica.","breadcrumb":{"@id":"https:\/\/boomandsmart.com\/sk\/o-nas\/#breadcrumb"},"inLanguage":"sk-SK","potentialAction":[{"@type":"ReadAction","target":["https:\/\/boomandsmart.com\/sk\/o-nas\/"]}]},{"@type":"BreadcrumbList","@id":"https:\/\/boomandsmart.com\/sk\/o-nas\/#breadcrumb","itemListElement":[{"@type":"ListItem","position":1,"name":"Home","item":"https:\/\/boomandsmart.com\/sk\/"},{"@type":"ListItem","position":2,"name":"O n\u00e1s"}]},{"@type":"WebSite","@id":"https:\/\/boomandsmart.com\/#website","url":"https:\/\/boomandsmart.com\/","name":"BOOM &amp; SMART","description":"","potentialAction":[{"@type":"SearchAction","target":{"@type":"EntryPoint","urlTemplate":"https:\/\/boomandsmart.com\/?s={search_term_string}"},"query-input":{"@type":"PropertyValueSpecification","valueRequired":true,"valueName":"search_term_string"}}],"inLanguage":"sk-SK"}]}},"_links":{"self":[{"href":"https:\/\/boomandsmart.com\/sk\/wp-json\/wp\/v2\/pages\/1203","targetHints":{"allow":["GET"]}}],"collection":[{"href":"https:\/\/boomandsmart.com\/sk\/wp-json\/wp\/v2\/pages"}],"about":[{"href":"https:\/\/boomandsmart.com\/sk\/wp-json\/wp\/v2\/types\/page"}],"author":[{"embeddable":true,"href":"https:\/\/boomandsmart.com\/sk\/wp-json\/wp\/v2\/users\/3"}],"replies":[{"embeddable":true,"href":"https:\/\/boomandsmart.com\/sk\/wp-json\/wp\/v2\/comments?post=1203"}],"version-history":[{"count":7,"href":"https:\/\/boomandsmart.com\/sk\/wp-json\/wp\/v2\/pages\/1203\/revisions"}],"predecessor-version":[{"id":1627,"href":"https:\/\/boomandsmart.com\/sk\/wp-json\/wp\/v2\/pages\/1203\/revisions\/1627"}],"wp:attachment":[{"href":"https:\/\/boomandsmart.com\/sk\/wp-json\/wp\/v2\/media?parent=1203"}],"curies":[{"name":"wp","href":"https:\/\/api.w.org\/{rel}","templated":true}]}}