{"id":1212,"date":"2020-06-15T21:18:57","date_gmt":"2020-06-15T19:18:57","guid":{"rendered":"https:\/\/boomandsmart.com\/team\/"},"modified":"2023-12-04T21:27:05","modified_gmt":"2023-12-04T20:27:05","slug":"tim","status":"publish","type":"page","link":"https:\/\/boomandsmart.com\/sk\/tim\/","title":{"rendered":"T\u00edm"},"content":{"rendered":"<section class=\"l-section wpb_row us_custom_2774bef1 height_medium\"><div class=\"l-section-h i-cf\"><div class=\"g-cols vc_row via_flex valign_top type_default stacking_default\"><div class=\"vc_col-sm-12 wpb_column vc_column_container\"><div class=\"vc_column-inner\"><div class=\"wpb_wrapper\"><div class=\"w-image pattern align_none us_animate_afb\"><div class=\"w-image-h\"><img decoding=\"async\" width=\"540\" height=\"1450\" src=\"https:\/\/boomandsmart.com\/wp-content\/uploads\/2020\/06\/team-pattern.png\" class=\"attachment-full size-full\" alt=\"\" loading=\"lazy\" srcset=\"https:\/\/boomandsmart.com\/wp-content\/uploads\/2020\/06\/team-pattern.png 540w, https:\/\/boomandsmart.com\/wp-content\/uploads\/2020\/06\/team-pattern-112x300.png 112w, https:\/\/boomandsmart.com\/wp-content\/uploads\/2020\/06\/team-pattern-381x1024.png 381w\" sizes=\"auto, (max-width: 540px) 100vw, 540px\" \/><\/div><\/div><div class=\"g-cols wpb_row us_custom_4eb0a6fd via_flex valign_top type_default stacking_default\"><div class=\"vc_col-sm-12 vc_col-lg-offset-2 vc_col-lg-8 wpb_column vc_column_container us_animate_fade\"><div class=\"vc_column-inner\"><div class=\"wpb_wrapper\"><div class=\"wpb_text_column quote-no-graphic\"><div class=\"wpb_wrapper\"><p class=\"styles-section-title styles-selector\">20 rokov odborn\u00fdch sk\u00fasenost\u00ed. Pr\u00edstup orientovan\u00fd na rie\u0161enie. Osved\u010den\u00e1 spolo\u010dnos\u0165.<\/p>\n<\/div><\/div><\/div><\/div><\/div><\/div><div class=\"g-cols wpb_row via_flex valign_top type_default stacking_default\"><div class=\"vc_col-sm-12 vc_col-lg-offset-3 vc_col-lg-6 wpb_column vc_column_container us_animate_fade\"><div class=\"vc_column-inner\"><div class=\"wpb_wrapper\"><div class=\"wpb_text_column subtitle\"><div class=\"wpb_wrapper\"><h5 style=\"text-align: justify;\">BOOM &amp; SMART tvor\u00ed t\u00edm vysoko kvalifikovan\u00fdch \u010dlenov, ktor\u00fdch pr\u00edstup je zameran\u00fd na rie\u0161enie probl\u00e9mu. Na\u0161e hlbok\u00e9 znalosti eur\u00f3pskych predpisov a miestnych z\u00e1konov, ako aj viac ako 20-ro\u010dn\u00e9 sk\u00fasenosti v poskytovan\u00ed pr\u00e1vnych slu\u017eieb z n\u00e1s robia stabiln\u00fa advok\u00e1tsku kancel\u00e1riu. Staviame na poskytovan\u00ed pr\u00e1vnych slu\u017eieb vysok\u00e9ho \u0161tandardu a spokojnosti na\u0161ich klientov, v\u010faka \u010domu neust\u00e1le rastieme v na\u0161ej odbornosti.<\/h5>\n<\/div><\/div><\/div><\/div><\/div><\/div><\/div><\/div><\/div><\/div><\/div><\/section><section class=\"l-section wpb_row us_custom_dbf88527 team-wrapper height_medium\"><div class=\"l-section-h i-cf\"><div class=\"g-cols vc_row via_flex valign_top type_default stacking_default\"><div class=\"vc_col-sm-12 wpb_column vc_column_container stretched\"><div class=\"vc_column-inner\"><div class=\"wpb_wrapper\"><div class=\"wpb_text_column us_custom_8ae622b8 has_text_color\"><div class=\"wpb_wrapper\"><p>N\u00e1\u0161 t\u00edm<\/p>\n<\/div><\/div><div class=\"wpb_text_column us_custom_2d242120 has_text_color\"><div class=\"wpb_wrapper\"><p style=\"text-align: center;\">Kliknite pre zobrazenie biografie<\/p>\n<\/div><\/div><div class=\"wpb_text_column\"><div class=\"wpb_wrapper\"><div class=\"team\">\n\t<img decoding=\"async\" src=\"https:\/\/boomandsmart.com\/wp-content\/themes\/boomsmart\/img\/team\/team.jpg\" usemap=\"#image-map\" hidefocus=\"true\" class=\"map\">\n\n\t<map name=\"image-map\">\n\t\t<area id=\"kochan-open\" coords=\"25,302,30,268,69,247,82,215,57,158,59,71,77,47,115,47,154,71,172,126,157,195,191,232,182,268,175,323,172,373,161,437,161,495,156,560,183,592,199,641,201,705,191,734,30,731,6,634,4,545,22,474,14,389\" shape=\"poly\" class=\"tooltip\" data-tooltip-content=\"#tooltipContent-kochan\" tabindex=\"-1\">\n\t\t<area id=\"barkova-open\" coords=\"191,239,232,221,259,77,285,39,343,45,377,124,411,208,403,234,340,260,325,350,314,436,307,497,322,568,349,628,378,681,388,729,201,728,211,673,199,621,183,581,162,558,169,447\" shape=\"poly\" class=\"tooltip\" data-tooltip-content=\"#tooltipContent-barkova\" tabindex=\"-1\">\n\t\t<area id=\"gemes-open\" coords=\"341,265,425,224,459,190,449,161,443,129,446,63,482,39,530,32,569,56,575,116,575,153,561,195,561,223,630,248,635,319,622,418,616,487,621,539,663,571,680,626,635,684,617,726,391,724,380,676,340,599,312,513\" shape=\"poly\" class=\"tooltip open-modal--gemes\" data-tooltip-content=\"#tooltipContent-gemes\" tabindex=\"-1\">\n\t\t<area id=\"tavaciakova-open\" coords=\"632,244,656,219,656,105,680,60,719,47,766,79,777,136,763,202,766,237,790,260,780,337,784,395,795,447,771,491,738,553,763,608,769,653,798,736,627,728,682,628,661,565,625,539,622,471\" shape=\"poly\" class=\"tooltip\" data-tooltip-content=\"#tooltipContent-tavaciakova\" tabindex=\"-1\">\n\t\t<area id=\"vilhan-open\" coords=\"829,50,863,26,916,35,942,76,945,129,929,165,939,203,987,232,948,319,919,387,935,424,976,439,995,439,979,524,979,610,956,728,803,733,769,634,763,597,748,557,800,452,785,357,792,284,798,245,835,218,843,187,827,152,811,121\" shape=\"poly\" class=\"tooltip\" data-tooltip-content=\"#tooltipContent-vilhan\" tabindex=\"-1\">\n\t\t<area id=\"filipova-open\" coords=\"926,371,958,311,998,229,1001,179,1008,108,1039,26,1111,8,1163,45,1181,102,1182,160,1197,195,1218,219,1216,318,1198,387,1187,439,1202,532,1200,673,1194,729,979,724,990,623,985,526,1000,431,926,420\" shape=\"poly\" class=\"tooltip\" data-tooltip-content=\"#tooltipContent-filipova\" tabindex=\"-1\">\n\t\t<area id=\"kaduchova-open\" coords=\"1216,190,1234,73,1269,24,1331,32,1365,90,1373,157,1381,207,1428,224,1450,295,1490,420,1490,445,1439,482,1460,568,1486,731,1210,729,1203,628,1208,516,1194,440,1218,352,1226,269,1224,228\" shape=\"poly\" class=\"tooltip\" data-tooltip-content=\"#tooltipContent-kaduchova\" tabindex=\"-1\">\n\t\t<area id=\"dobrikova-open\" coords=\"1408,208,1442,100,1486,71,1531,76,1565,148,1565,231,1594,274,1621,337,1644,403,1655,460,1607,482,1594,558,1599,639,1603,726,1492,731,1470,581,1445,489,1489,450,1494,405,1471,326,1444,265,1437,226\" shape=\"poly\" class=\"tooltip\" data-tooltip-content=\"#tooltipContent-dobrikova\" tabindex=\"-1\">\n\t\t<area id=\"nikoliny-open\" coords=\"1594,263,1624,194,1641,90,1678,48,1726,60,1763,115,1771,169,1775,228,1804,250,1818,281,1812,339,1766,444,1766,547,1750,729,1610,737,1600,516,1645,458,1644,400\" shape=\"poly\" class=\"tooltip\" data-tooltip-content=\"#tooltipContent-nikoliny\" tabindex=\"-1\">\n\t<\/map>\n\n\t<div class=\"tooltip_templates\" style=\"display: none;\">\n\t\t<span id=\"tooltipContent-gemes\" class=\"team-tooltip\">\n\t\t\t<p class=\"name\">JUDr. Mat\u00fa\u0161 G\u00e9me\u0161<\/p>\n\t\t\t<p>Founder |  Managing partner<\/p>\n\t\t<\/span>\n\n\t\t<span id=\"tooltipContent-filipova\" class=\"team-tooltip\">\n\t\t\t<p class=\"name\">JUDr. Martina Filipov\u00e1, PhD.<\/p>\n\t\t\t<p>Managing Partner<\/p>\n\t\t<\/span>\n\n\t\t<span id=\"tooltipContent-barkova\" class=\"team-tooltip\">\n\t\t\t<p class=\"name\">JUDr. Veronika Barkov\u00e1, PhD.<\/p>\n\t\t\t<p>Advok\u00e1tka<\/p>\n\t\t<\/span>\n\n\t\t<span id=\"tooltipContent-vilhan\" class=\"team-tooltip\">\n\t\t\t<p class=\"name\">JUDr. Andrej Vilhan<\/p>\n\t\t\t<p>Advok\u00e1t<\/p>\n\t\t<\/span>\n\n\t\t<span id=\"tooltipContent-kaduchova\" class=\"team-tooltip\">\n\t\t\t<p class=\"name\">JUDr. Ing. Katar\u00edna Kad\u00fachov\u00e1<\/p>\n\t\t\t<p>Advok\u00e1tka<\/p>\n\t\t<\/span>\n\n\t\t<span id=\"tooltipContent-tavaciakova\" class=\"team-tooltip\">\n\t\t\t<p class=\"name\">JUDr. Zuzana Tava\u010diakov\u00e1<\/p>\n\t\t\t<p>Advok\u00e1tka<\/p>\n\t\t<\/span>\n\n\t\t<span id=\"tooltipContent-kochan\" class=\"team-tooltip\">\n\t\t\t<p class=\"name\">JUDr.  Radim Kochan, PhD.<\/p>\n\t\t\t<p>Pr\u00e1vnik<\/p>\n\t\t<\/span>\n\n\t\t<span id=\"tooltipContent-dobrikova\" class=\"team-tooltip\">\n\t\t\t<p class=\"name\">JUDr. Ivana Siegl<\/p>\n\t\t\t<p>Advok\u00e1tka<\/p>\n\t\t<\/span>\n\n\t\t<span id=\"tooltipContent-nikoliny\" class=\"team-tooltip\">\n\t\t\t<p class=\"name\">JUDr. Diana Nikoliny<\/p>\n\t\t\t<p>Advok\u00e1tsky koncipient<\/p>\n\t\t<\/span>\n\t<\/div>\n\t<\/div><div class=\"team-mobile\">\n\t\t<a href=\"\/sk\/team\/gemes\/\" class=\"person-mobile\">\n\t\t\t<img decoding=\"async\" src=\"https:\/\/boomandsmart.com\/wp-content\/uploads\/2020\/07\/gemes-mobile.png\">\n\t\t\t<p class=\"name\">JUDr. Mat\u00fa\u0161 G\u00e9me\u0161<\/p>\n\t\t\t<p>Founder |  Managing partner<\/p>\n\t\t<\/a>\n\n\t\t<a href=\"\/sk\/team\/filipova\/\" class=\"person-mobile\">\n\t\t\t<img decoding=\"async\" src=\"https:\/\/boomandsmart.com\/wp-content\/uploads\/2020\/07\/mob-filipova.png\">\n\t\t\t<p class=\"name\">JUDr. Martina Filipov\u00e1, PhD.<\/p>\n\t\t\t<p>Managing Partner<\/p>\n\t\t<\/a>\n\n\t\t<a href=\"\/sk\/team\/barkova\/\" class=\"person-mobile\">\n\t\t\t<img decoding=\"async\" src=\"https:\/\/boomandsmart.com\/wp-content\/uploads\/2020\/07\/mob-barkova.png\">\n\t\t\t<p class=\"name\">JUDr. Veronika Barkov\u00e1, PhD.<\/p>\n\t\t\t<p>Advok\u00e1tka<\/p>\n\t\t<\/a>\n\n\t\t<a href=\"\/sk\/team\/vilhan\/\" class=\"person-mobile\">\n\t\t\t<img decoding=\"async\" src=\"https:\/\/boomandsmart.com\/wp-content\/uploads\/2020\/07\/mob-vilhan.png\">\n\t\t\t<p class=\"name\">JUDr. Andrej Vilhan<\/p>\n\t\t\t<p>Advok\u00e1t<\/p>\n\t\t<\/a>\n\n\t\t<a href=\"\/sk\/team\/kaduchova\/\" class=\"person-mobile\">\n\t\t\t<img decoding=\"async\" src=\"https:\/\/boomandsmart.com\/wp-content\/uploads\/2020\/07\/mob-kaduchova.png\">\n\t\t\t<p class=\"name\">JUDr. Ing. Katar\u00edna Kad\u00fachov\u00e1<\/p>\n\t\t\t<p>Advok\u00e1tka<\/p>\n\t\t<\/a>\n\n\t\t<a href=\"\/sk\/team\/tavaciakova\/\" class=\"person-mobile\">\n\t\t\t<img decoding=\"async\" src=\"https:\/\/boomandsmart.com\/wp-content\/uploads\/2020\/07\/mob-tavaciakova.png\">\n\t\t\t<p class=\"name\">JUDr. Zuzana Tava\u010diakov\u00e1<\/p>\n\t\t\t<p>Advok\u00e1tka<\/p>\n\t\t<\/a>\n\n\t\t<a href=\"\/sk\/team\/kochan\/\" class=\"person-mobile\">\n\t\t\t<img decoding=\"async\" src=\"https:\/\/boomandsmart.com\/wp-content\/uploads\/2020\/07\/mob-kochan.png\">\n\t\t\t<p class=\"name\">JUDr.  Radim Kochan, PhD.<\/p>\n\t\t\t<p>Pr\u00e1vnik<\/p>\n\t\t<\/a>\n\n\t\t<a href=\"\/sk\/team\/dobrikova\/\" class=\"person-mobile\">\n\t\t\t<img decoding=\"async\" src=\"https:\/\/boomandsmart.com\/wp-content\/uploads\/2020\/07\/mob-dobrikova.png\">\n\t\t\t<p class=\"name\">JUDr. Ivana Siegl<\/p>\n\t\t\t<p>Advok\u00e1tka<\/p>\n\t\t<\/a>\n\n\t\t<a href=\"\/sk\/team\/nikoliny\/\" class=\"person-mobile\">\n\t\t\t<img decoding=\"async\" src=\"https:\/\/boomandsmart.com\/wp-content\/uploads\/2023\/09\/mob-nikoliny.png\">\n\t\t\t<p class=\"name\">JUDr. Diana Nikoliny<\/p>\n\t\t\t<p>Advok\u00e1tsky koncipient<\/p>\n\t\t<\/a>\n\t<\/div>\n\t\n<\/div><\/div><\/div><\/div><\/div><\/div><\/div><\/section>\n","protected":false},"excerpt":{"rendered":"20 rokov odborn\u00fdch sk\u00fasenost\u00ed. Pr\u00edstup orientovan\u00fd na rie\u0161enie. Osved\u010den\u00e1 spolo\u010dnos\u0165. BOOM &amp; SMART tvor\u00ed t\u00edm vysoko kvalifikovan\u00fdch \u010dlenov, ktor\u00fdch pr\u00edstup je zameran\u00fd na rie\u0161enie probl\u00e9mu. Na\u0161e hlbok\u00e9 znalosti eur\u00f3pskych predpisov a miestnych z\u00e1konov, ako aj viac ako 20-ro\u010dn\u00e9 sk\u00fasenosti v poskytovan\u00ed pr\u00e1vnych slu\u017eieb z n\u00e1s robia stabiln\u00fa advok\u00e1tsku kancel\u00e1riu. Staviame na poskytovan\u00ed pr\u00e1vnych slu\u017eieb vysok\u00e9ho...","protected":false},"author":3,"featured_media":0,"parent":0,"menu_order":0,"comment_status":"closed","ping_status":"closed","template":"","meta":{"inline_featured_image":false,"footnotes":""},"class_list":["post-1212","page","type-page","status-publish","hentry"],"yoast_head":"<title>T\u00edm - BOOM &amp; SMART<\/title>\n<meta name=\"description\" content=\"Our in-depth knowledge of European laws and local legislation, as well as 20 years of experience in the field of providing legal services, has proven us to be a well-established law firm. We thrive on delivering high quality services and client satisfaction, therefore continuously growing in our specialization.\" \/>\n<meta name=\"robots\" content=\"index, follow, max-snippet:-1, max-image-preview:large, max-video-preview:-1\" \/>\n<link rel=\"canonical\" href=\"https:\/\/boomandsmart.com\/sk\/tim\/\" \/>\n<meta property=\"og:locale\" content=\"sk_SK\" \/>\n<meta property=\"og:type\" content=\"article\" \/>\n<meta property=\"og:title\" content=\"T\u00edm - BOOM &amp; SMART\" \/>\n<meta property=\"og:description\" content=\"Our in-depth knowledge of European laws and local legislation, as well as 20 years of experience in the field of providing legal services, has proven us to be a well-established law firm. We thrive on delivering high quality services and client satisfaction, therefore continuously growing in our specialization.\" \/>\n<meta property=\"og:url\" content=\"https:\/\/boomandsmart.com\/sk\/tim\/\" \/>\n<meta property=\"og:site_name\" content=\"BOOM &amp; SMART\" \/>\n<meta property=\"article:modified_time\" content=\"2023-12-04T20:27:05+00:00\" \/>\n<meta name=\"twitter:card\" content=\"summary_large_image\" \/>\n<meta name=\"twitter:label1\" content=\"Predpokladan\u00fd \u010das \u010d\u00edtania\" \/>\n\t<meta name=\"twitter:data1\" content=\"1 min\u00fata\" \/>\n<script type=\"application\/ld+json\" class=\"yoast-schema-graph\">{\"@context\":\"https:\/\/schema.org\",\"@graph\":[{\"@type\":\"WebPage\",\"@id\":\"https:\/\/boomandsmart.com\/sk\/tim\/\",\"url\":\"https:\/\/boomandsmart.com\/sk\/tim\/\",\"name\":\"T\u00edm - BOOM &amp; SMART\",\"isPartOf\":{\"@id\":\"https:\/\/boomandsmart.com\/#website\"},\"datePublished\":\"2020-06-15T19:18:57+00:00\",\"dateModified\":\"2023-12-04T20:27:05+00:00\",\"description\":\"Our in-depth knowledge of European laws and local legislation, as well as 20 years of experience in the field of providing legal services, has proven us to be a well-established law firm. We thrive on delivering high quality services and client satisfaction, therefore continuously growing in our specialization.\",\"breadcrumb\":{\"@id\":\"https:\/\/boomandsmart.com\/sk\/tim\/#breadcrumb\"},\"inLanguage\":\"sk-SK\",\"potentialAction\":[{\"@type\":\"ReadAction\",\"target\":[\"https:\/\/boomandsmart.com\/sk\/tim\/\"]}]},{\"@type\":\"BreadcrumbList\",\"@id\":\"https:\/\/boomandsmart.com\/sk\/tim\/#breadcrumb\",\"itemListElement\":[{\"@type\":\"ListItem\",\"position\":1,\"name\":\"Home\",\"item\":\"https:\/\/boomandsmart.com\/sk\/\"},{\"@type\":\"ListItem\",\"position\":2,\"name\":\"T\u00edm\"}]},{\"@type\":\"WebSite\",\"@id\":\"https:\/\/boomandsmart.com\/#website\",\"url\":\"https:\/\/boomandsmart.com\/\",\"name\":\"BOOM &amp; SMART\",\"description\":\"\",\"potentialAction\":[{\"@type\":\"SearchAction\",\"target\":{\"@type\":\"EntryPoint\",\"urlTemplate\":\"https:\/\/boomandsmart.com\/?s={search_term_string}\"},\"query-input\":{\"@type\":\"PropertyValueSpecification\",\"valueRequired\":true,\"valueName\":\"search_term_string\"}}],\"inLanguage\":\"sk-SK\"}]}<\/script>","yoast_head_json":{"title":"T\u00edm - BOOM &amp; SMART","description":"Our in-depth knowledge of European laws and local legislation, as well as 20 years of experience in the field of providing legal services, has proven us to be a well-established law firm. We thrive on delivering high quality services and client satisfaction, therefore continuously growing in our specialization.","robots":{"index":"index","follow":"follow","max-snippet":"max-snippet:-1","max-image-preview":"max-image-preview:large","max-video-preview":"max-video-preview:-1"},"canonical":"https:\/\/boomandsmart.com\/sk\/tim\/","og_locale":"sk_SK","og_type":"article","og_title":"T\u00edm - BOOM &amp; SMART","og_description":"Our in-depth knowledge of European laws and local legislation, as well as 20 years of experience in the field of providing legal services, has proven us to be a well-established law firm. We thrive on delivering high quality services and client satisfaction, therefore continuously growing in our specialization.","og_url":"https:\/\/boomandsmart.com\/sk\/tim\/","og_site_name":"BOOM &amp; SMART","article_modified_time":"2023-12-04T20:27:05+00:00","twitter_card":"summary_large_image","twitter_misc":{"Predpokladan\u00fd \u010das \u010d\u00edtania":"1 min\u00fata"},"schema":{"@context":"https:\/\/schema.org","@graph":[{"@type":"WebPage","@id":"https:\/\/boomandsmart.com\/sk\/tim\/","url":"https:\/\/boomandsmart.com\/sk\/tim\/","name":"T\u00edm - BOOM &amp; SMART","isPartOf":{"@id":"https:\/\/boomandsmart.com\/#website"},"datePublished":"2020-06-15T19:18:57+00:00","dateModified":"2023-12-04T20:27:05+00:00","description":"Our in-depth knowledge of European laws and local legislation, as well as 20 years of experience in the field of providing legal services, has proven us to be a well-established law firm. We thrive on delivering high quality services and client satisfaction, therefore continuously growing in our specialization.","breadcrumb":{"@id":"https:\/\/boomandsmart.com\/sk\/tim\/#breadcrumb"},"inLanguage":"sk-SK","potentialAction":[{"@type":"ReadAction","target":["https:\/\/boomandsmart.com\/sk\/tim\/"]}]},{"@type":"BreadcrumbList","@id":"https:\/\/boomandsmart.com\/sk\/tim\/#breadcrumb","itemListElement":[{"@type":"ListItem","position":1,"name":"Home","item":"https:\/\/boomandsmart.com\/sk\/"},{"@type":"ListItem","position":2,"name":"T\u00edm"}]},{"@type":"WebSite","@id":"https:\/\/boomandsmart.com\/#website","url":"https:\/\/boomandsmart.com\/","name":"BOOM &amp; SMART","description":"","potentialAction":[{"@type":"SearchAction","target":{"@type":"EntryPoint","urlTemplate":"https:\/\/boomandsmart.com\/?s={search_term_string}"},"query-input":{"@type":"PropertyValueSpecification","valueRequired":true,"valueName":"search_term_string"}}],"inLanguage":"sk-SK"}]}},"_links":{"self":[{"href":"https:\/\/boomandsmart.com\/sk\/wp-json\/wp\/v2\/pages\/1212","targetHints":{"allow":["GET"]}}],"collection":[{"href":"https:\/\/boomandsmart.com\/sk\/wp-json\/wp\/v2\/pages"}],"about":[{"href":"https:\/\/boomandsmart.com\/sk\/wp-json\/wp\/v2\/types\/page"}],"author":[{"embeddable":true,"href":"https:\/\/boomandsmart.com\/sk\/wp-json\/wp\/v2\/users\/3"}],"replies":[{"embeddable":true,"href":"https:\/\/boomandsmart.com\/sk\/wp-json\/wp\/v2\/comments?post=1212"}],"version-history":[{"count":2,"href":"https:\/\/boomandsmart.com\/sk\/wp-json\/wp\/v2\/pages\/1212\/revisions"}],"predecessor-version":[{"id":1215,"href":"https:\/\/boomandsmart.com\/sk\/wp-json\/wp\/v2\/pages\/1212\/revisions\/1215"}],"wp:attachment":[{"href":"https:\/\/boomandsmart.com\/sk\/wp-json\/wp\/v2\/media?parent=1212"}],"curies":[{"name":"wp","href":"https:\/\/api.w.org\/{rel}","templated":true}]}}