{"id":1216,"date":"2020-06-15T21:57:32","date_gmt":"2020-06-15T19:57:32","guid":{"rendered":"https:\/\/boomandsmart.com\/contact\/"},"modified":"2025-05-14T21:41:32","modified_gmt":"2025-05-14T19:41:32","slug":"kontakt","status":"publish","type":"page","link":"https:\/\/boomandsmart.com\/sk\/kontakt\/","title":{"rendered":"Kontakt"},"content":{"rendered":"<section class=\"l-section wpb_row height_medium\"><div class=\"l-section-h i-cf\"><div class=\"g-cols vc_row via_flex valign_top type_default stacking_default\"><div class=\"vc_col-sm-12 vc_col-lg-12 wpb_column vc_column_container\"><div class=\"vc_column-inner\"><div class=\"wpb_wrapper\"><div class=\"g-cols wpb_row us_custom_69c073c8 via_flex valign_top type_default stacking_default\"><div class=\"vc_col-sm-12 wpb_column vc_column_container us_animate_fade\"><div class=\"vc_column-inner\"><div class=\"wpb_wrapper\"><div class=\"wpb_text_column quote-no-graphic\"><div class=\"wpb_wrapper\"><p class=\"styles-section-title styles-selector\" style=\"text-align: center;\">Kontakt<\/p>\n<\/div><\/div><\/div><\/div><\/div><\/div><div class=\"g-cols wpb_row via_flex valign_top type_default stacking_default\"><div class=\"vc_col-sm-3 vc_col-lg-3 vc_col-md-6 vc_col-xs-12 wpb_column vc_column_container\"><div class=\"vc_column-inner us_custom_a518f36e us_animate_this\"><div class=\"wpb_wrapper\"><div class=\"wpb_text_column subtitle\"><div class=\"wpb_wrapper\"><h5 class=\"contact-info\"><span style=\"color: #000;\"><strong>Telef\u00f3n<\/strong><\/span><br \/>\n<span style=\"color: #4c4c4c;\">+421 48 41536 27<\/span><br \/>\n<span style=\"color: #4c4c4c;\">+421 48 41536 26<\/span><br \/>\n<span style=\"color: #000;\"><strong>Fax<\/strong><\/span><br \/>\n<span style=\"color: #4c4c4c;\">+421 48 415 36 30<\/span><br \/>\n<span style=\"color: #000;\"><strong>E-mail<\/strong><\/span><br \/>\n<a href=\"mailto:office@boomandsmart.com\">office@boomandsmart.com<\/a><\/h5>\n<\/div><\/div><\/div><\/div><\/div><div class=\"vc_col-sm-3 vc_col-lg-3 vc_col-md-6 vc_col-xs-12 wpb_column vc_column_container\"><div class=\"vc_column-inner us_custom_d89fe7f6 us_animate_this\"><div class=\"wpb_wrapper\"><div class=\"wpb_text_column subtitle\"><div class=\"wpb_wrapper\"><p><strong>Slovensko<\/strong><\/p>\n<p>BOOM &amp; SMART Slovakia<br \/>\ns\u00eddlo<br \/>\nMostov\u00e1 2, 811 02 Bratislava<br \/>\nSlovensko<\/p>\n<p>I\u010cO: 53 096 428<br \/>\nDI\u010c: 4120218652<br \/>\nReg: MS BA III, odd: Po, vl. \u010d. 9013\/B<\/p>\n<p>BOOM &amp; SMART Slovakia<br \/>\npracovisko<br \/>\nDoln\u00e1 6A, 974 01 Bansk\u00e1 Bystrica<br \/>\nSlovensko<\/p>\n<p><a href=\"https:\/\/www.google.com\/maps\/dir\/\/Mostov%C3%A1+2,+811+02+Bratislava\/@48.1410172,17.1069375,17z\/data=!4m9!4m8!1m0!1m5!1m1!1s0x476c8938ce2bad6b:0x74f2152bba01412f!2m2!1d17.1095124!2d48.1410136!3e0?entry=ttu _blank\" target=\"_blank\" rel=\"noopener\">Navigova\u0165<\/a><\/p>\n<\/div><\/div><\/div><\/div><\/div><div class=\"vc_col-sm-3 vc_col-lg-3 vc_col-md-6 vc_col-xs-12 wpb_column vc_column_container\"><div class=\"vc_column-inner us_custom_302a2db5 us_animate_this\"><div class=\"wpb_wrapper\"><div class=\"wpb_text_column subtitle\"><div class=\"wpb_wrapper\"><p><strong>Liechtenstein<\/strong><\/p>\n<p>Advocatur G\u00e9me\u0161, Filipov\u00e1 &amp; Partner A.G.<br \/>\nSt\u00e4dtle 17, 9490, Vaduz, Liechtenstein<\/p>\n<p>Reg.: Amt F\u00fcr Justiz F\u00fcrstentum<br \/>\nLiechtenstein Handelsregister<\/p>\n<p>Reg. No.: FL-0002.539.075-9<\/p>\n<p><a href=\"https:\/\/www.google.com\/maps\/dir\/\/St%C3%A4dtle+17,+9490+Vaduz,+Liechtenstein\/@47.1404924,9.520305,17z\/data=!4m9!4m8!1m0!1m5!1m1!1s0x479b315d3a11da0d:0xecf6165cb13b8751!2m2!1d9.5228799!2d47.1404888!3e0?entry=ttu _blank\" target=\"_blank\" rel=\"noopener\">Navigova\u0165<\/a><\/p>\n<\/div><\/div><\/div><\/div><\/div><div class=\"vc_col-sm-3 wpb_column vc_column_container\"><div class=\"vc_column-inner us_custom_f1a4f275 us_animate_this\"><div class=\"wpb_wrapper\"><div class=\"wpb_text_column subtitle\"><div class=\"wpb_wrapper\"><p><strong>\u010cesk\u00e1 republika<\/strong><\/p>\n<p>BOOM &amp; SMART Czechia s.r.o.<\/p>\n<p>S\u00eddlo<br \/>\nVln\u011bna 526\/5, Trnit\u00e1, 602 00 Brno<br \/>\n\u010cesk\u00e1 republika<\/p>\n<p>I\u010cO: 226 42 307<\/p>\n<p>Reg: KS v Brn\u011b, odd C, vl. \u010d. 143567<\/p>\n<p><a href=\"https:\/\/www.google.com\/maps\/dir\/\/Vln%C4%9Bna+526%2F5,+602+00+Brno-st%C5%99ed,+%C4%8Cesko\/@49.1894141,16.6148151,17z\/data=!4m9!4m8!1m0!1m5!1m1!1s0x471294fed38a88a9:0x3b1756de18ce831e!2m2!1d16.61739!2d49.1894106!3e0?entry=ttu&amp;g_ep=EgoyMDI1MDUxMi4wIKXMDSoASAFQAw%3D%3D\" target=\"_blank\" rel=\"noopener\">Navigova\u0165<\/a><\/p>\n<\/div><\/div><\/div><\/div><\/div><\/div><\/div><\/div><\/div><\/div><\/div><\/section><section class=\"l-section wpb_row us_custom_bacdb54f height_auto width_full\" id=\"mapa\"><div class=\"l-section-h i-cf\"><div class=\"g-cols vc_row via_flex valign_top type_default stacking_default\"><div class=\"vc_col-sm-12 wpb_column vc_column_container us_animate_fade stretched\"><div class=\"vc_column-inner\"><div class=\"wpb_wrapper\"><div class=\"w-image align_center\"><div class=\"w-image-h\"><img decoding=\"async\" width=\"1900\" height=\"1120\" src=\"https:\/\/boomandsmart.com\/wp-content\/uploads\/2025\/05\/map.jpg\" class=\"attachment-full size-full\" alt=\"\" loading=\"lazy\" srcset=\"https:\/\/boomandsmart.com\/wp-content\/uploads\/2025\/05\/map.jpg 1900w, https:\/\/boomandsmart.com\/wp-content\/uploads\/2025\/05\/map-300x177.jpg 300w, https:\/\/boomandsmart.com\/wp-content\/uploads\/2025\/05\/map-1024x604.jpg 1024w, https:\/\/boomandsmart.com\/wp-content\/uploads\/2025\/05\/map-320x189.jpg 320w\" sizes=\"auto, (max-width: 1900px) 100vw, 1900px\" \/><\/div><\/div><\/div><\/div><\/div><\/div><\/div><\/section><section class=\"l-section wpb_row us_custom_4af741be height_medium\" id=\"mapa-mobile\"><div class=\"l-section-h i-cf\"><div class=\"g-cols vc_row via_flex valign_top type_default stacking_default\"><div class=\"vc_col-sm-12 wpb_column vc_column_container stretched\"><div class=\"vc_column-inner\"><div class=\"wpb_wrapper\"><div class=\"w-image align_none\"><div class=\"w-image-h\"><img decoding=\"async\" width=\"1900\" height=\"1120\" src=\"https:\/\/boomandsmart.com\/wp-content\/uploads\/2025\/05\/map.jpg\" class=\"attachment-full size-full\" alt=\"\" loading=\"lazy\" srcset=\"https:\/\/boomandsmart.com\/wp-content\/uploads\/2025\/05\/map.jpg 1900w, https:\/\/boomandsmart.com\/wp-content\/uploads\/2025\/05\/map-300x177.jpg 300w, https:\/\/boomandsmart.com\/wp-content\/uploads\/2025\/05\/map-1024x604.jpg 1024w, https:\/\/boomandsmart.com\/wp-content\/uploads\/2025\/05\/map-320x189.jpg 320w\" sizes=\"auto, (max-width: 1900px) 100vw, 1900px\" \/><\/div><\/div><\/div><\/div><\/div><\/div><\/div><\/section>\n","protected":false},"excerpt":{"rendered":"Kontakt Telef\u00f3n +421 48 41536 27 +421 48 41536 26 Fax +421 48 415 36 30 E-mail office@boomandsmart.com Slovensko BOOM &amp; SMART Slovakia s\u00eddlo Mostov\u00e1 2, 811 02 Bratislava Slovensko I\u010cO: 53 096 428 DI\u010c: 4120218652 Reg: MS BA III, odd: Po, vl. \u010d. 9013\/B BOOM &amp; SMART Slovakia pracovisko Doln\u00e1 6A, 974 01 Bansk\u00e1...","protected":false},"author":3,"featured_media":0,"parent":0,"menu_order":0,"comment_status":"closed","ping_status":"closed","template":"","meta":{"inline_featured_image":false,"footnotes":""},"class_list":["post-1216","page","type-page","status-publish","hentry"],"yoast_head":"<title>Kontakt - BOOM &amp; SMART<\/title>\n<meta name=\"robots\" content=\"index, follow, max-snippet:-1, max-image-preview:large, max-video-preview:-1\" \/>\n<link rel=\"canonical\" href=\"https:\/\/boomandsmart.com\/sk\/kontakt\/\" \/>\n<meta property=\"og:locale\" content=\"sk_SK\" \/>\n<meta property=\"og:type\" content=\"article\" \/>\n<meta property=\"og:title\" content=\"Kontakt - BOOM &amp; SMART\" \/>\n<meta property=\"og:url\" content=\"https:\/\/boomandsmart.com\/sk\/kontakt\/\" \/>\n<meta property=\"og:site_name\" content=\"BOOM &amp; SMART\" \/>\n<meta property=\"article:modified_time\" content=\"2025-05-14T19:41:32+00:00\" \/>\n<meta name=\"twitter:card\" content=\"summary_large_image\" \/>\n<meta name=\"twitter:label1\" content=\"Predpokladan\u00fd \u010das \u010d\u00edtania\" \/>\n\t<meta name=\"twitter:data1\" content=\"1 min\u00fata\" \/>\n<script type=\"application\/ld+json\" class=\"yoast-schema-graph\">{\"@context\":\"https:\/\/schema.org\",\"@graph\":[{\"@type\":\"WebPage\",\"@id\":\"https:\/\/boomandsmart.com\/sk\/kontakt\/\",\"url\":\"https:\/\/boomandsmart.com\/sk\/kontakt\/\",\"name\":\"Kontakt - BOOM &amp; SMART\",\"isPartOf\":{\"@id\":\"https:\/\/boomandsmart.com\/#website\"},\"datePublished\":\"2020-06-15T19:57:32+00:00\",\"dateModified\":\"2025-05-14T19:41:32+00:00\",\"breadcrumb\":{\"@id\":\"https:\/\/boomandsmart.com\/sk\/kontakt\/#breadcrumb\"},\"inLanguage\":\"sk-SK\",\"potentialAction\":[{\"@type\":\"ReadAction\",\"target\":[\"https:\/\/boomandsmart.com\/sk\/kontakt\/\"]}]},{\"@type\":\"BreadcrumbList\",\"@id\":\"https:\/\/boomandsmart.com\/sk\/kontakt\/#breadcrumb\",\"itemListElement\":[{\"@type\":\"ListItem\",\"position\":1,\"name\":\"Home\",\"item\":\"https:\/\/boomandsmart.com\/sk\/\"},{\"@type\":\"ListItem\",\"position\":2,\"name\":\"Kontakt\"}]},{\"@type\":\"WebSite\",\"@id\":\"https:\/\/boomandsmart.com\/#website\",\"url\":\"https:\/\/boomandsmart.com\/\",\"name\":\"BOOM &amp; SMART\",\"description\":\"\",\"potentialAction\":[{\"@type\":\"SearchAction\",\"target\":{\"@type\":\"EntryPoint\",\"urlTemplate\":\"https:\/\/boomandsmart.com\/?s={search_term_string}\"},\"query-input\":{\"@type\":\"PropertyValueSpecification\",\"valueRequired\":true,\"valueName\":\"search_term_string\"}}],\"inLanguage\":\"sk-SK\"}]}<\/script>","yoast_head_json":{"title":"Kontakt - BOOM &amp; SMART","robots":{"index":"index","follow":"follow","max-snippet":"max-snippet:-1","max-image-preview":"max-image-preview:large","max-video-preview":"max-video-preview:-1"},"canonical":"https:\/\/boomandsmart.com\/sk\/kontakt\/","og_locale":"sk_SK","og_type":"article","og_title":"Kontakt - BOOM &amp; SMART","og_url":"https:\/\/boomandsmart.com\/sk\/kontakt\/","og_site_name":"BOOM &amp; SMART","article_modified_time":"2025-05-14T19:41:32+00:00","twitter_card":"summary_large_image","twitter_misc":{"Predpokladan\u00fd \u010das \u010d\u00edtania":"1 min\u00fata"},"schema":{"@context":"https:\/\/schema.org","@graph":[{"@type":"WebPage","@id":"https:\/\/boomandsmart.com\/sk\/kontakt\/","url":"https:\/\/boomandsmart.com\/sk\/kontakt\/","name":"Kontakt - BOOM &amp; SMART","isPartOf":{"@id":"https:\/\/boomandsmart.com\/#website"},"datePublished":"2020-06-15T19:57:32+00:00","dateModified":"2025-05-14T19:41:32+00:00","breadcrumb":{"@id":"https:\/\/boomandsmart.com\/sk\/kontakt\/#breadcrumb"},"inLanguage":"sk-SK","potentialAction":[{"@type":"ReadAction","target":["https:\/\/boomandsmart.com\/sk\/kontakt\/"]}]},{"@type":"BreadcrumbList","@id":"https:\/\/boomandsmart.com\/sk\/kontakt\/#breadcrumb","itemListElement":[{"@type":"ListItem","position":1,"name":"Home","item":"https:\/\/boomandsmart.com\/sk\/"},{"@type":"ListItem","position":2,"name":"Kontakt"}]},{"@type":"WebSite","@id":"https:\/\/boomandsmart.com\/#website","url":"https:\/\/boomandsmart.com\/","name":"BOOM &amp; SMART","description":"","potentialAction":[{"@type":"SearchAction","target":{"@type":"EntryPoint","urlTemplate":"https:\/\/boomandsmart.com\/?s={search_term_string}"},"query-input":{"@type":"PropertyValueSpecification","valueRequired":true,"valueName":"search_term_string"}}],"inLanguage":"sk-SK"}]}},"_links":{"self":[{"href":"https:\/\/boomandsmart.com\/sk\/wp-json\/wp\/v2\/pages\/1216","targetHints":{"allow":["GET"]}}],"collection":[{"href":"https:\/\/boomandsmart.com\/sk\/wp-json\/wp\/v2\/pages"}],"about":[{"href":"https:\/\/boomandsmart.com\/sk\/wp-json\/wp\/v2\/types\/page"}],"author":[{"embeddable":true,"href":"https:\/\/boomandsmart.com\/sk\/wp-json\/wp\/v2\/users\/3"}],"replies":[{"embeddable":true,"href":"https:\/\/boomandsmart.com\/sk\/wp-json\/wp\/v2\/comments?post=1216"}],"version-history":[{"count":10,"href":"https:\/\/boomandsmart.com\/sk\/wp-json\/wp\/v2\/pages\/1216\/revisions"}],"predecessor-version":[{"id":1625,"href":"https:\/\/boomandsmart.com\/sk\/wp-json\/wp\/v2\/pages\/1216\/revisions\/1625"}],"wp:attachment":[{"href":"https:\/\/boomandsmart.com\/sk\/wp-json\/wp\/v2\/media?parent=1216"}],"curies":[{"name":"wp","href":"https:\/\/api.w.org\/{rel}","templated":true}]}}