{"id":1219,"date":"2020-07-26T22:20:08","date_gmt":"2020-07-26T20:20:08","guid":{"rendered":"https:\/\/boomandsmart.com\/tim\/barkova\/"},"modified":"2023-12-04T21:32:15","modified_gmt":"2023-12-04T20:32:15","slug":"barkova","status":"publish","type":"page","link":"https:\/\/boomandsmart.com\/sk\/tim\/barkova\/","title":{"rendered":"Barkova"},"content":{"rendered":"<section class=\"l-section wpb_row height_medium\"><div class=\"l-section-h i-cf\"><div class=\"g-cols vc_row via_flex valign_top type_default stacking_default\"><div class=\"vc_col-sm-12 wpb_column vc_column_container\"><div class=\"vc_column-inner\"><div class=\"wpb_wrapper\"><div class=\"g-cols wpb_row via_flex valign_top type_default stacking_default\"><div class=\"vc_col-sm-12 wpb_column vc_column_container us_animate_fade\"><div class=\"vc_column-inner\"><div class=\"wpb_wrapper\"><div class=\"wpb_text_column\"><div class=\"wpb_wrapper\">\n\t\t<div class=\"person-detail\">\n\t\t\t<img decoding=\"async\" src=\"https:\/\/boomandsmart.com\/wp-content\/uploads\/2020\/07\/barkova.jpg\">\n\t\t\t<p class=\"name\">JUDr. Veronika Barkov\u00e1, PhD.<\/p>\n\t\t\t<p class=\"position\">Advok\u00e1tka<\/p>\n\t\t\t<p class=\"person_detail\"><p>Veronika je advok\u00e1tka zap\u00edsan\u00e1 do zoznamu advok\u00e1tov Slovenskej advok\u00e1tskej komory. V\u010faka dlhoro\u010dnej pr\u00e1vnej praxi z\u00edskala sk\u00fasenosti v\u00a0oblasti civiln\u00e9ho pr\u00e1va, pr\u00e1va obchodn\u00fdch spolo\u010dnost\u00ed so zameran\u00edm na f\u00fazie a\u00a0akviz\u00edcie, ako aj due dilligence. V\u00a0tejto s\u00favislosti sa orientuje na transakcie s\u00a0cezhrani\u010dn\u00fdm prvkom, predaje podnikov a\u00a0ich akt\u00edv so zameran\u00edm na finan\u010dn\u00e9 a\u00a0da\u0148ov\u00e9 dopady. Osobitn\u00fa pozornos\u0165 venuje regul\u00e1ci\u00e1m v\u00a0oblasti kolekt\u00edvneho investovania a \u010dinnosti obchodn\u00edkov s cenn\u00fdmi papiermi; poskytuje pr\u00e1vnu podporu pri anal\u00fdze dodr\u017eiavania pravidiel a po\u017eiadaviek Anti-Money-Laundering a\u00a0ur\u010dovania kone\u010dn\u00fdch u\u017e\u00edvate\u013eov v\u00fdhod v\u00a0zlo\u017eit\u00fdch nadn\u00e1rodn\u00fdch \u0161trukt\u00farach.<\/p>\n<p>Veronika je znalky\u0148ou v odbore pr\u00e1vne vz\u0165ahy k cudzine, odvetvia medzin\u00e1rodn\u00e9 pr\u00e1vo s\u00fakromn\u00e9 a procesn\u00e9 a Eur\u00f3pske pr\u00e1vo, zap\u00edsan\u00e1 v zozname znalcov vedenom Ministerstvom spravodlivosti Slovenskej republiky. V\u00a0j\u00fani 2024 \u00faspe\u0161ne ukon\u010dila doktorandsk\u00e9 \u0161t\u00fadium na Pr\u00e1vnickej fakulte Univerzity Komensk\u00e9ho v\u00a0Bratislave v\u00a0programe medzin\u00e1rodn\u00e9 pr\u00e1vo.<\/p>\n<p>M\u00e1 za sebou sporov\u00fa agendu, aj zahrani\u010dn\u00fa arbitr\u00e1\u017enu prax, pr\u00e1vnym probl\u00e9mom v\u0161ak rada predch\u00e1dza, k\u00a0\u010domu jej napom\u00e1ha zmysel pre detail a\u00a0logick\u00e9 myslenie. Jej nadn\u00e1rodn\u00e1 orient\u00e1cia je zauj\u00edmav\u00e1 najm\u00e4 pre klientov uvedomuj\u00facich si rizik\u00e1 nezn\u00e1meho pr\u00e1vneho prostredia pri uzatv\u00e1ran\u00ed pr\u00e1vnych vz\u0165ahov s\u00a0medzin\u00e1rodn\u00fdm prvkom.<\/p>\n<p>Veronika je od roku 2013 \u010dlenom t\u00edmu AKMG (v s\u00fa\u010dasnosti BOOM &amp; SMART), je ved\u00facou jej organiza\u010dnej zlo\u017eky a\u00a0vedie bratislavsk\u00fa pobo\u010dku kancel\u00e1rie.<\/p>\n<p>Hovor\u00ed po slovensky a\u00a0po anglicky.<\/p>\n<p>Office: Slovakia<\/p>\n<\/p>\n\t\t<\/div>\n<\/div><\/div><\/div><\/div><\/div><\/div><div class=\"g-cols wpb_row us_custom_371e9371 via_flex valign_top type_default stacking_default\"><div class=\"vc_col-sm-12 wpb_column vc_column_container us_animate_fade\"><div class=\"vc_column-inner\"><div class=\"wpb_wrapper\"><div class=\"wpb_text_column\"><div class=\"wpb_wrapper\"><h5 style=\"text-align: center;\">Pozrite si<br \/>\n<a href=\"\/?page_id=90\">N\u00e1\u0161 t\u00edm<\/a><\/h5>\n<\/div><\/div><\/div><\/div><\/div><\/div><\/div><\/div><\/div><\/div><\/div><\/section>\n","protected":false},"excerpt":{"rendered":"JUDr. Veronika Barkov\u00e1, PhD. Advok\u00e1tka Veronika je advok\u00e1tka zap\u00edsan\u00e1 do zoznamu advok\u00e1tov Slovenskej advok\u00e1tskej komory. V\u010faka dlhoro\u010dnej pr\u00e1vnej praxi z\u00edskala sk\u00fasenosti v\u00a0oblasti civiln\u00e9ho pr\u00e1va, pr\u00e1va obchodn\u00fdch spolo\u010dnost\u00ed so zameran\u00edm na f\u00fazie a\u00a0akviz\u00edcie, ako aj due dilligence. V\u00a0tejto s\u00favislosti sa orientuje na transakcie s\u00a0cezhrani\u010dn\u00fdm prvkom, predaje podnikov a\u00a0ich akt\u00edv so zameran\u00edm na finan\u010dn\u00e9 a\u00a0da\u0148ov\u00e9 dopady. Osobitn\u00fa...","protected":false},"author":3,"featured_media":0,"parent":1212,"menu_order":0,"comment_status":"closed","ping_status":"closed","template":"","meta":{"inline_featured_image":false,"footnotes":""},"class_list":["post-1219","page","type-page","status-publish","hentry"],"yoast_head":"<title>Barkova - BOOM &amp; SMART<\/title>\n<meta name=\"robots\" content=\"index, follow, max-snippet:-1, max-image-preview:large, max-video-preview:-1\" \/>\n<link rel=\"canonical\" href=\"https:\/\/boomandsmart.com\/team\/barkova\/\" \/>\n<meta property=\"og:locale\" content=\"sk_SK\" \/>\n<meta property=\"og:type\" content=\"article\" \/>\n<meta property=\"og:title\" content=\"Barkova - BOOM &amp; SMART\" \/>\n<meta property=\"og:url\" content=\"https:\/\/boomandsmart.com\/team\/barkova\/\" \/>\n<meta property=\"og:site_name\" content=\"BOOM &amp; SMART\" \/>\n<meta property=\"article:modified_time\" content=\"2023-12-04T20:32:15+00:00\" \/>\n<meta name=\"twitter:card\" content=\"summary_large_image\" \/>\n<meta name=\"twitter:label1\" content=\"Predpokladan\u00fd \u010das \u010d\u00edtania\" \/>\n\t<meta name=\"twitter:data1\" content=\"1 min\u00fata\" \/>\n<script type=\"application\/ld+json\" class=\"yoast-schema-graph\">{\"@context\":\"https:\/\/schema.org\",\"@graph\":[{\"@type\":\"WebPage\",\"@id\":\"https:\/\/boomandsmart.com\/team\/barkova\/\",\"url\":\"https:\/\/boomandsmart.com\/team\/barkova\/\",\"name\":\"Barkova - BOOM &amp; SMART\",\"isPartOf\":{\"@id\":\"https:\/\/boomandsmart.com\/#website\"},\"datePublished\":\"2020-07-26T20:20:08+00:00\",\"dateModified\":\"2023-12-04T20:32:15+00:00\",\"breadcrumb\":{\"@id\":\"https:\/\/boomandsmart.com\/team\/barkova\/#breadcrumb\"},\"inLanguage\":\"sk-SK\",\"potentialAction\":[{\"@type\":\"ReadAction\",\"target\":[\"https:\/\/boomandsmart.com\/team\/barkova\/\"]}]},{\"@type\":\"BreadcrumbList\",\"@id\":\"https:\/\/boomandsmart.com\/team\/barkova\/#breadcrumb\",\"itemListElement\":[{\"@type\":\"ListItem\",\"position\":1,\"name\":\"Home\",\"item\":\"https:\/\/boomandsmart.com\/sk\/\"},{\"@type\":\"ListItem\",\"position\":2,\"name\":\"T\u00edm\",\"item\":\"https:\/\/boomandsmart.com\/sk\/tim\/\"},{\"@type\":\"ListItem\",\"position\":3,\"name\":\"Barkova\"}]},{\"@type\":\"WebSite\",\"@id\":\"https:\/\/boomandsmart.com\/#website\",\"url\":\"https:\/\/boomandsmart.com\/\",\"name\":\"BOOM &amp; SMART\",\"description\":\"\",\"potentialAction\":[{\"@type\":\"SearchAction\",\"target\":{\"@type\":\"EntryPoint\",\"urlTemplate\":\"https:\/\/boomandsmart.com\/?s={search_term_string}\"},\"query-input\":{\"@type\":\"PropertyValueSpecification\",\"valueRequired\":true,\"valueName\":\"search_term_string\"}}],\"inLanguage\":\"sk-SK\"}]}<\/script>","yoast_head_json":{"title":"Barkova - BOOM &amp; SMART","robots":{"index":"index","follow":"follow","max-snippet":"max-snippet:-1","max-image-preview":"max-image-preview:large","max-video-preview":"max-video-preview:-1"},"canonical":"https:\/\/boomandsmart.com\/team\/barkova\/","og_locale":"sk_SK","og_type":"article","og_title":"Barkova - BOOM &amp; SMART","og_url":"https:\/\/boomandsmart.com\/team\/barkova\/","og_site_name":"BOOM &amp; SMART","article_modified_time":"2023-12-04T20:32:15+00:00","twitter_card":"summary_large_image","twitter_misc":{"Predpokladan\u00fd \u010das \u010d\u00edtania":"1 min\u00fata"},"schema":{"@context":"https:\/\/schema.org","@graph":[{"@type":"WebPage","@id":"https:\/\/boomandsmart.com\/team\/barkova\/","url":"https:\/\/boomandsmart.com\/team\/barkova\/","name":"Barkova - BOOM &amp; SMART","isPartOf":{"@id":"https:\/\/boomandsmart.com\/#website"},"datePublished":"2020-07-26T20:20:08+00:00","dateModified":"2023-12-04T20:32:15+00:00","breadcrumb":{"@id":"https:\/\/boomandsmart.com\/team\/barkova\/#breadcrumb"},"inLanguage":"sk-SK","potentialAction":[{"@type":"ReadAction","target":["https:\/\/boomandsmart.com\/team\/barkova\/"]}]},{"@type":"BreadcrumbList","@id":"https:\/\/boomandsmart.com\/team\/barkova\/#breadcrumb","itemListElement":[{"@type":"ListItem","position":1,"name":"Home","item":"https:\/\/boomandsmart.com\/sk\/"},{"@type":"ListItem","position":2,"name":"T\u00edm","item":"https:\/\/boomandsmart.com\/sk\/tim\/"},{"@type":"ListItem","position":3,"name":"Barkova"}]},{"@type":"WebSite","@id":"https:\/\/boomandsmart.com\/#website","url":"https:\/\/boomandsmart.com\/","name":"BOOM &amp; SMART","description":"","potentialAction":[{"@type":"SearchAction","target":{"@type":"EntryPoint","urlTemplate":"https:\/\/boomandsmart.com\/?s={search_term_string}"},"query-input":{"@type":"PropertyValueSpecification","valueRequired":true,"valueName":"search_term_string"}}],"inLanguage":"sk-SK"}]}},"_links":{"self":[{"href":"https:\/\/boomandsmart.com\/sk\/wp-json\/wp\/v2\/pages\/1219","targetHints":{"allow":["GET"]}}],"collection":[{"href":"https:\/\/boomandsmart.com\/sk\/wp-json\/wp\/v2\/pages"}],"about":[{"href":"https:\/\/boomandsmart.com\/sk\/wp-json\/wp\/v2\/types\/page"}],"author":[{"embeddable":true,"href":"https:\/\/boomandsmart.com\/sk\/wp-json\/wp\/v2\/users\/3"}],"replies":[{"embeddable":true,"href":"https:\/\/boomandsmart.com\/sk\/wp-json\/wp\/v2\/comments?post=1219"}],"version-history":[{"count":1,"href":"https:\/\/boomandsmart.com\/sk\/wp-json\/wp\/v2\/pages\/1219\/revisions"}],"predecessor-version":[{"id":1228,"href":"https:\/\/boomandsmart.com\/sk\/wp-json\/wp\/v2\/pages\/1219\/revisions\/1228"}],"up":[{"embeddable":true,"href":"https:\/\/boomandsmart.com\/sk\/wp-json\/wp\/v2\/pages\/1212"}],"wp:attachment":[{"href":"https:\/\/boomandsmart.com\/sk\/wp-json\/wp\/v2\/media?parent=1219"}],"curies":[{"name":"wp","href":"https:\/\/api.w.org\/{rel}","templated":true}]}}