{"id":1220,"date":"2020-07-26T22:25:24","date_gmt":"2020-07-26T20:25:24","guid":{"rendered":"https:\/\/boomandsmart.com\/tim\/dobrikova\/"},"modified":"2023-12-04T21:32:26","modified_gmt":"2023-12-04T20:32:26","slug":"dobrikova","status":"publish","type":"page","link":"https:\/\/boomandsmart.com\/sk\/tim\/dobrikova\/","title":{"rendered":"Dobrikova"},"content":{"rendered":"<section class=\"l-section wpb_row height_medium\"><div class=\"l-section-h i-cf\"><div class=\"g-cols vc_row via_flex valign_top type_default stacking_default\"><div class=\"vc_col-sm-12 wpb_column vc_column_container\"><div class=\"vc_column-inner\"><div class=\"wpb_wrapper\"><div class=\"g-cols wpb_row via_flex valign_top type_default stacking_default\"><div class=\"vc_col-sm-12 wpb_column vc_column_container us_animate_fade\"><div class=\"vc_column-inner\"><div class=\"wpb_wrapper\"><div class=\"wpb_text_column\"><div class=\"wpb_wrapper\">\n\t\t<div class=\"person-detail\">\n\t\t\t<img decoding=\"async\" src=\"https:\/\/boomandsmart.com\/wp-content\/uploads\/2020\/07\/dobrikova.jpg\">\n\t\t\t<p class=\"name\">JUDr. Ivana Siegl<\/p>\n\t\t\t<p class=\"position\">Advok\u00e1tka<\/p>\n\t\t\t<p class=\"person_detail\"><p>Ivana u\u017e po\u010das svojho \u0161t\u00fadia na pr\u00e1vnickej fakulte z\u00edskavala viacer\u00e9 pracovn\u00e9 sk\u00fasenosti, a to st\u00e1\u017eou na exek\u00fatorskom \u00farade v Banskej Bystrici. Po ukon\u010den\u00ed vysoko\u0161kolsk\u00e9ho \u0161t\u00fadia na Univerzite Mateja Bela v\u00a0roku 2017 p\u00f4sobila ako vy\u0161\u0161ia s\u00fadna \u00faradn\u00ed\u010dka na Okresnom s\u00fade v Banskej Bystrici na pracovisku exeku\u010dn\u00e9ho a upom\u00ednacieho konania, kde roz\u0161\u00edrila svoje pracovn\u00e9 sk\u00fasenosti v\u00a0oblasti exeku\u010dn\u00e9ho pr\u00e1va.<\/p>\n<p>Od decembra 2017 je Ivana \u010dlenkou t\u00edmu advok\u00e1tskej kancel\u00e1rie AKMG, v ktorej aj po rebrandingu na BOOM &amp; SMART p\u00f4sob\u00ed na poz\u00edcii advok\u00e1tskej koncipientky. V\u00a0novembri 2023 \u00faspe\u0161ne absolvovala advok\u00e1tske sk\u00fa\u0161ky.<\/p>\n<p>Vo svojej praxi sa Ivana zameriava predov\u0161etk\u00fdm na ob\u010dianske pr\u00e1vo, obchodn\u00e9 pr\u00e1vo, spr\u00e1vne pr\u00e1vo a\u00a0exeku\u010dn\u00e9 pr\u00e1vo. Ivana sa \u0161pecializuje aj na pr\u00e1vo obchodn\u00fdch spolo\u010dnost\u00ed a\u00a0transak\u010dn\u00e9 poradenstvo v oblasti f\u00fazi\u00ed a\u00a0akviz\u00edci\u00ed so zameran\u00edm na prin\u00e1le\u017eiace due dilligence a\u00a0vypracov\u00e1vanie zml\u00fav z\u00a0oblasti obchodn\u00e9ho pr\u00e1va. Ivana sa z\u00e1rove\u0148 venuje sporovej agende a legislat\u00edve v\u00a0oblasti energetiky a zodpovednosti za \u0161kodu, v\u00a0ktor\u00fdch z\u00edskava komplexn\u00e9 vedomosti.<\/p>\n<p>Hovor\u00ed po slovensky a\u00a0po anglicky.<\/p>\n<p>Office: Slovakia<\/p>\n<\/p>\n\t\t<\/div>\n<\/div><\/div><\/div><\/div><\/div><\/div><div class=\"g-cols wpb_row us_custom_371e9371 via_flex valign_top type_default stacking_default\"><div class=\"vc_col-sm-12 wpb_column vc_column_container us_animate_fade\"><div class=\"vc_column-inner\"><div class=\"wpb_wrapper\"><div class=\"wpb_text_column\"><div class=\"wpb_wrapper\"><h5 style=\"text-align: center;\">Pozrite si<br \/>\n<a href=\"\/?page_id=90\">N\u00e1\u0161 t\u00edm<\/a><\/h5>\n<\/div><\/div><\/div><\/div><\/div><\/div><\/div><\/div><\/div><\/div><\/div><\/section>\n","protected":false},"excerpt":{"rendered":"JUDr. Ivana Siegl Advok\u00e1tka Ivana u\u017e po\u010das svojho \u0161t\u00fadia na pr\u00e1vnickej fakulte z\u00edskavala viacer\u00e9 pracovn\u00e9 sk\u00fasenosti, a to st\u00e1\u017eou na exek\u00fatorskom \u00farade v Banskej Bystrici. Po ukon\u010den\u00ed vysoko\u0161kolsk\u00e9ho \u0161t\u00fadia na Univerzite Mateja Bela v\u00a0roku 2017 p\u00f4sobila ako vy\u0161\u0161ia s\u00fadna \u00faradn\u00ed\u010dka na Okresnom s\u00fade v Banskej Bystrici na pracovisku exeku\u010dn\u00e9ho a upom\u00ednacieho konania, kde roz\u0161\u00edrila svoje...","protected":false},"author":3,"featured_media":0,"parent":1212,"menu_order":0,"comment_status":"closed","ping_status":"closed","template":"","meta":{"inline_featured_image":false,"footnotes":""},"class_list":["post-1220","page","type-page","status-publish","hentry"],"yoast_head":"<title>Dobrikova - BOOM &amp; SMART<\/title>\n<meta name=\"robots\" content=\"index, follow, max-snippet:-1, max-image-preview:large, max-video-preview:-1\" \/>\n<link rel=\"canonical\" href=\"https:\/\/boomandsmart.com\/team\/dobrikova\/\" \/>\n<meta property=\"og:locale\" content=\"sk_SK\" \/>\n<meta property=\"og:type\" content=\"article\" \/>\n<meta property=\"og:title\" content=\"Dobrikova - BOOM &amp; SMART\" \/>\n<meta property=\"og:url\" content=\"https:\/\/boomandsmart.com\/team\/dobrikova\/\" \/>\n<meta property=\"og:site_name\" content=\"BOOM &amp; SMART\" \/>\n<meta property=\"article:modified_time\" content=\"2023-12-04T20:32:26+00:00\" \/>\n<meta name=\"twitter:card\" content=\"summary_large_image\" \/>\n<script type=\"application\/ld+json\" class=\"yoast-schema-graph\">{\"@context\":\"https:\/\/schema.org\",\"@graph\":[{\"@type\":\"WebPage\",\"@id\":\"https:\/\/boomandsmart.com\/team\/dobrikova\/\",\"url\":\"https:\/\/boomandsmart.com\/team\/dobrikova\/\",\"name\":\"Dobrikova - BOOM &amp; SMART\",\"isPartOf\":{\"@id\":\"https:\/\/boomandsmart.com\/#website\"},\"datePublished\":\"2020-07-26T20:25:24+00:00\",\"dateModified\":\"2023-12-04T20:32:26+00:00\",\"breadcrumb\":{\"@id\":\"https:\/\/boomandsmart.com\/team\/dobrikova\/#breadcrumb\"},\"inLanguage\":\"sk-SK\",\"potentialAction\":[{\"@type\":\"ReadAction\",\"target\":[\"https:\/\/boomandsmart.com\/team\/dobrikova\/\"]}]},{\"@type\":\"BreadcrumbList\",\"@id\":\"https:\/\/boomandsmart.com\/team\/dobrikova\/#breadcrumb\",\"itemListElement\":[{\"@type\":\"ListItem\",\"position\":1,\"name\":\"Home\",\"item\":\"https:\/\/boomandsmart.com\/sk\/\"},{\"@type\":\"ListItem\",\"position\":2,\"name\":\"T\u00edm\",\"item\":\"https:\/\/boomandsmart.com\/sk\/tim\/\"},{\"@type\":\"ListItem\",\"position\":3,\"name\":\"Dobrikova\"}]},{\"@type\":\"WebSite\",\"@id\":\"https:\/\/boomandsmart.com\/#website\",\"url\":\"https:\/\/boomandsmart.com\/\",\"name\":\"BOOM &amp; SMART\",\"description\":\"\",\"potentialAction\":[{\"@type\":\"SearchAction\",\"target\":{\"@type\":\"EntryPoint\",\"urlTemplate\":\"https:\/\/boomandsmart.com\/?s={search_term_string}\"},\"query-input\":{\"@type\":\"PropertyValueSpecification\",\"valueRequired\":true,\"valueName\":\"search_term_string\"}}],\"inLanguage\":\"sk-SK\"}]}<\/script>","yoast_head_json":{"title":"Dobrikova - BOOM &amp; SMART","robots":{"index":"index","follow":"follow","max-snippet":"max-snippet:-1","max-image-preview":"max-image-preview:large","max-video-preview":"max-video-preview:-1"},"canonical":"https:\/\/boomandsmart.com\/team\/dobrikova\/","og_locale":"sk_SK","og_type":"article","og_title":"Dobrikova - BOOM &amp; SMART","og_url":"https:\/\/boomandsmart.com\/team\/dobrikova\/","og_site_name":"BOOM &amp; SMART","article_modified_time":"2023-12-04T20:32:26+00:00","twitter_card":"summary_large_image","schema":{"@context":"https:\/\/schema.org","@graph":[{"@type":"WebPage","@id":"https:\/\/boomandsmart.com\/team\/dobrikova\/","url":"https:\/\/boomandsmart.com\/team\/dobrikova\/","name":"Dobrikova - BOOM &amp; SMART","isPartOf":{"@id":"https:\/\/boomandsmart.com\/#website"},"datePublished":"2020-07-26T20:25:24+00:00","dateModified":"2023-12-04T20:32:26+00:00","breadcrumb":{"@id":"https:\/\/boomandsmart.com\/team\/dobrikova\/#breadcrumb"},"inLanguage":"sk-SK","potentialAction":[{"@type":"ReadAction","target":["https:\/\/boomandsmart.com\/team\/dobrikova\/"]}]},{"@type":"BreadcrumbList","@id":"https:\/\/boomandsmart.com\/team\/dobrikova\/#breadcrumb","itemListElement":[{"@type":"ListItem","position":1,"name":"Home","item":"https:\/\/boomandsmart.com\/sk\/"},{"@type":"ListItem","position":2,"name":"T\u00edm","item":"https:\/\/boomandsmart.com\/sk\/tim\/"},{"@type":"ListItem","position":3,"name":"Dobrikova"}]},{"@type":"WebSite","@id":"https:\/\/boomandsmart.com\/#website","url":"https:\/\/boomandsmart.com\/","name":"BOOM &amp; SMART","description":"","potentialAction":[{"@type":"SearchAction","target":{"@type":"EntryPoint","urlTemplate":"https:\/\/boomandsmart.com\/?s={search_term_string}"},"query-input":{"@type":"PropertyValueSpecification","valueRequired":true,"valueName":"search_term_string"}}],"inLanguage":"sk-SK"}]}},"_links":{"self":[{"href":"https:\/\/boomandsmart.com\/sk\/wp-json\/wp\/v2\/pages\/1220","targetHints":{"allow":["GET"]}}],"collection":[{"href":"https:\/\/boomandsmart.com\/sk\/wp-json\/wp\/v2\/pages"}],"about":[{"href":"https:\/\/boomandsmart.com\/sk\/wp-json\/wp\/v2\/types\/page"}],"author":[{"embeddable":true,"href":"https:\/\/boomandsmart.com\/sk\/wp-json\/wp\/v2\/users\/3"}],"replies":[{"embeddable":true,"href":"https:\/\/boomandsmart.com\/sk\/wp-json\/wp\/v2\/comments?post=1220"}],"version-history":[{"count":1,"href":"https:\/\/boomandsmart.com\/sk\/wp-json\/wp\/v2\/pages\/1220\/revisions"}],"predecessor-version":[{"id":1229,"href":"https:\/\/boomandsmart.com\/sk\/wp-json\/wp\/v2\/pages\/1220\/revisions\/1229"}],"up":[{"embeddable":true,"href":"https:\/\/boomandsmart.com\/sk\/wp-json\/wp\/v2\/pages\/1212"}],"wp:attachment":[{"href":"https:\/\/boomandsmart.com\/sk\/wp-json\/wp\/v2\/media?parent=1220"}],"curies":[{"name":"wp","href":"https:\/\/api.w.org\/{rel}","templated":true}]}}