{"id":1221,"date":"2020-07-26T22:19:48","date_gmt":"2020-07-26T20:19:48","guid":{"rendered":"https:\/\/boomandsmart.com\/tim\/filipova\/"},"modified":"2023-12-04T21:32:36","modified_gmt":"2023-12-04T20:32:36","slug":"filipova","status":"publish","type":"page","link":"https:\/\/boomandsmart.com\/sk\/tim\/filipova\/","title":{"rendered":"Filipova"},"content":{"rendered":"<section class=\"l-section wpb_row height_medium\"><div class=\"l-section-h i-cf\"><div class=\"g-cols vc_row via_flex valign_top type_default stacking_default\"><div class=\"vc_col-sm-12 wpb_column vc_column_container\"><div class=\"vc_column-inner\"><div class=\"wpb_wrapper\"><div class=\"g-cols wpb_row via_flex valign_top type_default stacking_default\"><div class=\"vc_col-sm-12 wpb_column vc_column_container us_animate_fade\"><div class=\"vc_column-inner\"><div class=\"wpb_wrapper\"><div class=\"wpb_text_column\"><div class=\"wpb_wrapper\">\n\t\t<div class=\"person-detail\">\n\t\t\t<img decoding=\"async\" src=\"https:\/\/boomandsmart.com\/wp-content\/uploads\/2020\/07\/filipova-1.jpg\">\n\t\t\t<p class=\"name\">JUDr. Martina Filipov\u00e1, PhD.<\/p>\n\t\t\t<p class=\"position\">Managing Partner<\/p>\n\t\t\t<p class=\"person_detail\"><p>Martina od ukon\u010denia svojho \u0161t\u00fadia na Univerzite Mateja Bela v\u00a0roku 2009 p\u00f4sobila v\u00a0advok\u00e1tskej kancel\u00e1rii AKMG (v s\u00fa\u010dasnosti BOOM &amp; SMART). Po z\u00e1pise do zoznamu advok\u00e1tov vedenom Slovenskou advok\u00e1tskou komorou sa v roku 2013 stala v nej partnerom. V\u00a0r\u00e1mci roz\u0161irovania aktiv\u00edt kancel\u00e1rie aj mimo \u00fazemia Slovenskej republiky bola v\u00a0roku 2015 zap\u00edsan\u00e1 do zoznamu usaden\u00fdch euroadvok\u00e1tov vedenom Lichten\u0161tajnskou advok\u00e1tskou komorou.<\/p>\n<p>Po\u010das svojej dlhoro\u010dnej praxe z\u00edskala sk\u00fasenosti s\u00a0poskytovan\u00edm pr\u00e1vnych slu\u017eieb vo v\u0161etk\u00fdch pr\u00e1vnych oblastiach, pri\u010dom za k\u013e\u00fa\u010dov\u00e9 pova\u017euje svoje znalosti z\u00a0oblasti \u00fastavn\u00e9ho pr\u00e1va, pr\u00e1va hospod\u00e1rskej s\u00fa\u0165a\u017ee, da\u0148ov\u00e9ho pr\u00e1va a transak\u010dn\u00e9ho pr\u00e1vneho poradenstva vr\u00e1tane cezhrani\u010dn\u00fdch zl\u00fa\u010den\u00ed obchodn\u00fdch spolo\u010dnost\u00ed a\u00a0predaja podnikov. Martina sa viac ako 8 rokov venuje aj poradenstvu v oblasti poskytovania \u0161t\u00e1tnej pomoci a\u00a0poradenstvu pre riadiace org\u00e1ny pri poskytovan\u00ed nen\u00e1vratn\u00fdch pr\u00edspevkov z fondov E\u00da. Pre Martinu je podstatn\u00fd individu\u00e1lny pr\u00edstup zoh\u013ead\u0148uj\u00faci komplexn\u00fa strat\u00e9giu rie\u0161enia probl\u00e9mu klienta.<\/p>\n<p>Martina je znalky\u0148ou v odbore pr\u00e1vne vz\u0165ahy k cudzine, odvetvia medzin\u00e1rodn\u00e9 pr\u00e1vo s\u00fakromn\u00e9 a procesn\u00e9 a Eur\u00f3pske pr\u00e1vo, pri\u010dom je zap\u00edsan\u00e1 v zozname znalcov vedenom Ministerstvom spravodlivosti Slovenskej republiky. V\u00a0j\u00fani 2024 \u00faspe\u0161ne ukon\u010dila doktorandsk\u00e9 \u0161t\u00fadium na Pr\u00e1vnickej fakulte Univerzity Komensk\u00e9ho v\u00a0Bratislave v\u00a0programe medzin\u00e1rodn\u00e9 pr\u00e1vo.<\/p>\n<p>Martina je v s\u00fa\u010dasnosti ako mana\u017euj\u00faci partner BOOM &amp; SMART zodpovedn\u00e1 predov\u0161etk\u00fdm za riadenie a rozvoj aktiv\u00edt spolo\u010dnosti na Slovensku.<\/p>\n<p>Hovor\u00ed po slovensky a po anglicky.<\/p>\n<p>Office: Slovakia \/ Liechtenstein<\/p>\n<\/p>\n\t\t<\/div>\n<\/div><\/div><\/div><\/div><\/div><\/div><div class=\"g-cols wpb_row us_custom_371e9371 via_flex valign_top type_default stacking_default\"><div class=\"vc_col-sm-12 wpb_column vc_column_container us_animate_fade\"><div class=\"vc_column-inner\"><div class=\"wpb_wrapper\"><div class=\"wpb_text_column\"><div class=\"wpb_wrapper\"><h5 style=\"text-align: center;\">Pozrite si<br \/>\n<a href=\"\/?page_id=90\">N\u00e1\u0161 t\u00edm<\/a><\/h5>\n<\/div><\/div><\/div><\/div><\/div><\/div><\/div><\/div><\/div><\/div><\/div><\/section>\n","protected":false},"excerpt":{"rendered":"JUDr. Martina Filipov\u00e1, PhD. Managing Partner Martina od ukon\u010denia svojho \u0161t\u00fadia na Univerzite Mateja Bela v\u00a0roku 2009 p\u00f4sobila v\u00a0advok\u00e1tskej kancel\u00e1rii AKMG (v s\u00fa\u010dasnosti BOOM &amp; SMART). Po z\u00e1pise do zoznamu advok\u00e1tov vedenom Slovenskou advok\u00e1tskou komorou sa v roku 2013 stala v nej partnerom. V\u00a0r\u00e1mci roz\u0161irovania aktiv\u00edt kancel\u00e1rie aj mimo \u00fazemia Slovenskej republiky bola v\u00a0roku 2015...","protected":false},"author":3,"featured_media":0,"parent":1212,"menu_order":0,"comment_status":"closed","ping_status":"closed","template":"","meta":{"inline_featured_image":false,"footnotes":""},"class_list":["post-1221","page","type-page","status-publish","hentry"],"yoast_head":"<title>Filipova - BOOM &amp; SMART<\/title>\n<meta name=\"robots\" content=\"index, follow, max-snippet:-1, max-image-preview:large, max-video-preview:-1\" \/>\n<link rel=\"canonical\" href=\"https:\/\/boomandsmart.com\/team\/filipova\/\" \/>\n<meta property=\"og:locale\" content=\"sk_SK\" \/>\n<meta property=\"og:type\" content=\"article\" \/>\n<meta property=\"og:title\" content=\"Filipova - BOOM &amp; SMART\" \/>\n<meta property=\"og:url\" content=\"https:\/\/boomandsmart.com\/team\/filipova\/\" \/>\n<meta property=\"og:site_name\" content=\"BOOM &amp; SMART\" \/>\n<meta property=\"article:modified_time\" content=\"2023-12-04T20:32:36+00:00\" \/>\n<meta name=\"twitter:card\" content=\"summary_large_image\" \/>\n<meta name=\"twitter:label1\" content=\"Predpokladan\u00fd \u010das \u010d\u00edtania\" \/>\n\t<meta name=\"twitter:data1\" content=\"1 min\u00fata\" \/>\n<script type=\"application\/ld+json\" class=\"yoast-schema-graph\">{\"@context\":\"https:\/\/schema.org\",\"@graph\":[{\"@type\":\"WebPage\",\"@id\":\"https:\/\/boomandsmart.com\/team\/filipova\/\",\"url\":\"https:\/\/boomandsmart.com\/team\/filipova\/\",\"name\":\"Filipova - BOOM &amp; SMART\",\"isPartOf\":{\"@id\":\"https:\/\/boomandsmart.com\/#website\"},\"datePublished\":\"2020-07-26T20:19:48+00:00\",\"dateModified\":\"2023-12-04T20:32:36+00:00\",\"breadcrumb\":{\"@id\":\"https:\/\/boomandsmart.com\/team\/filipova\/#breadcrumb\"},\"inLanguage\":\"sk-SK\",\"potentialAction\":[{\"@type\":\"ReadAction\",\"target\":[\"https:\/\/boomandsmart.com\/team\/filipova\/\"]}]},{\"@type\":\"BreadcrumbList\",\"@id\":\"https:\/\/boomandsmart.com\/team\/filipova\/#breadcrumb\",\"itemListElement\":[{\"@type\":\"ListItem\",\"position\":1,\"name\":\"Home\",\"item\":\"https:\/\/boomandsmart.com\/sk\/\"},{\"@type\":\"ListItem\",\"position\":2,\"name\":\"T\u00edm\",\"item\":\"https:\/\/boomandsmart.com\/sk\/tim\/\"},{\"@type\":\"ListItem\",\"position\":3,\"name\":\"Filipova\"}]},{\"@type\":\"WebSite\",\"@id\":\"https:\/\/boomandsmart.com\/#website\",\"url\":\"https:\/\/boomandsmart.com\/\",\"name\":\"BOOM &amp; SMART\",\"description\":\"\",\"potentialAction\":[{\"@type\":\"SearchAction\",\"target\":{\"@type\":\"EntryPoint\",\"urlTemplate\":\"https:\/\/boomandsmart.com\/?s={search_term_string}\"},\"query-input\":{\"@type\":\"PropertyValueSpecification\",\"valueRequired\":true,\"valueName\":\"search_term_string\"}}],\"inLanguage\":\"sk-SK\"}]}<\/script>","yoast_head_json":{"title":"Filipova - BOOM &amp; SMART","robots":{"index":"index","follow":"follow","max-snippet":"max-snippet:-1","max-image-preview":"max-image-preview:large","max-video-preview":"max-video-preview:-1"},"canonical":"https:\/\/boomandsmart.com\/team\/filipova\/","og_locale":"sk_SK","og_type":"article","og_title":"Filipova - BOOM &amp; SMART","og_url":"https:\/\/boomandsmart.com\/team\/filipova\/","og_site_name":"BOOM &amp; SMART","article_modified_time":"2023-12-04T20:32:36+00:00","twitter_card":"summary_large_image","twitter_misc":{"Predpokladan\u00fd \u010das \u010d\u00edtania":"1 min\u00fata"},"schema":{"@context":"https:\/\/schema.org","@graph":[{"@type":"WebPage","@id":"https:\/\/boomandsmart.com\/team\/filipova\/","url":"https:\/\/boomandsmart.com\/team\/filipova\/","name":"Filipova - BOOM &amp; SMART","isPartOf":{"@id":"https:\/\/boomandsmart.com\/#website"},"datePublished":"2020-07-26T20:19:48+00:00","dateModified":"2023-12-04T20:32:36+00:00","breadcrumb":{"@id":"https:\/\/boomandsmart.com\/team\/filipova\/#breadcrumb"},"inLanguage":"sk-SK","potentialAction":[{"@type":"ReadAction","target":["https:\/\/boomandsmart.com\/team\/filipova\/"]}]},{"@type":"BreadcrumbList","@id":"https:\/\/boomandsmart.com\/team\/filipova\/#breadcrumb","itemListElement":[{"@type":"ListItem","position":1,"name":"Home","item":"https:\/\/boomandsmart.com\/sk\/"},{"@type":"ListItem","position":2,"name":"T\u00edm","item":"https:\/\/boomandsmart.com\/sk\/tim\/"},{"@type":"ListItem","position":3,"name":"Filipova"}]},{"@type":"WebSite","@id":"https:\/\/boomandsmart.com\/#website","url":"https:\/\/boomandsmart.com\/","name":"BOOM &amp; SMART","description":"","potentialAction":[{"@type":"SearchAction","target":{"@type":"EntryPoint","urlTemplate":"https:\/\/boomandsmart.com\/?s={search_term_string}"},"query-input":{"@type":"PropertyValueSpecification","valueRequired":true,"valueName":"search_term_string"}}],"inLanguage":"sk-SK"}]}},"_links":{"self":[{"href":"https:\/\/boomandsmart.com\/sk\/wp-json\/wp\/v2\/pages\/1221","targetHints":{"allow":["GET"]}}],"collection":[{"href":"https:\/\/boomandsmart.com\/sk\/wp-json\/wp\/v2\/pages"}],"about":[{"href":"https:\/\/boomandsmart.com\/sk\/wp-json\/wp\/v2\/types\/page"}],"author":[{"embeddable":true,"href":"https:\/\/boomandsmart.com\/sk\/wp-json\/wp\/v2\/users\/3"}],"replies":[{"embeddable":true,"href":"https:\/\/boomandsmart.com\/sk\/wp-json\/wp\/v2\/comments?post=1221"}],"version-history":[{"count":1,"href":"https:\/\/boomandsmart.com\/sk\/wp-json\/wp\/v2\/pages\/1221\/revisions"}],"predecessor-version":[{"id":1230,"href":"https:\/\/boomandsmart.com\/sk\/wp-json\/wp\/v2\/pages\/1221\/revisions\/1230"}],"up":[{"embeddable":true,"href":"https:\/\/boomandsmart.com\/sk\/wp-json\/wp\/v2\/pages\/1212"}],"wp:attachment":[{"href":"https:\/\/boomandsmart.com\/sk\/wp-json\/wp\/v2\/media?parent=1221"}],"curies":[{"name":"wp","href":"https:\/\/api.w.org\/{rel}","templated":true}]}}