{"id":1222,"date":"2020-07-26T22:00:08","date_gmt":"2020-07-26T20:00:08","guid":{"rendered":"https:\/\/boomandsmart.com\/tim\/gemes\/"},"modified":"2023-12-04T21:32:45","modified_gmt":"2023-12-04T20:32:45","slug":"gemes","status":"publish","type":"page","link":"https:\/\/boomandsmart.com\/sk\/tim\/gemes\/","title":{"rendered":"Gemes"},"content":{"rendered":"<section class=\"l-section wpb_row height_medium\"><div class=\"l-section-h i-cf\"><div class=\"g-cols vc_row via_flex valign_top type_default stacking_default\"><div class=\"vc_col-sm-12 wpb_column vc_column_container\"><div class=\"vc_column-inner\"><div class=\"wpb_wrapper\"><div class=\"g-cols wpb_row via_flex valign_top type_default stacking_default\"><div class=\"vc_col-sm-12 wpb_column vc_column_container us_animate_fade\"><div class=\"vc_column-inner\"><div class=\"wpb_wrapper\"><div class=\"wpb_text_column\"><div class=\"wpb_wrapper\">\n\t\t<div class=\"person-detail\">\n\t\t\t<img decoding=\"async\" src=\"https:\/\/boomandsmart.com\/wp-content\/uploads\/2020\/07\/gemes.jpg\">\n\t\t\t<p class=\"name\">JUDr. Mat\u00fa\u0161 G\u00e9me\u0161<\/p>\n\t\t\t<p class=\"position\">Founder |  Managing partner<\/p>\n\t\t\t<p class=\"person_detail\"><p>Mat\u00fa\u0161 za\u010dal svoju pr\u00e1vnick\u00fa kari\u00e9ru po ukon\u010den\u00ed \u0161t\u00fadia na Univerzite Mateja Bela v\u00a0Banskej Bystrici v\u00a0roku 2000. V\u00a0roku 2004 bol zap\u00edsan\u00fd do zoznamu advok\u00e1tov vedenom Slovenskou advok\u00e1tskou komorou a\u00a0v\u00a0roku 2007 zalo\u017eil vlastn\u00fa advok\u00e1tsku kancel\u00e1riu. V\u00a0decembri 2015 bol prv\u00fdm advok\u00e1tom z\u00a0kraj\u00edn V4 zap\u00edsan\u00fdm do zoznamu usaden\u00fdch euroadvok\u00e1tov vedenom Lichten\u0161tajnskou advok\u00e1tskou komorou. Od roku 2016 \u017eije v\u00a0Lichten\u0161tajnskom knie\u017eatstve, kde vykon\u00e1va advok\u00e1tsku prax ako mana\u017euj\u00faci partner advok\u00e1tskej kancel\u00e1rie BOOM &amp; SMART a\u00a0nap\u013a\u0148a jej v\u00edziu poskytova\u0165 butikov\u00e9 pr\u00e1vne slu\u017eby a\u00a0poradenstvo na medzin\u00e1rodnej \u00farovni.<\/p>\n<p>Mat\u00fa\u0161 je cie\u013eavedom\u00fd l\u00edder s kreat\u00edvnou v\u00edziou poskytova\u0165 klientom inovat\u00edvne rie\u0161enia pre ich potreby. Spolu so svojim t\u00edmom sa zameriava na rie\u0161enia v oblasti ochrany a spr\u00e1vy s\u00fakromn\u00e9ho a rodinn\u00e9ho majetku, \u00a0investi\u010dn\u00e9ho pr\u00e1va, regul\u00e1cie subjektov kolekt\u00edvneho investovania a ich spr\u00e1vcov, pr\u00e1va cenn\u00fdch papierov a sekuritiz\u00e1cie akt\u00edv. V roku 2017 sa so s\u00fahlasom lichten\u0161tajnsk\u00e9ho \u00daradu pre doh\u013ead nad finan\u010dn\u00fdm trhom stal prezidentom a CEO licencovanej spr\u00e1vcovskej spolo\u010dnosti Trinity Partners AG.<\/p>\n<p>Hovor\u00ed po slovensky, anglicky a\u00a0nemecky.<\/p>\n<p>Office: Liechtenstein<\/p>\n<\/p>\n\t\t<\/div>\n<\/div><\/div><\/div><\/div><\/div><\/div><div class=\"g-cols wpb_row us_custom_371e9371 via_flex valign_top type_default stacking_default\"><div class=\"vc_col-sm-12 wpb_column vc_column_container us_animate_fade\"><div class=\"vc_column-inner\"><div class=\"wpb_wrapper\"><div class=\"wpb_text_column\"><div class=\"wpb_wrapper\"><h5 style=\"text-align: center;\">Pozrite si<br \/>\n<a href=\"\/?page_id=90\">N\u00e1\u0161 t\u00edm<\/a><\/h5>\n<\/div><\/div><\/div><\/div><\/div><\/div><\/div><\/div><\/div><\/div><\/div><\/section>\n","protected":false},"excerpt":{"rendered":"JUDr. Mat\u00fa\u0161 G\u00e9me\u0161 Founder | Managing partner Mat\u00fa\u0161 za\u010dal svoju pr\u00e1vnick\u00fa kari\u00e9ru po ukon\u010den\u00ed \u0161t\u00fadia na Univerzite Mateja Bela v\u00a0Banskej Bystrici v\u00a0roku 2000. V\u00a0roku 2004 bol zap\u00edsan\u00fd do zoznamu advok\u00e1tov vedenom Slovenskou advok\u00e1tskou komorou a\u00a0v\u00a0roku 2007 zalo\u017eil vlastn\u00fa advok\u00e1tsku kancel\u00e1riu. V\u00a0decembri 2015 bol prv\u00fdm advok\u00e1tom z\u00a0kraj\u00edn V4 zap\u00edsan\u00fdm do zoznamu usaden\u00fdch euroadvok\u00e1tov vedenom Lichten\u0161tajnskou advok\u00e1tskou...","protected":false},"author":3,"featured_media":0,"parent":1212,"menu_order":0,"comment_status":"closed","ping_status":"closed","template":"","meta":{"inline_featured_image":false,"footnotes":""},"class_list":["post-1222","page","type-page","status-publish","hentry"],"yoast_head":"<title>Gemes - BOOM &amp; SMART<\/title>\n<meta name=\"robots\" content=\"index, follow, max-snippet:-1, max-image-preview:large, max-video-preview:-1\" \/>\n<link rel=\"canonical\" href=\"https:\/\/boomandsmart.com\/sk\/tim\/gemes\/\" \/>\n<meta property=\"og:locale\" content=\"sk_SK\" \/>\n<meta property=\"og:type\" content=\"article\" \/>\n<meta property=\"og:title\" content=\"Gemes - BOOM &amp; SMART\" \/>\n<meta property=\"og:url\" content=\"https:\/\/boomandsmart.com\/sk\/tim\/gemes\/\" \/>\n<meta property=\"og:site_name\" content=\"BOOM &amp; SMART\" \/>\n<meta property=\"article:modified_time\" content=\"2023-12-04T20:32:45+00:00\" \/>\n<meta name=\"twitter:card\" content=\"summary_large_image\" \/>\n<script type=\"application\/ld+json\" class=\"yoast-schema-graph\">{\"@context\":\"https:\/\/schema.org\",\"@graph\":[{\"@type\":\"WebPage\",\"@id\":\"https:\/\/boomandsmart.com\/sk\/tim\/gemes\/\",\"url\":\"https:\/\/boomandsmart.com\/sk\/tim\/gemes\/\",\"name\":\"Gemes - BOOM &amp; SMART\",\"isPartOf\":{\"@id\":\"https:\/\/boomandsmart.com\/#website\"},\"datePublished\":\"2020-07-26T20:00:08+00:00\",\"dateModified\":\"2023-12-04T20:32:45+00:00\",\"breadcrumb\":{\"@id\":\"https:\/\/boomandsmart.com\/sk\/tim\/gemes\/#breadcrumb\"},\"inLanguage\":\"sk-SK\",\"potentialAction\":[{\"@type\":\"ReadAction\",\"target\":[\"https:\/\/boomandsmart.com\/sk\/tim\/gemes\/\"]}]},{\"@type\":\"BreadcrumbList\",\"@id\":\"https:\/\/boomandsmart.com\/sk\/tim\/gemes\/#breadcrumb\",\"itemListElement\":[{\"@type\":\"ListItem\",\"position\":1,\"name\":\"Home\",\"item\":\"https:\/\/boomandsmart.com\/sk\/\"},{\"@type\":\"ListItem\",\"position\":2,\"name\":\"T\u00edm\",\"item\":\"https:\/\/boomandsmart.com\/sk\/tim\/\"},{\"@type\":\"ListItem\",\"position\":3,\"name\":\"Gemes\"}]},{\"@type\":\"WebSite\",\"@id\":\"https:\/\/boomandsmart.com\/#website\",\"url\":\"https:\/\/boomandsmart.com\/\",\"name\":\"BOOM &amp; SMART\",\"description\":\"\",\"potentialAction\":[{\"@type\":\"SearchAction\",\"target\":{\"@type\":\"EntryPoint\",\"urlTemplate\":\"https:\/\/boomandsmart.com\/?s={search_term_string}\"},\"query-input\":{\"@type\":\"PropertyValueSpecification\",\"valueRequired\":true,\"valueName\":\"search_term_string\"}}],\"inLanguage\":\"sk-SK\"}]}<\/script>","yoast_head_json":{"title":"Gemes - BOOM &amp; SMART","robots":{"index":"index","follow":"follow","max-snippet":"max-snippet:-1","max-image-preview":"max-image-preview:large","max-video-preview":"max-video-preview:-1"},"canonical":"https:\/\/boomandsmart.com\/sk\/tim\/gemes\/","og_locale":"sk_SK","og_type":"article","og_title":"Gemes - BOOM &amp; SMART","og_url":"https:\/\/boomandsmart.com\/sk\/tim\/gemes\/","og_site_name":"BOOM &amp; SMART","article_modified_time":"2023-12-04T20:32:45+00:00","twitter_card":"summary_large_image","schema":{"@context":"https:\/\/schema.org","@graph":[{"@type":"WebPage","@id":"https:\/\/boomandsmart.com\/sk\/tim\/gemes\/","url":"https:\/\/boomandsmart.com\/sk\/tim\/gemes\/","name":"Gemes - BOOM &amp; SMART","isPartOf":{"@id":"https:\/\/boomandsmart.com\/#website"},"datePublished":"2020-07-26T20:00:08+00:00","dateModified":"2023-12-04T20:32:45+00:00","breadcrumb":{"@id":"https:\/\/boomandsmart.com\/sk\/tim\/gemes\/#breadcrumb"},"inLanguage":"sk-SK","potentialAction":[{"@type":"ReadAction","target":["https:\/\/boomandsmart.com\/sk\/tim\/gemes\/"]}]},{"@type":"BreadcrumbList","@id":"https:\/\/boomandsmart.com\/sk\/tim\/gemes\/#breadcrumb","itemListElement":[{"@type":"ListItem","position":1,"name":"Home","item":"https:\/\/boomandsmart.com\/sk\/"},{"@type":"ListItem","position":2,"name":"T\u00edm","item":"https:\/\/boomandsmart.com\/sk\/tim\/"},{"@type":"ListItem","position":3,"name":"Gemes"}]},{"@type":"WebSite","@id":"https:\/\/boomandsmart.com\/#website","url":"https:\/\/boomandsmart.com\/","name":"BOOM &amp; SMART","description":"","potentialAction":[{"@type":"SearchAction","target":{"@type":"EntryPoint","urlTemplate":"https:\/\/boomandsmart.com\/?s={search_term_string}"},"query-input":{"@type":"PropertyValueSpecification","valueRequired":true,"valueName":"search_term_string"}}],"inLanguage":"sk-SK"}]}},"_links":{"self":[{"href":"https:\/\/boomandsmart.com\/sk\/wp-json\/wp\/v2\/pages\/1222","targetHints":{"allow":["GET"]}}],"collection":[{"href":"https:\/\/boomandsmart.com\/sk\/wp-json\/wp\/v2\/pages"}],"about":[{"href":"https:\/\/boomandsmart.com\/sk\/wp-json\/wp\/v2\/types\/page"}],"author":[{"embeddable":true,"href":"https:\/\/boomandsmart.com\/sk\/wp-json\/wp\/v2\/users\/3"}],"replies":[{"embeddable":true,"href":"https:\/\/boomandsmart.com\/sk\/wp-json\/wp\/v2\/comments?post=1222"}],"version-history":[{"count":1,"href":"https:\/\/boomandsmart.com\/sk\/wp-json\/wp\/v2\/pages\/1222\/revisions"}],"predecessor-version":[{"id":1231,"href":"https:\/\/boomandsmart.com\/sk\/wp-json\/wp\/v2\/pages\/1222\/revisions\/1231"}],"up":[{"embeddable":true,"href":"https:\/\/boomandsmart.com\/sk\/wp-json\/wp\/v2\/pages\/1212"}],"wp:attachment":[{"href":"https:\/\/boomandsmart.com\/sk\/wp-json\/wp\/v2\/media?parent=1222"}],"curies":[{"name":"wp","href":"https:\/\/api.w.org\/{rel}","templated":true}]}}