{"id":1223,"date":"2020-07-26T22:23:53","date_gmt":"2020-07-26T20:23:53","guid":{"rendered":"https:\/\/boomandsmart.com\/tim\/kaduchova\/"},"modified":"2023-12-04T21:32:54","modified_gmt":"2023-12-04T20:32:54","slug":"kaduchova","status":"publish","type":"page","link":"https:\/\/boomandsmart.com\/sk\/tim\/kaduchova\/","title":{"rendered":"Kaduchova"},"content":{"rendered":"<section class=\"l-section wpb_row height_medium\"><div class=\"l-section-h i-cf\"><div class=\"g-cols vc_row via_flex valign_top type_default stacking_default\"><div class=\"vc_col-sm-12 wpb_column vc_column_container\"><div class=\"vc_column-inner\"><div class=\"wpb_wrapper\"><div class=\"g-cols wpb_row via_flex valign_top type_default stacking_default\"><div class=\"vc_col-sm-12 wpb_column vc_column_container us_animate_fade\"><div class=\"vc_column-inner\"><div class=\"wpb_wrapper\"><div class=\"wpb_text_column\"><div class=\"wpb_wrapper\">\n\t\t<div class=\"person-detail\">\n\t\t\t<img decoding=\"async\" src=\"https:\/\/boomandsmart.com\/wp-content\/uploads\/2020\/07\/kaduchova.jpg\">\n\t\t\t<p class=\"name\">JUDr. Ing. Katar\u00edna Kad\u00fachov\u00e1<\/p>\n\t\t\t<p class=\"position\">Advok\u00e1tka<\/p>\n\t\t\t<p class=\"person_detail\"><p>Katar\u00edna ukon\u010dila ekonomick\u00e9 vzdelanie na Fakulte ekon\u00f3mie a\u00a0podnikania Paneur\u00f3pskej vysokej \u0161koly v\u00a0roku 2010 a pr\u00e1vnick\u00e9 vzdelanie na Pr\u00e1vnickej fakulte Univerzity Mateja Bela v\u00a0Banskej Bystrici v\u00a0roku 2013. Po\u010das svojho \u0161t\u00fadia pracovala na Ministerstve \u017eivotn\u00e9ho prostredia Slovenskej republiky, kde sa venovala\u00a0eur\u00f3pskemu pr\u00e1vu a\u00a0tvorbe sch\u00e9m pre \u010derpanie finan\u010dn\u00fdch prostriedkov z\u00a0fondov Eur\u00f3pskej \u00fanie.<\/p>\n<p>V roku 2013 obohatila kolekt\u00edv advok\u00e1tskej kancel\u00e1rie AKMG (v s\u00fa\u010dasnosti BOOM &amp; SMART), kde nast\u00fapila na poz\u00edciu advok\u00e1tskej koncipientky zap\u00edsanej do zoznamu koncipientov vedenom Slovenskou advok\u00e1tskou komorou. V j\u00fani 2024 \u00faspe\u0161ne absolvovala advok\u00e1tske sk\u00fa\u0161ky. V r\u00e1mci svojej praxe sa venuje preva\u017ene ob\u010dianskemu pr\u00e1vu, spr\u00e1vnemu pr\u00e1vu, pr\u00e1vu Eur\u00f3pskej \u00fanie, \u00fastavn\u00e9mu pr\u00e1vu a je expertom v oblasti energetick\u00e9ho pr\u00e1va a energetick\u00fdch deriv\u00e1tov. Osobitn\u00fd d\u00f4raz kladie na sporov\u00fa agendu, kde participovala na zastupovan\u00ed klientov vo viac ako 130 s\u00fadnych konaniach. Za hodnotn\u00e9 pova\u017euje aj svoje sk\u00fasenosti z oblasti poskytovania \u0161t\u00e1tnej pomoci a pr\u00e1vneho poradenstva pre riadiace org\u00e1ny pri poskytovan\u00ed nen\u00e1vratn\u00fdch pr\u00edspevkov z fondov E\u00da.<\/p>\n<p>Pri v\u00fdkone svojho povolania je Katar\u00edna t\u00edmov\u00fdm hr\u00e1\u010dom s\u00a0v\u00fdnimo\u010dnou logikou, pri\u010dom kombin\u00e1cia pr\u00e1vnick\u00e9ho a\u00a0ekonomick\u00e9ho vzdelania jej umo\u017e\u0148uje poskytn\u00fa\u0165 klientom v\u017edy komplexn\u00e9 rie\u0161enia s\u00a0unik\u00e1tnou pridanou hodnotou.<\/p>\n<p>Hovor\u00ed po slovensky a\u00a0po anglicky.<\/p>\n<p>Office: Slovakia<\/p>\n<\/p>\n\t\t<\/div>\n<\/div><\/div><\/div><\/div><\/div><\/div><div class=\"g-cols wpb_row us_custom_371e9371 via_flex valign_top type_default stacking_default\"><div class=\"vc_col-sm-12 wpb_column vc_column_container us_animate_fade\"><div class=\"vc_column-inner\"><div class=\"wpb_wrapper\"><div class=\"wpb_text_column\"><div class=\"wpb_wrapper\"><h5 style=\"text-align: center;\">Pozrite si<br \/>\n<a href=\"\/?page_id=90\">N\u00e1\u0161 t\u00edm<\/a><\/h5>\n<\/div><\/div><\/div><\/div><\/div><\/div><\/div><\/div><\/div><\/div><\/div><\/section>\n","protected":false},"excerpt":{"rendered":"JUDr. Ing. Katar\u00edna Kad\u00fachov\u00e1 Advok\u00e1tka Katar\u00edna ukon\u010dila ekonomick\u00e9 vzdelanie na Fakulte ekon\u00f3mie a\u00a0podnikania Paneur\u00f3pskej vysokej \u0161koly v\u00a0roku 2010 a pr\u00e1vnick\u00e9 vzdelanie na Pr\u00e1vnickej fakulte Univerzity Mateja Bela v\u00a0Banskej Bystrici v\u00a0roku 2013. Po\u010das svojho \u0161t\u00fadia pracovala na Ministerstve \u017eivotn\u00e9ho prostredia Slovenskej republiky, kde sa venovala\u00a0eur\u00f3pskemu pr\u00e1vu a\u00a0tvorbe sch\u00e9m pre \u010derpanie finan\u010dn\u00fdch prostriedkov z\u00a0fondov Eur\u00f3pskej \u00fanie. V...","protected":false},"author":3,"featured_media":0,"parent":1212,"menu_order":0,"comment_status":"closed","ping_status":"closed","template":"","meta":{"inline_featured_image":false,"footnotes":""},"class_list":["post-1223","page","type-page","status-publish","hentry"],"yoast_head":"<title>Kaduchova - BOOM &amp; SMART<\/title>\n<meta name=\"robots\" content=\"index, follow, max-snippet:-1, max-image-preview:large, max-video-preview:-1\" \/>\n<link rel=\"canonical\" href=\"https:\/\/boomandsmart.com\/team\/kaduchova\/\" \/>\n<meta property=\"og:locale\" content=\"sk_SK\" \/>\n<meta property=\"og:type\" content=\"article\" \/>\n<meta property=\"og:title\" content=\"Kaduchova - BOOM &amp; SMART\" \/>\n<meta property=\"og:url\" content=\"https:\/\/boomandsmart.com\/team\/kaduchova\/\" \/>\n<meta property=\"og:site_name\" content=\"BOOM &amp; SMART\" \/>\n<meta property=\"article:modified_time\" content=\"2023-12-04T20:32:54+00:00\" \/>\n<meta name=\"twitter:card\" content=\"summary_large_image\" \/>\n<meta name=\"twitter:label1\" content=\"Predpokladan\u00fd \u010das \u010d\u00edtania\" \/>\n\t<meta name=\"twitter:data1\" content=\"1 min\u00fata\" \/>\n<script type=\"application\/ld+json\" class=\"yoast-schema-graph\">{\"@context\":\"https:\/\/schema.org\",\"@graph\":[{\"@type\":\"WebPage\",\"@id\":\"https:\/\/boomandsmart.com\/team\/kaduchova\/\",\"url\":\"https:\/\/boomandsmart.com\/team\/kaduchova\/\",\"name\":\"Kaduchova - BOOM &amp; SMART\",\"isPartOf\":{\"@id\":\"https:\/\/boomandsmart.com\/#website\"},\"datePublished\":\"2020-07-26T20:23:53+00:00\",\"dateModified\":\"2023-12-04T20:32:54+00:00\",\"breadcrumb\":{\"@id\":\"https:\/\/boomandsmart.com\/team\/kaduchova\/#breadcrumb\"},\"inLanguage\":\"sk-SK\",\"potentialAction\":[{\"@type\":\"ReadAction\",\"target\":[\"https:\/\/boomandsmart.com\/team\/kaduchova\/\"]}]},{\"@type\":\"BreadcrumbList\",\"@id\":\"https:\/\/boomandsmart.com\/team\/kaduchova\/#breadcrumb\",\"itemListElement\":[{\"@type\":\"ListItem\",\"position\":1,\"name\":\"Home\",\"item\":\"https:\/\/boomandsmart.com\/sk\/\"},{\"@type\":\"ListItem\",\"position\":2,\"name\":\"T\u00edm\",\"item\":\"https:\/\/boomandsmart.com\/sk\/tim\/\"},{\"@type\":\"ListItem\",\"position\":3,\"name\":\"Kaduchova\"}]},{\"@type\":\"WebSite\",\"@id\":\"https:\/\/boomandsmart.com\/#website\",\"url\":\"https:\/\/boomandsmart.com\/\",\"name\":\"BOOM &amp; SMART\",\"description\":\"\",\"potentialAction\":[{\"@type\":\"SearchAction\",\"target\":{\"@type\":\"EntryPoint\",\"urlTemplate\":\"https:\/\/boomandsmart.com\/?s={search_term_string}\"},\"query-input\":{\"@type\":\"PropertyValueSpecification\",\"valueRequired\":true,\"valueName\":\"search_term_string\"}}],\"inLanguage\":\"sk-SK\"}]}<\/script>","yoast_head_json":{"title":"Kaduchova - BOOM &amp; SMART","robots":{"index":"index","follow":"follow","max-snippet":"max-snippet:-1","max-image-preview":"max-image-preview:large","max-video-preview":"max-video-preview:-1"},"canonical":"https:\/\/boomandsmart.com\/team\/kaduchova\/","og_locale":"sk_SK","og_type":"article","og_title":"Kaduchova - BOOM &amp; SMART","og_url":"https:\/\/boomandsmart.com\/team\/kaduchova\/","og_site_name":"BOOM &amp; SMART","article_modified_time":"2023-12-04T20:32:54+00:00","twitter_card":"summary_large_image","twitter_misc":{"Predpokladan\u00fd \u010das \u010d\u00edtania":"1 min\u00fata"},"schema":{"@context":"https:\/\/schema.org","@graph":[{"@type":"WebPage","@id":"https:\/\/boomandsmart.com\/team\/kaduchova\/","url":"https:\/\/boomandsmart.com\/team\/kaduchova\/","name":"Kaduchova - BOOM &amp; SMART","isPartOf":{"@id":"https:\/\/boomandsmart.com\/#website"},"datePublished":"2020-07-26T20:23:53+00:00","dateModified":"2023-12-04T20:32:54+00:00","breadcrumb":{"@id":"https:\/\/boomandsmart.com\/team\/kaduchova\/#breadcrumb"},"inLanguage":"sk-SK","potentialAction":[{"@type":"ReadAction","target":["https:\/\/boomandsmart.com\/team\/kaduchova\/"]}]},{"@type":"BreadcrumbList","@id":"https:\/\/boomandsmart.com\/team\/kaduchova\/#breadcrumb","itemListElement":[{"@type":"ListItem","position":1,"name":"Home","item":"https:\/\/boomandsmart.com\/sk\/"},{"@type":"ListItem","position":2,"name":"T\u00edm","item":"https:\/\/boomandsmart.com\/sk\/tim\/"},{"@type":"ListItem","position":3,"name":"Kaduchova"}]},{"@type":"WebSite","@id":"https:\/\/boomandsmart.com\/#website","url":"https:\/\/boomandsmart.com\/","name":"BOOM &amp; SMART","description":"","potentialAction":[{"@type":"SearchAction","target":{"@type":"EntryPoint","urlTemplate":"https:\/\/boomandsmart.com\/?s={search_term_string}"},"query-input":{"@type":"PropertyValueSpecification","valueRequired":true,"valueName":"search_term_string"}}],"inLanguage":"sk-SK"}]}},"_links":{"self":[{"href":"https:\/\/boomandsmart.com\/sk\/wp-json\/wp\/v2\/pages\/1223","targetHints":{"allow":["GET"]}}],"collection":[{"href":"https:\/\/boomandsmart.com\/sk\/wp-json\/wp\/v2\/pages"}],"about":[{"href":"https:\/\/boomandsmart.com\/sk\/wp-json\/wp\/v2\/types\/page"}],"author":[{"embeddable":true,"href":"https:\/\/boomandsmart.com\/sk\/wp-json\/wp\/v2\/users\/3"}],"replies":[{"embeddable":true,"href":"https:\/\/boomandsmart.com\/sk\/wp-json\/wp\/v2\/comments?post=1223"}],"version-history":[{"count":1,"href":"https:\/\/boomandsmart.com\/sk\/wp-json\/wp\/v2\/pages\/1223\/revisions"}],"predecessor-version":[{"id":1232,"href":"https:\/\/boomandsmart.com\/sk\/wp-json\/wp\/v2\/pages\/1223\/revisions\/1232"}],"up":[{"embeddable":true,"href":"https:\/\/boomandsmart.com\/sk\/wp-json\/wp\/v2\/pages\/1212"}],"wp:attachment":[{"href":"https:\/\/boomandsmart.com\/sk\/wp-json\/wp\/v2\/media?parent=1223"}],"curies":[{"name":"wp","href":"https:\/\/api.w.org\/{rel}","templated":true}]}}