{"id":1224,"date":"2020-07-26T22:24:57","date_gmt":"2020-07-26T20:24:57","guid":{"rendered":"https:\/\/boomandsmart.com\/tim\/kochan\/"},"modified":"2023-12-04T21:33:04","modified_gmt":"2023-12-04T20:33:04","slug":"kochan","status":"publish","type":"page","link":"https:\/\/boomandsmart.com\/sk\/tim\/kochan\/","title":{"rendered":"Kochan"},"content":{"rendered":"<section class=\"l-section wpb_row height_medium\"><div class=\"l-section-h i-cf\"><div class=\"g-cols vc_row via_flex valign_top type_default stacking_default\"><div class=\"vc_col-sm-12 wpb_column vc_column_container\"><div class=\"vc_column-inner\"><div class=\"wpb_wrapper\"><div class=\"g-cols wpb_row via_flex valign_top type_default stacking_default\"><div class=\"vc_col-sm-12 wpb_column vc_column_container us_animate_fade\"><div class=\"vc_column-inner\"><div class=\"wpb_wrapper\"><div class=\"wpb_text_column\"><div class=\"wpb_wrapper\">\n\t\t<div class=\"person-detail\">\n\t\t\t<img decoding=\"async\" src=\"https:\/\/boomandsmart.com\/wp-content\/uploads\/2020\/07\/kochan.jpg\">\n\t\t\t<p class=\"name\">JUDr.  Radim Kochan, PhD.<\/p>\n\t\t\t<p class=\"position\">Pr\u00e1vnik<\/p>\n\t\t\t<p class=\"person_detail\"><p>Radim z\u00edskal pr\u00e1vnick\u00e9 vzdelanie na Pr\u00e1vnickej fakulte UMB Bansk\u00e1 Bystrica v roku 2008. Po ukon\u010den\u00ed \u0161t\u00fadia pracoval ako pr\u00e1vnik v spolo\u010dnosti \u017deleziarne Podbrezov\u00e1 a.s., kde od roku 2010 do roku 2018 p\u00f4sobil na poz\u00edcii ved\u00faceho person\u00e1lneho odboru. Po\u010das tohto obdobia sa okrem riadenia \u010dlenov svojho t\u00edmu zameriaval na oblas\u0165 pracovnopr\u00e1vnych vz\u0165ahov, metodick\u00e9 usmer\u0148ovanie jednotliv\u00fdch organiza\u010dn\u00fdch \u00fatvarov a\u00a0vybran\u00fdch dc\u00e9rskych spolo\u010dnost\u00ed. Od roku 2013 vykon\u00e1val funkciu zodpovednej osoby pre oblas\u0165 ochrany osobn\u00fdch \u00fadajov.<\/p>\n<p>Radim v roku 2014 ukon\u010dil extern\u00e9 doktorandsk\u00e9 \u0161t\u00fadium na Pr\u00e1vnickej fakulte Trnavskej univerzity v Trnave, v \u0161tudijnom odbore Pracovn\u00e9 pr\u00e1vo. Teoretick\u00e9 odborn\u00e9 znalosti postupne nadob\u00fadan\u00e9 po\u010das \u0161t\u00fadia tak mohol premietnu\u0165 priamo do praxe.<\/p>\n<p>Radim sa v novembri 2018 stal \u010dlenom t\u00edmu advok\u00e1tskej kancel\u00e1rie AKMG, v\u00a0ktorej aj po rebrandingu na BOOM &amp; SMART p\u00f4sob\u00ed na poz\u00edcii pr\u00e1vnika so \u0161pecializ\u00e1ciou na pracovn\u00e9 pr\u00e1vo a\u00a0ochranu osobn\u00fdch \u00fadajov. Venuje sa pr\u00edprave dokument\u00e1cie upravuj\u00facej tak individu\u00e1lne, ako aj kolekt\u00edvne pracovnopr\u00e1vne vz\u0165ahy. Pre korpor\u00e1tnych klientov pripravuje intern\u00e9 dokumenty a smernice a\u00a0prostredn\u00edctvom svojich anal\u00fdz a\u00a0stanov\u00edsk navrhuje rie\u0161enia s\u00a0d\u00f4razom na predch\u00e1dzanie sporom. V\u010faka svojej dlhoro\u010dnej \u0161pecializ\u00e1cii z\u00edskal Radim bohat\u00e9 praktick\u00e9 sk\u00fasenosti a\u00a0stal sa expertom pre oblas\u0165 ochrany osobn\u00fdch \u00fadajov.<\/p>\n<p>Hovor\u00ed po slovensky a\u00a0po anglicky.<\/p>\n<p>Office: Slovakia<\/p>\n<\/p>\n\t\t<\/div>\n<\/div><\/div><\/div><\/div><\/div><\/div><div class=\"g-cols wpb_row us_custom_371e9371 via_flex valign_top type_default stacking_default\"><div class=\"vc_col-sm-12 wpb_column vc_column_container us_animate_fade\"><div class=\"vc_column-inner\"><div class=\"wpb_wrapper\"><div class=\"wpb_text_column\"><div class=\"wpb_wrapper\"><h5 style=\"text-align: center;\">Pozrite si<br \/>\n<a href=\"\/?page_id=90\">N\u00e1\u0161 t\u00edm<\/a><\/h5>\n<\/div><\/div><\/div><\/div><\/div><\/div><\/div><\/div><\/div><\/div><\/div><\/section>\n","protected":false},"excerpt":{"rendered":"JUDr. Radim Kochan, PhD. Pr\u00e1vnik Radim z\u00edskal pr\u00e1vnick\u00e9 vzdelanie na Pr\u00e1vnickej fakulte UMB Bansk\u00e1 Bystrica v roku 2008. Po ukon\u010den\u00ed \u0161t\u00fadia pracoval ako pr\u00e1vnik v spolo\u010dnosti \u017deleziarne Podbrezov\u00e1 a.s., kde od roku 2010 do roku 2018 p\u00f4sobil na poz\u00edcii ved\u00faceho person\u00e1lneho odboru. Po\u010das tohto obdobia sa okrem riadenia \u010dlenov svojho t\u00edmu zameriaval na oblas\u0165 pracovnopr\u00e1vnych...","protected":false},"author":3,"featured_media":0,"parent":1212,"menu_order":0,"comment_status":"closed","ping_status":"closed","template":"","meta":{"inline_featured_image":false,"footnotes":""},"class_list":["post-1224","page","type-page","status-publish","hentry"],"yoast_head":"<title>Kochan - BOOM &amp; SMART<\/title>\n<meta name=\"robots\" content=\"index, follow, max-snippet:-1, max-image-preview:large, max-video-preview:-1\" \/>\n<link rel=\"canonical\" href=\"https:\/\/boomandsmart.com\/team\/kochan\/\" \/>\n<meta property=\"og:locale\" content=\"sk_SK\" \/>\n<meta property=\"og:type\" content=\"article\" \/>\n<meta property=\"og:title\" content=\"Kochan - BOOM &amp; SMART\" \/>\n<meta property=\"og:url\" content=\"https:\/\/boomandsmart.com\/team\/kochan\/\" \/>\n<meta property=\"og:site_name\" content=\"BOOM &amp; SMART\" \/>\n<meta property=\"article:modified_time\" content=\"2023-12-04T20:33:04+00:00\" \/>\n<meta name=\"twitter:card\" content=\"summary_large_image\" \/>\n<meta name=\"twitter:label1\" content=\"Predpokladan\u00fd \u010das \u010d\u00edtania\" \/>\n\t<meta name=\"twitter:data1\" content=\"1 min\u00fata\" \/>\n<script type=\"application\/ld+json\" class=\"yoast-schema-graph\">{\"@context\":\"https:\/\/schema.org\",\"@graph\":[{\"@type\":\"WebPage\",\"@id\":\"https:\/\/boomandsmart.com\/team\/kochan\/\",\"url\":\"https:\/\/boomandsmart.com\/team\/kochan\/\",\"name\":\"Kochan - BOOM &amp; SMART\",\"isPartOf\":{\"@id\":\"https:\/\/boomandsmart.com\/#website\"},\"datePublished\":\"2020-07-26T20:24:57+00:00\",\"dateModified\":\"2023-12-04T20:33:04+00:00\",\"breadcrumb\":{\"@id\":\"https:\/\/boomandsmart.com\/team\/kochan\/#breadcrumb\"},\"inLanguage\":\"sk-SK\",\"potentialAction\":[{\"@type\":\"ReadAction\",\"target\":[\"https:\/\/boomandsmart.com\/team\/kochan\/\"]}]},{\"@type\":\"BreadcrumbList\",\"@id\":\"https:\/\/boomandsmart.com\/team\/kochan\/#breadcrumb\",\"itemListElement\":[{\"@type\":\"ListItem\",\"position\":1,\"name\":\"Home\",\"item\":\"https:\/\/boomandsmart.com\/sk\/\"},{\"@type\":\"ListItem\",\"position\":2,\"name\":\"T\u00edm\",\"item\":\"https:\/\/boomandsmart.com\/sk\/tim\/\"},{\"@type\":\"ListItem\",\"position\":3,\"name\":\"Kochan\"}]},{\"@type\":\"WebSite\",\"@id\":\"https:\/\/boomandsmart.com\/#website\",\"url\":\"https:\/\/boomandsmart.com\/\",\"name\":\"BOOM &amp; SMART\",\"description\":\"\",\"potentialAction\":[{\"@type\":\"SearchAction\",\"target\":{\"@type\":\"EntryPoint\",\"urlTemplate\":\"https:\/\/boomandsmart.com\/?s={search_term_string}\"},\"query-input\":{\"@type\":\"PropertyValueSpecification\",\"valueRequired\":true,\"valueName\":\"search_term_string\"}}],\"inLanguage\":\"sk-SK\"}]}<\/script>","yoast_head_json":{"title":"Kochan - BOOM &amp; SMART","robots":{"index":"index","follow":"follow","max-snippet":"max-snippet:-1","max-image-preview":"max-image-preview:large","max-video-preview":"max-video-preview:-1"},"canonical":"https:\/\/boomandsmart.com\/team\/kochan\/","og_locale":"sk_SK","og_type":"article","og_title":"Kochan - BOOM &amp; SMART","og_url":"https:\/\/boomandsmart.com\/team\/kochan\/","og_site_name":"BOOM &amp; SMART","article_modified_time":"2023-12-04T20:33:04+00:00","twitter_card":"summary_large_image","twitter_misc":{"Predpokladan\u00fd \u010das \u010d\u00edtania":"1 min\u00fata"},"schema":{"@context":"https:\/\/schema.org","@graph":[{"@type":"WebPage","@id":"https:\/\/boomandsmart.com\/team\/kochan\/","url":"https:\/\/boomandsmart.com\/team\/kochan\/","name":"Kochan - BOOM &amp; SMART","isPartOf":{"@id":"https:\/\/boomandsmart.com\/#website"},"datePublished":"2020-07-26T20:24:57+00:00","dateModified":"2023-12-04T20:33:04+00:00","breadcrumb":{"@id":"https:\/\/boomandsmart.com\/team\/kochan\/#breadcrumb"},"inLanguage":"sk-SK","potentialAction":[{"@type":"ReadAction","target":["https:\/\/boomandsmart.com\/team\/kochan\/"]}]},{"@type":"BreadcrumbList","@id":"https:\/\/boomandsmart.com\/team\/kochan\/#breadcrumb","itemListElement":[{"@type":"ListItem","position":1,"name":"Home","item":"https:\/\/boomandsmart.com\/sk\/"},{"@type":"ListItem","position":2,"name":"T\u00edm","item":"https:\/\/boomandsmart.com\/sk\/tim\/"},{"@type":"ListItem","position":3,"name":"Kochan"}]},{"@type":"WebSite","@id":"https:\/\/boomandsmart.com\/#website","url":"https:\/\/boomandsmart.com\/","name":"BOOM &amp; SMART","description":"","potentialAction":[{"@type":"SearchAction","target":{"@type":"EntryPoint","urlTemplate":"https:\/\/boomandsmart.com\/?s={search_term_string}"},"query-input":{"@type":"PropertyValueSpecification","valueRequired":true,"valueName":"search_term_string"}}],"inLanguage":"sk-SK"}]}},"_links":{"self":[{"href":"https:\/\/boomandsmart.com\/sk\/wp-json\/wp\/v2\/pages\/1224","targetHints":{"allow":["GET"]}}],"collection":[{"href":"https:\/\/boomandsmart.com\/sk\/wp-json\/wp\/v2\/pages"}],"about":[{"href":"https:\/\/boomandsmart.com\/sk\/wp-json\/wp\/v2\/types\/page"}],"author":[{"embeddable":true,"href":"https:\/\/boomandsmart.com\/sk\/wp-json\/wp\/v2\/users\/3"}],"replies":[{"embeddable":true,"href":"https:\/\/boomandsmart.com\/sk\/wp-json\/wp\/v2\/comments?post=1224"}],"version-history":[{"count":1,"href":"https:\/\/boomandsmart.com\/sk\/wp-json\/wp\/v2\/pages\/1224\/revisions"}],"predecessor-version":[{"id":1233,"href":"https:\/\/boomandsmart.com\/sk\/wp-json\/wp\/v2\/pages\/1224\/revisions\/1233"}],"up":[{"embeddable":true,"href":"https:\/\/boomandsmart.com\/sk\/wp-json\/wp\/v2\/pages\/1212"}],"wp:attachment":[{"href":"https:\/\/boomandsmart.com\/sk\/wp-json\/wp\/v2\/media?parent=1224"}],"curies":[{"name":"wp","href":"https:\/\/api.w.org\/{rel}","templated":true}]}}