{"id":1225,"date":"2023-09-25T22:18:41","date_gmt":"2023-09-25T20:18:41","guid":{"rendered":"https:\/\/boomandsmart.com\/tim\/nikoliny\/"},"modified":"2023-12-04T21:33:12","modified_gmt":"2023-12-04T20:33:12","slug":"nikoliny","status":"publish","type":"page","link":"https:\/\/boomandsmart.com\/sk\/tim\/nikoliny\/","title":{"rendered":"Nikoliny"},"content":{"rendered":"<section class=\"l-section wpb_row height_medium\"><div class=\"l-section-h i-cf\"><div class=\"g-cols vc_row via_flex valign_top type_default stacking_default\"><div class=\"vc_col-sm-12 wpb_column vc_column_container\"><div class=\"vc_column-inner\"><div class=\"wpb_wrapper\"><div class=\"g-cols wpb_row via_flex valign_top type_default stacking_default\"><div class=\"vc_col-sm-12 wpb_column vc_column_container us_animate_fade\"><div class=\"vc_column-inner\"><div class=\"wpb_wrapper\"><div class=\"wpb_text_column\"><div class=\"wpb_wrapper\">\n\t\t<div class=\"person-detail\">\n\t\t\t<img decoding=\"async\" src=\"https:\/\/boomandsmart.com\/wp-content\/uploads\/2023\/09\/nikoliny.jpg\">\n\t\t\t<p class=\"name\">JUDr. Diana Nikoliny<\/p>\n\t\t\t<p class=\"position\">Advok\u00e1tsky koncipient<\/p>\n\t\t\t<p class=\"person_detail\"><p>Diana po\u010das \u0161t\u00fadia nadobudla pracovn\u00e9 sk\u00fasenosti v r\u00f4znych oblastiach vr\u00e1tane pr\u00e1ce pr\u00e1vnej asistentky v medzin\u00e1rodnej advok\u00e1tskej kancel\u00e1rii a st\u00e1\u017ee na \u00darade priemyseln\u00e9ho vlastn\u00edctva SR. Po ukon\u010den\u00ed \u0161t\u00fadia v\u00a0roku 2022 na Pr\u00e1vnickej fakulte Univerzity Komensk\u00e9ho Diana nast\u00fapila do BOOM &amp; SMART, kde pokra\u010duje v p\u00f4soben\u00ed ako koncipientka zap\u00edsan\u00e1 do zoznamu koncipientov vedenom Slovenskou advok\u00e1tskou komorou. V roku 2026 pl\u00e1nuje absolvova\u0165 advok\u00e1tske sk\u00fa\u0161ky.<\/p>\n<p>Vo svojej praxi sa Diana zameriava na obchodn\u00e9 pr\u00e1vo, obchodn\u00e9 transakcie, M&amp;A, ob\u010dianske pr\u00e1vo, insolven\u010dn\u00e9 konania, pracovnopr\u00e1vne vz\u0165ahy a spr\u00e1vne pr\u00e1vo.<\/p>\n<p>Hovor\u00ed slovensky, anglicky a franc\u00fazsky.<\/p>\n<\/p>\n\t\t<\/div>\n<\/div><\/div><\/div><\/div><\/div><\/div><div class=\"g-cols wpb_row us_custom_371e9371 via_flex valign_top type_default stacking_default\"><div class=\"vc_col-sm-12 wpb_column vc_column_container us_animate_fade\"><div class=\"vc_column-inner\"><div class=\"wpb_wrapper\"><div class=\"wpb_text_column\"><div class=\"wpb_wrapper\"><h5 style=\"text-align: center;\">Pozrite si<br \/>\n<a href=\"\/?page_id=90\">N\u00e1\u0161 t\u00edm<\/a><\/h5>\n<\/div><\/div><\/div><\/div><\/div><\/div><\/div><\/div><\/div><\/div><\/div><\/section>\n","protected":false},"excerpt":{"rendered":"JUDr. Diana Nikoliny Advok\u00e1tsky koncipient Diana po\u010das \u0161t\u00fadia nadobudla pracovn\u00e9 sk\u00fasenosti v r\u00f4znych oblastiach vr\u00e1tane pr\u00e1ce pr\u00e1vnej asistentky v medzin\u00e1rodnej advok\u00e1tskej kancel\u00e1rii a st\u00e1\u017ee na \u00darade priemyseln\u00e9ho vlastn\u00edctva SR. Po ukon\u010den\u00ed \u0161t\u00fadia v\u00a0roku 2022 na Pr\u00e1vnickej fakulte Univerzity Komensk\u00e9ho Diana nast\u00fapila do BOOM &amp; SMART, kde pokra\u010duje v p\u00f4soben\u00ed ako koncipientka zap\u00edsan\u00e1 do zoznamu koncipientov...","protected":false},"author":3,"featured_media":0,"parent":1212,"menu_order":0,"comment_status":"closed","ping_status":"closed","template":"","meta":{"inline_featured_image":false,"footnotes":""},"class_list":["post-1225","page","type-page","status-publish","hentry"],"yoast_head":"<title>Nikoliny - BOOM &amp; SMART<\/title>\n<meta name=\"robots\" content=\"index, follow, max-snippet:-1, max-image-preview:large, max-video-preview:-1\" \/>\n<link rel=\"canonical\" href=\"https:\/\/boomandsmart.com\/team\/nikoliny\/\" \/>\n<meta property=\"og:locale\" content=\"sk_SK\" \/>\n<meta property=\"og:type\" content=\"article\" \/>\n<meta property=\"og:title\" content=\"Nikoliny - BOOM &amp; SMART\" \/>\n<meta property=\"og:url\" content=\"https:\/\/boomandsmart.com\/team\/nikoliny\/\" \/>\n<meta property=\"og:site_name\" content=\"BOOM &amp; SMART\" \/>\n<meta property=\"article:modified_time\" content=\"2023-12-04T20:33:12+00:00\" \/>\n<meta name=\"twitter:card\" content=\"summary_large_image\" \/>\n<meta name=\"twitter:label1\" content=\"Predpokladan\u00fd \u010das \u010d\u00edtania\" \/>\n\t<meta name=\"twitter:data1\" content=\"1 min\u00fata\" \/>\n<script type=\"application\/ld+json\" class=\"yoast-schema-graph\">{\"@context\":\"https:\/\/schema.org\",\"@graph\":[{\"@type\":\"WebPage\",\"@id\":\"https:\/\/boomandsmart.com\/team\/nikoliny\/\",\"url\":\"https:\/\/boomandsmart.com\/team\/nikoliny\/\",\"name\":\"Nikoliny - BOOM &amp; SMART\",\"isPartOf\":{\"@id\":\"https:\/\/boomandsmart.com\/#website\"},\"datePublished\":\"2023-09-25T20:18:41+00:00\",\"dateModified\":\"2023-12-04T20:33:12+00:00\",\"breadcrumb\":{\"@id\":\"https:\/\/boomandsmart.com\/team\/nikoliny\/#breadcrumb\"},\"inLanguage\":\"sk-SK\",\"potentialAction\":[{\"@type\":\"ReadAction\",\"target\":[\"https:\/\/boomandsmart.com\/team\/nikoliny\/\"]}]},{\"@type\":\"BreadcrumbList\",\"@id\":\"https:\/\/boomandsmart.com\/team\/nikoliny\/#breadcrumb\",\"itemListElement\":[{\"@type\":\"ListItem\",\"position\":1,\"name\":\"Home\",\"item\":\"https:\/\/boomandsmart.com\/sk\/\"},{\"@type\":\"ListItem\",\"position\":2,\"name\":\"T\u00edm\",\"item\":\"https:\/\/boomandsmart.com\/sk\/tim\/\"},{\"@type\":\"ListItem\",\"position\":3,\"name\":\"Nikoliny\"}]},{\"@type\":\"WebSite\",\"@id\":\"https:\/\/boomandsmart.com\/#website\",\"url\":\"https:\/\/boomandsmart.com\/\",\"name\":\"BOOM &amp; SMART\",\"description\":\"\",\"potentialAction\":[{\"@type\":\"SearchAction\",\"target\":{\"@type\":\"EntryPoint\",\"urlTemplate\":\"https:\/\/boomandsmart.com\/?s={search_term_string}\"},\"query-input\":{\"@type\":\"PropertyValueSpecification\",\"valueRequired\":true,\"valueName\":\"search_term_string\"}}],\"inLanguage\":\"sk-SK\"}]}<\/script>","yoast_head_json":{"title":"Nikoliny - BOOM &amp; SMART","robots":{"index":"index","follow":"follow","max-snippet":"max-snippet:-1","max-image-preview":"max-image-preview:large","max-video-preview":"max-video-preview:-1"},"canonical":"https:\/\/boomandsmart.com\/team\/nikoliny\/","og_locale":"sk_SK","og_type":"article","og_title":"Nikoliny - BOOM &amp; SMART","og_url":"https:\/\/boomandsmart.com\/team\/nikoliny\/","og_site_name":"BOOM &amp; SMART","article_modified_time":"2023-12-04T20:33:12+00:00","twitter_card":"summary_large_image","twitter_misc":{"Predpokladan\u00fd \u010das \u010d\u00edtania":"1 min\u00fata"},"schema":{"@context":"https:\/\/schema.org","@graph":[{"@type":"WebPage","@id":"https:\/\/boomandsmart.com\/team\/nikoliny\/","url":"https:\/\/boomandsmart.com\/team\/nikoliny\/","name":"Nikoliny - BOOM &amp; SMART","isPartOf":{"@id":"https:\/\/boomandsmart.com\/#website"},"datePublished":"2023-09-25T20:18:41+00:00","dateModified":"2023-12-04T20:33:12+00:00","breadcrumb":{"@id":"https:\/\/boomandsmart.com\/team\/nikoliny\/#breadcrumb"},"inLanguage":"sk-SK","potentialAction":[{"@type":"ReadAction","target":["https:\/\/boomandsmart.com\/team\/nikoliny\/"]}]},{"@type":"BreadcrumbList","@id":"https:\/\/boomandsmart.com\/team\/nikoliny\/#breadcrumb","itemListElement":[{"@type":"ListItem","position":1,"name":"Home","item":"https:\/\/boomandsmart.com\/sk\/"},{"@type":"ListItem","position":2,"name":"T\u00edm","item":"https:\/\/boomandsmart.com\/sk\/tim\/"},{"@type":"ListItem","position":3,"name":"Nikoliny"}]},{"@type":"WebSite","@id":"https:\/\/boomandsmart.com\/#website","url":"https:\/\/boomandsmart.com\/","name":"BOOM &amp; SMART","description":"","potentialAction":[{"@type":"SearchAction","target":{"@type":"EntryPoint","urlTemplate":"https:\/\/boomandsmart.com\/?s={search_term_string}"},"query-input":{"@type":"PropertyValueSpecification","valueRequired":true,"valueName":"search_term_string"}}],"inLanguage":"sk-SK"}]}},"_links":{"self":[{"href":"https:\/\/boomandsmart.com\/sk\/wp-json\/wp\/v2\/pages\/1225","targetHints":{"allow":["GET"]}}],"collection":[{"href":"https:\/\/boomandsmart.com\/sk\/wp-json\/wp\/v2\/pages"}],"about":[{"href":"https:\/\/boomandsmart.com\/sk\/wp-json\/wp\/v2\/types\/page"}],"author":[{"embeddable":true,"href":"https:\/\/boomandsmart.com\/sk\/wp-json\/wp\/v2\/users\/3"}],"replies":[{"embeddable":true,"href":"https:\/\/boomandsmart.com\/sk\/wp-json\/wp\/v2\/comments?post=1225"}],"version-history":[{"count":1,"href":"https:\/\/boomandsmart.com\/sk\/wp-json\/wp\/v2\/pages\/1225\/revisions"}],"predecessor-version":[{"id":1234,"href":"https:\/\/boomandsmart.com\/sk\/wp-json\/wp\/v2\/pages\/1225\/revisions\/1234"}],"up":[{"embeddable":true,"href":"https:\/\/boomandsmart.com\/sk\/wp-json\/wp\/v2\/pages\/1212"}],"wp:attachment":[{"href":"https:\/\/boomandsmart.com\/sk\/wp-json\/wp\/v2\/media?parent=1225"}],"curies":[{"name":"wp","href":"https:\/\/api.w.org\/{rel}","templated":true}]}}