{"id":1226,"date":"2020-07-26T22:24:23","date_gmt":"2020-07-26T20:24:23","guid":{"rendered":"https:\/\/boomandsmart.com\/tim\/tavaciakova\/"},"modified":"2023-12-04T21:33:21","modified_gmt":"2023-12-04T20:33:21","slug":"tavaciakova","status":"publish","type":"page","link":"https:\/\/boomandsmart.com\/sk\/tim\/tavaciakova\/","title":{"rendered":"Tavaciakova"},"content":{"rendered":"<section class=\"l-section wpb_row height_medium\"><div class=\"l-section-h i-cf\"><div class=\"g-cols vc_row via_flex valign_top type_default stacking_default\"><div class=\"vc_col-sm-12 wpb_column vc_column_container\"><div class=\"vc_column-inner\"><div class=\"wpb_wrapper\"><div class=\"g-cols wpb_row via_flex valign_top type_default stacking_default\"><div class=\"vc_col-sm-12 wpb_column vc_column_container us_animate_fade\"><div class=\"vc_column-inner\"><div class=\"wpb_wrapper\"><div class=\"wpb_text_column\"><div class=\"wpb_wrapper\">\n\t\t<div class=\"person-detail\">\n\t\t\t<img decoding=\"async\" src=\"https:\/\/boomandsmart.com\/wp-content\/uploads\/2020\/07\/tavaciakova.jpg\">\n\t\t\t<p class=\"name\">JUDr. Zuzana Tava\u010diakov\u00e1<\/p>\n\t\t\t<p class=\"position\">Advok\u00e1tka<\/p>\n\t\t\t<p class=\"person_detail\"><p>Zuzana u\u017e po\u010das svojho \u0161t\u00fadia na pr\u00e1vnickej fakulte z\u00edskavala viacer\u00e9 pracovn\u00e9 sk\u00fasenosti, a to st\u00e1\u017eou na Okresnom s\u00fade v\u00a0\u017diline, kde sa venovala exeku\u010dnej a\u00a0ob\u010dianskopr\u00e1vnej agende a\u00a0takisto p\u00f4sobila po\u010das \u0161t\u00fadia na poz\u00edcii pr\u00e1vnej asistentky v\u00a0advok\u00e1tskej kancel\u00e1rii, ktor\u00e1 sa venuje najm\u00e4 konkurzn\u00e9mu pr\u00e1vu.<\/p>\n<p>Po ukon\u010den\u00ed \u0161t\u00fadia v\u00a0roku 2016 sa Zuzana\u00a0 stala\u00a0 \u010dlenkou t\u00edmu advok\u00e1tskej kancel\u00e1rie AKMG (v s\u00fa\u010dasnosti BOOM &amp; SMART), v\u00a0ktorej p\u00f4sob\u00ed na poz\u00edcii advok\u00e1tskej koncipientky zap\u00edsanej do zoznamu koncipientov vedenom Slovenskou advok\u00e1tskou komorou. V\u00a0okt\u00f3bri 2023 \u00faspe\u0161ne absolvovala advok\u00e1tske sk\u00fa\u0161ky.<\/p>\n<p>V\u00a0r\u00e1mci svojho p\u00f4sobenia sa Zuzana \u0161pecializuje na oblas\u0165 verejn\u00e9ho obstar\u00e1vania pre klientov vystupuj\u00facich v\u00a0postaven\u00ed verejn\u00fdch obstar\u00e1vate\u013eov, ako aj v\u00a0postaven\u00ed z\u00e1ujemcov, pri\u010dom v\u010faka svojmu kreat\u00edvnemu mysleniu sa sna\u017e\u00ed v\u017edy n\u00e1js\u0165 optim\u00e1lne pr\u00e1vne rie\u0161enia vyhovuj\u00face potreb\u00e1m klienta.<\/p>\n<p>Zuzana sa z\u00e1rove\u0148 venuje sporovej agende s akcentom na oblas\u0165 energetiky a ob\u010dianskeho pr\u00e1va, kde je v\u010faka navrhnutej strat\u00e9gii v\u017edy rada o\u00a0nieko\u013eko krokov vpred pred protistranou. Zuzana sa zauj\u00edma aj o\u00a0pr\u00e1vne poradenstvo v\u00a0oblasti da\u0148ov\u00e9ho pr\u00e1va, kde m\u00e1 bohat\u00e9 sk\u00fasenosti pri zastupovan\u00ed klientov v\u00a0spr\u00e1vnom konan\u00ed a\u00a0v\u00a0konan\u00ed o\u00a0spr\u00e1vnych \u017ealob\u00e1ch.<\/p>\n<p>Hovor\u00ed po slovensky a\u00a0po anglicky.<\/p>\n<p>Office: Slovakia<\/p>\n<\/p>\n\t\t<\/div>\n<\/div><\/div><\/div><\/div><\/div><\/div><div class=\"g-cols wpb_row us_custom_371e9371 via_flex valign_top type_default stacking_default\"><div class=\"vc_col-sm-12 wpb_column vc_column_container us_animate_fade\"><div class=\"vc_column-inner\"><div class=\"wpb_wrapper\"><div class=\"wpb_text_column\"><div class=\"wpb_wrapper\"><h5 style=\"text-align: center;\">Pozrite si<br \/>\n<a href=\"\/?page_id=90\">N\u00e1\u0161 t\u00edm<\/a><\/h5>\n<\/div><\/div><\/div><\/div><\/div><\/div><\/div><\/div><\/div><\/div><\/div><\/section>\n","protected":false},"excerpt":{"rendered":"JUDr. Zuzana Tava\u010diakov\u00e1 Advok\u00e1tka Zuzana u\u017e po\u010das svojho \u0161t\u00fadia na pr\u00e1vnickej fakulte z\u00edskavala viacer\u00e9 pracovn\u00e9 sk\u00fasenosti, a to st\u00e1\u017eou na Okresnom s\u00fade v\u00a0\u017diline, kde sa venovala exeku\u010dnej a\u00a0ob\u010dianskopr\u00e1vnej agende a\u00a0takisto p\u00f4sobila po\u010das \u0161t\u00fadia na poz\u00edcii pr\u00e1vnej asistentky v\u00a0advok\u00e1tskej kancel\u00e1rii, ktor\u00e1 sa venuje najm\u00e4 konkurzn\u00e9mu pr\u00e1vu. Po ukon\u010den\u00ed \u0161t\u00fadia v\u00a0roku 2016 sa Zuzana\u00a0 stala\u00a0 \u010dlenkou t\u00edmu...","protected":false},"author":3,"featured_media":0,"parent":1212,"menu_order":0,"comment_status":"closed","ping_status":"closed","template":"","meta":{"inline_featured_image":false,"footnotes":""},"class_list":["post-1226","page","type-page","status-publish","hentry"],"yoast_head":"<title>Tavaciakova - BOOM &amp; SMART<\/title>\n<meta name=\"robots\" content=\"index, follow, max-snippet:-1, max-image-preview:large, max-video-preview:-1\" \/>\n<link rel=\"canonical\" href=\"https:\/\/boomandsmart.com\/team\/tavaciakova\/\" \/>\n<meta property=\"og:locale\" content=\"sk_SK\" \/>\n<meta property=\"og:type\" content=\"article\" \/>\n<meta property=\"og:title\" content=\"Tavaciakova - BOOM &amp; SMART\" \/>\n<meta property=\"og:url\" content=\"https:\/\/boomandsmart.com\/team\/tavaciakova\/\" \/>\n<meta property=\"og:site_name\" content=\"BOOM &amp; SMART\" \/>\n<meta property=\"article:modified_time\" content=\"2023-12-04T20:33:21+00:00\" \/>\n<meta name=\"twitter:card\" content=\"summary_large_image\" \/>\n<script type=\"application\/ld+json\" class=\"yoast-schema-graph\">{\"@context\":\"https:\/\/schema.org\",\"@graph\":[{\"@type\":\"WebPage\",\"@id\":\"https:\/\/boomandsmart.com\/team\/tavaciakova\/\",\"url\":\"https:\/\/boomandsmart.com\/team\/tavaciakova\/\",\"name\":\"Tavaciakova - BOOM &amp; SMART\",\"isPartOf\":{\"@id\":\"https:\/\/boomandsmart.com\/#website\"},\"datePublished\":\"2020-07-26T20:24:23+00:00\",\"dateModified\":\"2023-12-04T20:33:21+00:00\",\"breadcrumb\":{\"@id\":\"https:\/\/boomandsmart.com\/team\/tavaciakova\/#breadcrumb\"},\"inLanguage\":\"sk-SK\",\"potentialAction\":[{\"@type\":\"ReadAction\",\"target\":[\"https:\/\/boomandsmart.com\/team\/tavaciakova\/\"]}]},{\"@type\":\"BreadcrumbList\",\"@id\":\"https:\/\/boomandsmart.com\/team\/tavaciakova\/#breadcrumb\",\"itemListElement\":[{\"@type\":\"ListItem\",\"position\":1,\"name\":\"Home\",\"item\":\"https:\/\/boomandsmart.com\/sk\/\"},{\"@type\":\"ListItem\",\"position\":2,\"name\":\"T\u00edm\",\"item\":\"https:\/\/boomandsmart.com\/sk\/tim\/\"},{\"@type\":\"ListItem\",\"position\":3,\"name\":\"Tavaciakova\"}]},{\"@type\":\"WebSite\",\"@id\":\"https:\/\/boomandsmart.com\/#website\",\"url\":\"https:\/\/boomandsmart.com\/\",\"name\":\"BOOM &amp; SMART\",\"description\":\"\",\"potentialAction\":[{\"@type\":\"SearchAction\",\"target\":{\"@type\":\"EntryPoint\",\"urlTemplate\":\"https:\/\/boomandsmart.com\/?s={search_term_string}\"},\"query-input\":{\"@type\":\"PropertyValueSpecification\",\"valueRequired\":true,\"valueName\":\"search_term_string\"}}],\"inLanguage\":\"sk-SK\"}]}<\/script>","yoast_head_json":{"title":"Tavaciakova - BOOM &amp; SMART","robots":{"index":"index","follow":"follow","max-snippet":"max-snippet:-1","max-image-preview":"max-image-preview:large","max-video-preview":"max-video-preview:-1"},"canonical":"https:\/\/boomandsmart.com\/team\/tavaciakova\/","og_locale":"sk_SK","og_type":"article","og_title":"Tavaciakova - BOOM &amp; SMART","og_url":"https:\/\/boomandsmart.com\/team\/tavaciakova\/","og_site_name":"BOOM &amp; SMART","article_modified_time":"2023-12-04T20:33:21+00:00","twitter_card":"summary_large_image","schema":{"@context":"https:\/\/schema.org","@graph":[{"@type":"WebPage","@id":"https:\/\/boomandsmart.com\/team\/tavaciakova\/","url":"https:\/\/boomandsmart.com\/team\/tavaciakova\/","name":"Tavaciakova - BOOM &amp; SMART","isPartOf":{"@id":"https:\/\/boomandsmart.com\/#website"},"datePublished":"2020-07-26T20:24:23+00:00","dateModified":"2023-12-04T20:33:21+00:00","breadcrumb":{"@id":"https:\/\/boomandsmart.com\/team\/tavaciakova\/#breadcrumb"},"inLanguage":"sk-SK","potentialAction":[{"@type":"ReadAction","target":["https:\/\/boomandsmart.com\/team\/tavaciakova\/"]}]},{"@type":"BreadcrumbList","@id":"https:\/\/boomandsmart.com\/team\/tavaciakova\/#breadcrumb","itemListElement":[{"@type":"ListItem","position":1,"name":"Home","item":"https:\/\/boomandsmart.com\/sk\/"},{"@type":"ListItem","position":2,"name":"T\u00edm","item":"https:\/\/boomandsmart.com\/sk\/tim\/"},{"@type":"ListItem","position":3,"name":"Tavaciakova"}]},{"@type":"WebSite","@id":"https:\/\/boomandsmart.com\/#website","url":"https:\/\/boomandsmart.com\/","name":"BOOM &amp; SMART","description":"","potentialAction":[{"@type":"SearchAction","target":{"@type":"EntryPoint","urlTemplate":"https:\/\/boomandsmart.com\/?s={search_term_string}"},"query-input":{"@type":"PropertyValueSpecification","valueRequired":true,"valueName":"search_term_string"}}],"inLanguage":"sk-SK"}]}},"_links":{"self":[{"href":"https:\/\/boomandsmart.com\/sk\/wp-json\/wp\/v2\/pages\/1226","targetHints":{"allow":["GET"]}}],"collection":[{"href":"https:\/\/boomandsmart.com\/sk\/wp-json\/wp\/v2\/pages"}],"about":[{"href":"https:\/\/boomandsmart.com\/sk\/wp-json\/wp\/v2\/types\/page"}],"author":[{"embeddable":true,"href":"https:\/\/boomandsmart.com\/sk\/wp-json\/wp\/v2\/users\/3"}],"replies":[{"embeddable":true,"href":"https:\/\/boomandsmart.com\/sk\/wp-json\/wp\/v2\/comments?post=1226"}],"version-history":[{"count":1,"href":"https:\/\/boomandsmart.com\/sk\/wp-json\/wp\/v2\/pages\/1226\/revisions"}],"predecessor-version":[{"id":1235,"href":"https:\/\/boomandsmart.com\/sk\/wp-json\/wp\/v2\/pages\/1226\/revisions\/1235"}],"up":[{"embeddable":true,"href":"https:\/\/boomandsmart.com\/sk\/wp-json\/wp\/v2\/pages\/1212"}],"wp:attachment":[{"href":"https:\/\/boomandsmart.com\/sk\/wp-json\/wp\/v2\/media?parent=1226"}],"curies":[{"name":"wp","href":"https:\/\/api.w.org\/{rel}","templated":true}]}}