{"id":1227,"date":"2020-07-26T22:20:56","date_gmt":"2020-07-26T20:20:56","guid":{"rendered":"https:\/\/boomandsmart.com\/tim\/vilhan\/"},"modified":"2023-12-04T21:33:30","modified_gmt":"2023-12-04T20:33:30","slug":"vilhan","status":"publish","type":"page","link":"https:\/\/boomandsmart.com\/sk\/tim\/vilhan\/","title":{"rendered":"Vilhan"},"content":{"rendered":"<section class=\"l-section wpb_row height_medium\"><div class=\"l-section-h i-cf\"><div class=\"g-cols vc_row via_flex valign_top type_default stacking_default\"><div class=\"vc_col-sm-12 wpb_column vc_column_container\"><div class=\"vc_column-inner\"><div class=\"wpb_wrapper\"><div class=\"g-cols wpb_row via_flex valign_top type_default stacking_default\"><div class=\"vc_col-sm-12 wpb_column vc_column_container us_animate_fade\"><div class=\"vc_column-inner\"><div class=\"wpb_wrapper\"><div class=\"wpb_text_column\"><div class=\"wpb_wrapper\">\n\t\t<div class=\"person-detail\">\n\t\t\t<img decoding=\"async\" src=\"https:\/\/boomandsmart.com\/wp-content\/uploads\/2020\/07\/vilhan.jpg\">\n\t\t\t<p class=\"name\">JUDr. Andrej Vilhan<\/p>\n\t\t\t<p class=\"position\">Advok\u00e1t<\/p>\n\t\t\t<p class=\"person_detail\"><p>Andrej z\u00edskal pr\u00e1vnick\u00e9 vzdelanie na Pr\u00e1vnickej fakulte UMB Bansk\u00e1 Bystrica v roku 2009. Od febru\u00e1ra 2010 a\u017e do j\u00fana 2013 bol zap\u00edsan\u00fd v zozname advok\u00e1tskych koncipientov SAK, v\u00a0r\u00e1mci \u010doho si osvojil nielen sporov\u00fa a\u00a0nesporov\u00fa agendu advok\u00e1tskej kancel\u00e1rie, ale akt\u00edvne participoval na \u010dinnosti spr\u00e1vcu konkurznej podstaty pri administrovan\u00ed konkurzov a pr\u00edprave re\u0161trukturaliza\u010dn\u00fdch posudkov.<\/p>\n<p>V apr\u00edli 2013 absolvoval advok\u00e1tske sk\u00fa\u0161ky s\u00a0vyznamenan\u00edm a\u00a0od j\u00fala 2013 je zap\u00edsan\u00fd v\u00a0zozname advok\u00e1tov SAK. V\u00a0\u00favodn\u00fdch rokoch p\u00f4sobenia v\u00a0Banskej Bystrici sa zameriaval na oblas\u0165 s\u00fakromn\u00e9ho pr\u00e1va, kde v\u00a0r\u00e1mci sporovej agendy zastupoval klientov pri uplat\u0148ovan\u00ed svojich n\u00e1rokov na s\u00fade.<\/p>\n<p>Rok 2016 bol pre Andreja d\u00f4le\u017eit\u00fdm \u010dasov\u00fdm m\u00ed\u013enikom, preto\u017ee pohodlie men\u0161ieho mesta a\u00a0malej kancel\u00e1rie vymenil za ruch ve\u013ekomesta a\u00a0\u010dlenstvo v stredne ve\u013ekej advok\u00e1tskej kancel\u00e1rii. V\u00a0poz\u00edcii pridru\u017een\u00e9ho advok\u00e1ta na\u010falej p\u00f4sobil v sporovej agende, v\u00a0r\u00e1mci \u010doho sa stal senior advok\u00e1tom litiga\u010dn\u00e9ho oddelenia klientov. Okrem toho v\u0161ak za\u010dal participova\u0165 na akvizi\u010dn\u00fdch projektoch, v\u00a0r\u00e1mci \u010doho sa podie\u013eal na nieko\u013ek\u00fdch transakci\u00e1ch majetku (asset deal) \u010di \u00fa\u010dastn\u00edctva v\u00a0spolo\u010dnostiach (share deal).<\/p>\n<p>Kolekt\u00edv advok\u00e1tskej kancel\u00e1rie AKMG roz\u0161\u00edril v\u00a0septembri 2019 pred rebrandingom na BOOM &amp; SMART, kde sa hne\u010f v\u00a0\u00favode podie\u013eal na majetkovej transakcii pre zahrani\u010dn\u00e9ho klienta. V\u00a0akvizi\u010dnom zameran\u00ed pokra\u010duje aj na\u010falej.<\/p>\n<p>Hovor\u00ed po slovensky a po anglicky.<\/p>\n<p>Office: Slovakia<\/p>\n<\/p>\n\t\t<\/div>\n<\/div><\/div><\/div><\/div><\/div><\/div><div class=\"g-cols wpb_row us_custom_371e9371 via_flex valign_top type_default stacking_default\"><div class=\"vc_col-sm-12 wpb_column vc_column_container us_animate_fade\"><div class=\"vc_column-inner\"><div class=\"wpb_wrapper\"><div class=\"wpb_text_column\"><div class=\"wpb_wrapper\"><h5 style=\"text-align: center;\">Pozrite si<br \/>\n<a href=\"\/?page_id=90\">N\u00e1\u0161 t\u00edm<\/a><\/h5>\n<\/div><\/div><\/div><\/div><\/div><\/div><\/div><\/div><\/div><\/div><\/div><\/section>\n","protected":false},"excerpt":{"rendered":"JUDr. Andrej Vilhan Advok\u00e1t Andrej z\u00edskal pr\u00e1vnick\u00e9 vzdelanie na Pr\u00e1vnickej fakulte UMB Bansk\u00e1 Bystrica v roku 2009. Od febru\u00e1ra 2010 a\u017e do j\u00fana 2013 bol zap\u00edsan\u00fd v zozname advok\u00e1tskych koncipientov SAK, v\u00a0r\u00e1mci \u010doho si osvojil nielen sporov\u00fa a\u00a0nesporov\u00fa agendu advok\u00e1tskej kancel\u00e1rie, ale akt\u00edvne participoval na \u010dinnosti spr\u00e1vcu konkurznej podstaty pri administrovan\u00ed konkurzov a pr\u00edprave re\u0161trukturaliza\u010dn\u00fdch...","protected":false},"author":3,"featured_media":0,"parent":1212,"menu_order":0,"comment_status":"closed","ping_status":"closed","template":"","meta":{"inline_featured_image":false,"footnotes":""},"class_list":["post-1227","page","type-page","status-publish","hentry"],"yoast_head":"<title>Vilhan - BOOM &amp; SMART<\/title>\n<meta name=\"robots\" content=\"index, follow, max-snippet:-1, max-image-preview:large, max-video-preview:-1\" \/>\n<link rel=\"canonical\" href=\"https:\/\/boomandsmart.com\/team\/vilhan\/\" \/>\n<meta property=\"og:locale\" content=\"sk_SK\" \/>\n<meta property=\"og:type\" content=\"article\" \/>\n<meta property=\"og:title\" content=\"Vilhan - BOOM &amp; SMART\" \/>\n<meta property=\"og:url\" content=\"https:\/\/boomandsmart.com\/team\/vilhan\/\" \/>\n<meta property=\"og:site_name\" content=\"BOOM &amp; SMART\" \/>\n<meta property=\"article:modified_time\" content=\"2023-12-04T20:33:30+00:00\" \/>\n<meta name=\"twitter:card\" content=\"summary_large_image\" \/>\n<meta name=\"twitter:label1\" content=\"Predpokladan\u00fd \u010das \u010d\u00edtania\" \/>\n\t<meta name=\"twitter:data1\" content=\"1 min\u00fata\" \/>\n<script type=\"application\/ld+json\" class=\"yoast-schema-graph\">{\"@context\":\"https:\/\/schema.org\",\"@graph\":[{\"@type\":\"WebPage\",\"@id\":\"https:\/\/boomandsmart.com\/team\/vilhan\/\",\"url\":\"https:\/\/boomandsmart.com\/team\/vilhan\/\",\"name\":\"Vilhan - BOOM &amp; SMART\",\"isPartOf\":{\"@id\":\"https:\/\/boomandsmart.com\/#website\"},\"datePublished\":\"2020-07-26T20:20:56+00:00\",\"dateModified\":\"2023-12-04T20:33:30+00:00\",\"breadcrumb\":{\"@id\":\"https:\/\/boomandsmart.com\/team\/vilhan\/#breadcrumb\"},\"inLanguage\":\"sk-SK\",\"potentialAction\":[{\"@type\":\"ReadAction\",\"target\":[\"https:\/\/boomandsmart.com\/team\/vilhan\/\"]}]},{\"@type\":\"BreadcrumbList\",\"@id\":\"https:\/\/boomandsmart.com\/team\/vilhan\/#breadcrumb\",\"itemListElement\":[{\"@type\":\"ListItem\",\"position\":1,\"name\":\"Home\",\"item\":\"https:\/\/boomandsmart.com\/sk\/\"},{\"@type\":\"ListItem\",\"position\":2,\"name\":\"T\u00edm\",\"item\":\"https:\/\/boomandsmart.com\/sk\/tim\/\"},{\"@type\":\"ListItem\",\"position\":3,\"name\":\"Vilhan\"}]},{\"@type\":\"WebSite\",\"@id\":\"https:\/\/boomandsmart.com\/#website\",\"url\":\"https:\/\/boomandsmart.com\/\",\"name\":\"BOOM &amp; SMART\",\"description\":\"\",\"potentialAction\":[{\"@type\":\"SearchAction\",\"target\":{\"@type\":\"EntryPoint\",\"urlTemplate\":\"https:\/\/boomandsmart.com\/?s={search_term_string}\"},\"query-input\":{\"@type\":\"PropertyValueSpecification\",\"valueRequired\":true,\"valueName\":\"search_term_string\"}}],\"inLanguage\":\"sk-SK\"}]}<\/script>","yoast_head_json":{"title":"Vilhan - BOOM &amp; SMART","robots":{"index":"index","follow":"follow","max-snippet":"max-snippet:-1","max-image-preview":"max-image-preview:large","max-video-preview":"max-video-preview:-1"},"canonical":"https:\/\/boomandsmart.com\/team\/vilhan\/","og_locale":"sk_SK","og_type":"article","og_title":"Vilhan - BOOM &amp; SMART","og_url":"https:\/\/boomandsmart.com\/team\/vilhan\/","og_site_name":"BOOM &amp; SMART","article_modified_time":"2023-12-04T20:33:30+00:00","twitter_card":"summary_large_image","twitter_misc":{"Predpokladan\u00fd \u010das \u010d\u00edtania":"1 min\u00fata"},"schema":{"@context":"https:\/\/schema.org","@graph":[{"@type":"WebPage","@id":"https:\/\/boomandsmart.com\/team\/vilhan\/","url":"https:\/\/boomandsmart.com\/team\/vilhan\/","name":"Vilhan - BOOM &amp; SMART","isPartOf":{"@id":"https:\/\/boomandsmart.com\/#website"},"datePublished":"2020-07-26T20:20:56+00:00","dateModified":"2023-12-04T20:33:30+00:00","breadcrumb":{"@id":"https:\/\/boomandsmart.com\/team\/vilhan\/#breadcrumb"},"inLanguage":"sk-SK","potentialAction":[{"@type":"ReadAction","target":["https:\/\/boomandsmart.com\/team\/vilhan\/"]}]},{"@type":"BreadcrumbList","@id":"https:\/\/boomandsmart.com\/team\/vilhan\/#breadcrumb","itemListElement":[{"@type":"ListItem","position":1,"name":"Home","item":"https:\/\/boomandsmart.com\/sk\/"},{"@type":"ListItem","position":2,"name":"T\u00edm","item":"https:\/\/boomandsmart.com\/sk\/tim\/"},{"@type":"ListItem","position":3,"name":"Vilhan"}]},{"@type":"WebSite","@id":"https:\/\/boomandsmart.com\/#website","url":"https:\/\/boomandsmart.com\/","name":"BOOM &amp; SMART","description":"","potentialAction":[{"@type":"SearchAction","target":{"@type":"EntryPoint","urlTemplate":"https:\/\/boomandsmart.com\/?s={search_term_string}"},"query-input":{"@type":"PropertyValueSpecification","valueRequired":true,"valueName":"search_term_string"}}],"inLanguage":"sk-SK"}]}},"_links":{"self":[{"href":"https:\/\/boomandsmart.com\/sk\/wp-json\/wp\/v2\/pages\/1227","targetHints":{"allow":["GET"]}}],"collection":[{"href":"https:\/\/boomandsmart.com\/sk\/wp-json\/wp\/v2\/pages"}],"about":[{"href":"https:\/\/boomandsmart.com\/sk\/wp-json\/wp\/v2\/types\/page"}],"author":[{"embeddable":true,"href":"https:\/\/boomandsmart.com\/sk\/wp-json\/wp\/v2\/users\/3"}],"replies":[{"embeddable":true,"href":"https:\/\/boomandsmart.com\/sk\/wp-json\/wp\/v2\/comments?post=1227"}],"version-history":[{"count":1,"href":"https:\/\/boomandsmart.com\/sk\/wp-json\/wp\/v2\/pages\/1227\/revisions"}],"predecessor-version":[{"id":1236,"href":"https:\/\/boomandsmart.com\/sk\/wp-json\/wp\/v2\/pages\/1227\/revisions\/1236"}],"up":[{"embeddable":true,"href":"https:\/\/boomandsmart.com\/sk\/wp-json\/wp\/v2\/pages\/1212"}],"wp:attachment":[{"href":"https:\/\/boomandsmart.com\/sk\/wp-json\/wp\/v2\/media?parent=1227"}],"curies":[{"name":"wp","href":"https:\/\/api.w.org\/{rel}","templated":true}]}}