{"id":1237,"date":"2022-06-30T22:31:02","date_gmt":"2022-06-30T20:31:02","guid":{"rendered":"https:\/\/boomandsmart.com\/confidentiality-disclaimer\/"},"modified":"2023-12-11T21:00:09","modified_gmt":"2023-12-11T20:00:09","slug":"vyhrada-dovernosti-advokatske-tajomstvo","status":"publish","type":"page","link":"https:\/\/boomandsmart.com\/sk\/vyhrada-dovernosti-advokatske-tajomstvo\/","title":{"rendered":"V\u00fdhrada D\u00f4vernosti | Advok\u00e1tske Tajomstvo"},"content":{"rendered":"<section class=\"l-section wpb_row height_medium\"><div class=\"l-section-h i-cf\"><div class=\"g-cols vc_row via_flex valign_top type_default stacking_default\"><div class=\"vc_col-sm-12 wpb_column vc_column_container\"><div class=\"vc_column-inner\"><div class=\"wpb_wrapper\"><div class=\"g-cols wpb_row us_custom_4eb0a6fd via_flex valign_top type_default stacking_default\"><div class=\"vc_col-sm-12 vc_col-lg-offset-2 vc_col-lg-8 wpb_column vc_column_container us_animate_fade\"><div class=\"vc_column-inner\"><div class=\"wpb_wrapper\"><div class=\"wpb_text_column quote-no-graphic\"><div class=\"wpb_wrapper\"><p class=\"styles-section-title styles-selector\" style=\"text-align: center;\">V\u00fdhrada D\u00f4vernosti | Advok\u00e1tske Tajomstvo<\/p>\n<\/div><\/div><\/div><\/div><\/div><\/div><div class=\"g-cols wpb_row via_flex valign_top type_default stacking_default\"><div class=\"vc_col-sm-12 vc_col-lg-offset-3 vc_col-lg-6 wpb_column vc_column_container us_animate_fade\"><div class=\"vc_column-inner\"><div class=\"wpb_wrapper\"><div class=\"wpb_text_column\"><div class=\"wpb_wrapper\"><p>Inform\u00e1cie uveden\u00e9 v\u00a0na\u0161ich e-mailoch a\u00a0ich pr\u00edloh\u00e1ch s\u00fa ur\u010den\u00e9 v\u00fdlu\u010dne pre potreby pr\u00edslu\u0161n\u00e9ho adres\u00e1ta. E-mailov\u00e1 komunik\u00e1cia alebo jej pr\u00edlohy m\u00f4\u017eu obsahova\u0165 inform\u00e1cie chr\u00e1nen\u00e9 advok\u00e1tskym tajomstvom, pripadne inform\u00e1cie podliehaj\u00face ochrane pod\u013ea in\u00fdch pr\u00e1vnych predpisov. V pr\u00edpade, ak V\u00e1m bol tento e-mail, pr\u00edpadne jeho pr\u00edlohy, doru\u010den\u00e9 omylom, d\u00f4razne V\u00e1s vyz\u00fdvame, aby ste sa zdr\u017eali odtajnenia, zdie\u013eania alebo ak\u00e9hoko\u013evek \u010fal\u0161ieho pou\u017eitia inform\u00e1ci\u00ed obsiahnut\u00fdch v e-maile a jeho pr\u00edloh\u00e1ch. Z\u00e1rove\u0148 si V\u00e1s dovo\u013eujeme po\u017eiada\u0165, aby ste n\u00e1s o takomto pr\u00edpade bez zbyto\u010dn\u00e9ho odkladu informovali a\u00a0e-mail vr\u00e1tane jeho pr\u00edloh n\u00e1sledne zlikvidovali.<\/p>\n<\/div><\/div><\/div><\/div><\/div><\/div><\/div><\/div><\/div><\/div><\/div><\/section>\n","protected":false},"excerpt":{"rendered":"V\u00fdhrada D\u00f4vernosti | Advok\u00e1tske Tajomstvo Inform\u00e1cie uveden\u00e9 v\u00a0na\u0161ich e-mailoch a\u00a0ich pr\u00edloh\u00e1ch s\u00fa ur\u010den\u00e9 v\u00fdlu\u010dne pre potreby pr\u00edslu\u0161n\u00e9ho adres\u00e1ta. E-mailov\u00e1 komunik\u00e1cia alebo jej pr\u00edlohy m\u00f4\u017eu obsahova\u0165 inform\u00e1cie chr\u00e1nen\u00e9 advok\u00e1tskym tajomstvom, pripadne inform\u00e1cie podliehaj\u00face ochrane pod\u013ea in\u00fdch pr\u00e1vnych predpisov. V pr\u00edpade, ak V\u00e1m bol tento e-mail, pr\u00edpadne jeho pr\u00edlohy, doru\u010den\u00e9 omylom, d\u00f4razne V\u00e1s vyz\u00fdvame, aby ste sa...","protected":false},"author":3,"featured_media":0,"parent":0,"menu_order":0,"comment_status":"closed","ping_status":"closed","template":"","meta":{"inline_featured_image":false,"footnotes":""},"class_list":["post-1237","page","type-page","status-publish","hentry"],"yoast_head":"<title>V\u00fdhrada D\u00f4vernosti | Advok\u00e1tske Tajomstvo - BOOM &amp; SMART<\/title>\n<meta name=\"robots\" content=\"index, follow, max-snippet:-1, max-image-preview:large, max-video-preview:-1\" \/>\n<link rel=\"canonical\" href=\"https:\/\/boomandsmart.com\/confidentiality-disclaimer\/\" \/>\n<meta property=\"og:locale\" content=\"sk_SK\" \/>\n<meta property=\"og:type\" content=\"article\" \/>\n<meta property=\"og:title\" content=\"V\u00fdhrada D\u00f4vernosti | Advok\u00e1tske Tajomstvo - BOOM &amp; SMART\" \/>\n<meta property=\"og:url\" content=\"https:\/\/boomandsmart.com\/confidentiality-disclaimer\/\" \/>\n<meta property=\"og:site_name\" content=\"BOOM &amp; SMART\" \/>\n<meta property=\"article:modified_time\" content=\"2023-12-11T20:00:09+00:00\" \/>\n<meta name=\"twitter:card\" content=\"summary_large_image\" \/>\n<meta name=\"twitter:label1\" content=\"Predpokladan\u00fd \u010das \u010d\u00edtania\" \/>\n\t<meta name=\"twitter:data1\" content=\"1 min\u00fata\" \/>\n<script type=\"application\/ld+json\" class=\"yoast-schema-graph\">{\"@context\":\"https:\/\/schema.org\",\"@graph\":[{\"@type\":\"WebPage\",\"@id\":\"https:\/\/boomandsmart.com\/confidentiality-disclaimer\/\",\"url\":\"https:\/\/boomandsmart.com\/confidentiality-disclaimer\/\",\"name\":\"V\u00fdhrada D\u00f4vernosti | Advok\u00e1tske Tajomstvo - BOOM &amp; SMART\",\"isPartOf\":{\"@id\":\"https:\/\/boomandsmart.com\/#website\"},\"datePublished\":\"2022-06-30T20:31:02+00:00\",\"dateModified\":\"2023-12-11T20:00:09+00:00\",\"breadcrumb\":{\"@id\":\"https:\/\/boomandsmart.com\/confidentiality-disclaimer\/#breadcrumb\"},\"inLanguage\":\"sk-SK\",\"potentialAction\":[{\"@type\":\"ReadAction\",\"target\":[\"https:\/\/boomandsmart.com\/confidentiality-disclaimer\/\"]}]},{\"@type\":\"BreadcrumbList\",\"@id\":\"https:\/\/boomandsmart.com\/confidentiality-disclaimer\/#breadcrumb\",\"itemListElement\":[{\"@type\":\"ListItem\",\"position\":1,\"name\":\"Home\",\"item\":\"https:\/\/boomandsmart.com\/sk\/\"},{\"@type\":\"ListItem\",\"position\":2,\"name\":\"V\u00fdhrada D\u00f4vernosti | Advok\u00e1tske Tajomstvo\"}]},{\"@type\":\"WebSite\",\"@id\":\"https:\/\/boomandsmart.com\/#website\",\"url\":\"https:\/\/boomandsmart.com\/\",\"name\":\"BOOM &amp; SMART\",\"description\":\"\",\"potentialAction\":[{\"@type\":\"SearchAction\",\"target\":{\"@type\":\"EntryPoint\",\"urlTemplate\":\"https:\/\/boomandsmart.com\/?s={search_term_string}\"},\"query-input\":{\"@type\":\"PropertyValueSpecification\",\"valueRequired\":true,\"valueName\":\"search_term_string\"}}],\"inLanguage\":\"sk-SK\"}]}<\/script>","yoast_head_json":{"title":"V\u00fdhrada D\u00f4vernosti | Advok\u00e1tske Tajomstvo - BOOM &amp; SMART","robots":{"index":"index","follow":"follow","max-snippet":"max-snippet:-1","max-image-preview":"max-image-preview:large","max-video-preview":"max-video-preview:-1"},"canonical":"https:\/\/boomandsmart.com\/confidentiality-disclaimer\/","og_locale":"sk_SK","og_type":"article","og_title":"V\u00fdhrada D\u00f4vernosti | Advok\u00e1tske Tajomstvo - BOOM &amp; SMART","og_url":"https:\/\/boomandsmart.com\/confidentiality-disclaimer\/","og_site_name":"BOOM &amp; SMART","article_modified_time":"2023-12-11T20:00:09+00:00","twitter_card":"summary_large_image","twitter_misc":{"Predpokladan\u00fd \u010das \u010d\u00edtania":"1 min\u00fata"},"schema":{"@context":"https:\/\/schema.org","@graph":[{"@type":"WebPage","@id":"https:\/\/boomandsmart.com\/confidentiality-disclaimer\/","url":"https:\/\/boomandsmart.com\/confidentiality-disclaimer\/","name":"V\u00fdhrada D\u00f4vernosti | Advok\u00e1tske Tajomstvo - BOOM &amp; SMART","isPartOf":{"@id":"https:\/\/boomandsmart.com\/#website"},"datePublished":"2022-06-30T20:31:02+00:00","dateModified":"2023-12-11T20:00:09+00:00","breadcrumb":{"@id":"https:\/\/boomandsmart.com\/confidentiality-disclaimer\/#breadcrumb"},"inLanguage":"sk-SK","potentialAction":[{"@type":"ReadAction","target":["https:\/\/boomandsmart.com\/confidentiality-disclaimer\/"]}]},{"@type":"BreadcrumbList","@id":"https:\/\/boomandsmart.com\/confidentiality-disclaimer\/#breadcrumb","itemListElement":[{"@type":"ListItem","position":1,"name":"Home","item":"https:\/\/boomandsmart.com\/sk\/"},{"@type":"ListItem","position":2,"name":"V\u00fdhrada D\u00f4vernosti | Advok\u00e1tske Tajomstvo"}]},{"@type":"WebSite","@id":"https:\/\/boomandsmart.com\/#website","url":"https:\/\/boomandsmart.com\/","name":"BOOM &amp; SMART","description":"","potentialAction":[{"@type":"SearchAction","target":{"@type":"EntryPoint","urlTemplate":"https:\/\/boomandsmart.com\/?s={search_term_string}"},"query-input":{"@type":"PropertyValueSpecification","valueRequired":true,"valueName":"search_term_string"}}],"inLanguage":"sk-SK"}]}},"_links":{"self":[{"href":"https:\/\/boomandsmart.com\/sk\/wp-json\/wp\/v2\/pages\/1237","targetHints":{"allow":["GET"]}}],"collection":[{"href":"https:\/\/boomandsmart.com\/sk\/wp-json\/wp\/v2\/pages"}],"about":[{"href":"https:\/\/boomandsmart.com\/sk\/wp-json\/wp\/v2\/types\/page"}],"author":[{"embeddable":true,"href":"https:\/\/boomandsmart.com\/sk\/wp-json\/wp\/v2\/users\/3"}],"replies":[{"embeddable":true,"href":"https:\/\/boomandsmart.com\/sk\/wp-json\/wp\/v2\/comments?post=1237"}],"version-history":[{"count":2,"href":"https:\/\/boomandsmart.com\/sk\/wp-json\/wp\/v2\/pages\/1237\/revisions"}],"predecessor-version":[{"id":1249,"href":"https:\/\/boomandsmart.com\/sk\/wp-json\/wp\/v2\/pages\/1237\/revisions\/1249"}],"wp:attachment":[{"href":"https:\/\/boomandsmart.com\/sk\/wp-json\/wp\/v2\/media?parent=1237"}],"curies":[{"name":"wp","href":"https:\/\/api.w.org\/{rel}","templated":true}]}}