{"id":1238,"date":"2020-07-27T21:15:23","date_gmt":"2020-07-27T19:15:23","guid":{"rendered":"https:\/\/boomandsmart.com\/disclaimer\/"},"modified":"2023-12-11T20:52:42","modified_gmt":"2023-12-11T19:52:42","slug":"disclaimer","status":"publish","type":"page","link":"https:\/\/boomandsmart.com\/sk\/disclaimer\/","title":{"rendered":"Disclaimer"},"content":{"rendered":"<section class=\"l-section wpb_row height_medium\"><div class=\"l-section-h i-cf\"><div class=\"g-cols vc_row via_flex valign_top type_default stacking_default\"><div class=\"vc_col-sm-12 wpb_column vc_column_container\"><div class=\"vc_column-inner\"><div class=\"wpb_wrapper\"><div class=\"g-cols wpb_row us_custom_4eb0a6fd via_flex valign_top type_default stacking_default\"><div class=\"vc_col-sm-12 vc_col-lg-offset-2 vc_col-lg-8 wpb_column vc_column_container us_animate_fade\"><div class=\"vc_column-inner\"><div class=\"wpb_wrapper\"><div class=\"wpb_text_column quote-no-graphic\"><div class=\"wpb_wrapper\"><p class=\"styles-section-title styles-selector\" style=\"text-align: center;\">Disclaimer<\/p>\n<\/div><\/div><\/div><\/div><\/div><\/div><div class=\"g-cols wpb_row via_flex valign_top type_default stacking_default\"><div class=\"vc_col-sm-12 vc_col-lg-offset-3 vc_col-lg-6 wpb_column vc_column_container us_animate_fade\"><div class=\"vc_column-inner\"><div class=\"wpb_wrapper\"><div class=\"wpb_text_column\"><div class=\"wpb_wrapper\"><p><span style=\"font-weight: 400;\">Na\u0161a advok\u00e1tska kancel\u00e1ria Advocatur G\u00e9me\u0161, Filipov\u00e1 &amp; Partner AG kladie vysok\u00fd d\u00f4raz na informa\u010dn\u00fa bezpe\u010dnos\u0165, vr\u00e1tane bezpe\u010dn\u00e9ho pr\u00edstupu u\u017e\u00edvate\u013eov k\u00a0svojej webstr\u00e1nke a jej bezpe\u010dn\u00e9ho prehliadania. Ani s\u00a0vynalo\u017een\u00edm maxim\u00e1lne odbornej starostlivosti v\u0161ak nemo\u017eno vyl\u00fa\u010di\u0165 pr\u00edpadn\u00e9 technick\u00e9 chyby, \u010di v\u00edrusov\u00e9 alebo hackersk\u00e9 \u00fatoky, ktor\u00e9 m\u00f4\u017eu po\u0161kodi\u0165 webstr\u00e1nku alebo jej \u010dasti. Napr\u00edklad jednotliv\u00e9 dokumenty spr\u00edstupnen\u00e9 na stiahnutie.\u00a0<\/span><\/p>\n<p><span style=\"font-weight: 400;\">Na\u0161a advok\u00e1tska kancel\u00e1ria preto nepreber\u00e1 \u017eiadnu zodpovednos\u0165 za pr\u00edpadn\u00e9 \u0161kody, ktor\u00e9 m\u00f4\u017eu vznikn\u00fa\u0165 v\u00a0d\u00f4sledku prehliadania jej webu, ani za \u0161kody, ktor\u00e9 m\u00f4\u017eu vznikn\u00fa\u0165 prehliadan\u00edm webstr\u00e1nok tret\u00edch str\u00e1n, na ktor\u00e9 na\u0161a str\u00e1nka odkazuje prostredn\u00edctvom hyperlinkov \u010di in\u00fdch odkazov.\u00a0<\/span><\/p>\n<p><span style=\"font-weight: 400;\">Vyhradzujeme si tie\u017e pr\u00e1vo obsah webstr\u00e1nky kedyko\u013evek meni\u0165, pri\u010dom inform\u00e1cie na nej zverejnen\u00e9 s\u00fa v\u00fdlu\u010dne v\u0161eobecn\u00e9ho charakteru a\u00a0nepredstavuj\u00fa \u017eiadnu konkr\u00e9tnu ponuku ani pr\u00e1vnu slu\u017ebu.<\/span><\/p>\n<\/div><\/div><\/div><\/div><\/div><\/div><\/div><\/div><\/div><\/div><\/div><\/section>\n","protected":false},"excerpt":{"rendered":"Disclaimer Na\u0161a advok\u00e1tska kancel\u00e1ria Advocatur G\u00e9me\u0161, Filipov\u00e1 &amp; Partner AG kladie vysok\u00fd d\u00f4raz na informa\u010dn\u00fa bezpe\u010dnos\u0165, vr\u00e1tane bezpe\u010dn\u00e9ho pr\u00edstupu u\u017e\u00edvate\u013eov k\u00a0svojej webstr\u00e1nke a jej bezpe\u010dn\u00e9ho prehliadania. Ani s\u00a0vynalo\u017een\u00edm maxim\u00e1lne odbornej starostlivosti v\u0161ak nemo\u017eno vyl\u00fa\u010di\u0165 pr\u00edpadn\u00e9 technick\u00e9 chyby, \u010di v\u00edrusov\u00e9 alebo hackersk\u00e9 \u00fatoky, ktor\u00e9 m\u00f4\u017eu po\u0161kodi\u0165 webstr\u00e1nku alebo jej \u010dasti. Napr\u00edklad jednotliv\u00e9 dokumenty spr\u00edstupnen\u00e9 na stiahnutie.\u00a0...","protected":false},"author":3,"featured_media":0,"parent":0,"menu_order":0,"comment_status":"closed","ping_status":"closed","template":"","meta":{"inline_featured_image":false,"footnotes":""},"class_list":["post-1238","page","type-page","status-publish","hentry"],"yoast_head":"<title>Disclaimer - BOOM &amp; SMART<\/title>\n<meta name=\"robots\" content=\"index, follow, max-snippet:-1, max-image-preview:large, max-video-preview:-1\" \/>\n<link rel=\"canonical\" href=\"https:\/\/boomandsmart.com\/disclaimer\/\" \/>\n<meta property=\"og:locale\" content=\"sk_SK\" \/>\n<meta property=\"og:type\" content=\"article\" \/>\n<meta property=\"og:title\" content=\"Disclaimer - BOOM &amp; SMART\" \/>\n<meta property=\"og:url\" content=\"https:\/\/boomandsmart.com\/disclaimer\/\" \/>\n<meta property=\"og:site_name\" content=\"BOOM &amp; SMART\" \/>\n<meta property=\"article:modified_time\" content=\"2023-12-11T19:52:42+00:00\" \/>\n<meta name=\"twitter:card\" content=\"summary_large_image\" \/>\n<meta name=\"twitter:label1\" content=\"Predpokladan\u00fd \u010das \u010d\u00edtania\" \/>\n\t<meta name=\"twitter:data1\" content=\"1 min\u00fata\" \/>\n<script type=\"application\/ld+json\" class=\"yoast-schema-graph\">{\"@context\":\"https:\/\/schema.org\",\"@graph\":[{\"@type\":\"WebPage\",\"@id\":\"https:\/\/boomandsmart.com\/disclaimer\/\",\"url\":\"https:\/\/boomandsmart.com\/disclaimer\/\",\"name\":\"Disclaimer - BOOM &amp; SMART\",\"isPartOf\":{\"@id\":\"https:\/\/boomandsmart.com\/#website\"},\"datePublished\":\"2020-07-27T19:15:23+00:00\",\"dateModified\":\"2023-12-11T19:52:42+00:00\",\"breadcrumb\":{\"@id\":\"https:\/\/boomandsmart.com\/disclaimer\/#breadcrumb\"},\"inLanguage\":\"sk-SK\",\"potentialAction\":[{\"@type\":\"ReadAction\",\"target\":[\"https:\/\/boomandsmart.com\/disclaimer\/\"]}]},{\"@type\":\"BreadcrumbList\",\"@id\":\"https:\/\/boomandsmart.com\/disclaimer\/#breadcrumb\",\"itemListElement\":[{\"@type\":\"ListItem\",\"position\":1,\"name\":\"Home\",\"item\":\"https:\/\/boomandsmart.com\/sk\/\"},{\"@type\":\"ListItem\",\"position\":2,\"name\":\"Disclaimer\"}]},{\"@type\":\"WebSite\",\"@id\":\"https:\/\/boomandsmart.com\/#website\",\"url\":\"https:\/\/boomandsmart.com\/\",\"name\":\"BOOM &amp; SMART\",\"description\":\"\",\"potentialAction\":[{\"@type\":\"SearchAction\",\"target\":{\"@type\":\"EntryPoint\",\"urlTemplate\":\"https:\/\/boomandsmart.com\/?s={search_term_string}\"},\"query-input\":{\"@type\":\"PropertyValueSpecification\",\"valueRequired\":true,\"valueName\":\"search_term_string\"}}],\"inLanguage\":\"sk-SK\"}]}<\/script>","yoast_head_json":{"title":"Disclaimer - BOOM &amp; SMART","robots":{"index":"index","follow":"follow","max-snippet":"max-snippet:-1","max-image-preview":"max-image-preview:large","max-video-preview":"max-video-preview:-1"},"canonical":"https:\/\/boomandsmart.com\/disclaimer\/","og_locale":"sk_SK","og_type":"article","og_title":"Disclaimer - BOOM &amp; SMART","og_url":"https:\/\/boomandsmart.com\/disclaimer\/","og_site_name":"BOOM &amp; SMART","article_modified_time":"2023-12-11T19:52:42+00:00","twitter_card":"summary_large_image","twitter_misc":{"Predpokladan\u00fd \u010das \u010d\u00edtania":"1 min\u00fata"},"schema":{"@context":"https:\/\/schema.org","@graph":[{"@type":"WebPage","@id":"https:\/\/boomandsmart.com\/disclaimer\/","url":"https:\/\/boomandsmart.com\/disclaimer\/","name":"Disclaimer - BOOM &amp; SMART","isPartOf":{"@id":"https:\/\/boomandsmart.com\/#website"},"datePublished":"2020-07-27T19:15:23+00:00","dateModified":"2023-12-11T19:52:42+00:00","breadcrumb":{"@id":"https:\/\/boomandsmart.com\/disclaimer\/#breadcrumb"},"inLanguage":"sk-SK","potentialAction":[{"@type":"ReadAction","target":["https:\/\/boomandsmart.com\/disclaimer\/"]}]},{"@type":"BreadcrumbList","@id":"https:\/\/boomandsmart.com\/disclaimer\/#breadcrumb","itemListElement":[{"@type":"ListItem","position":1,"name":"Home","item":"https:\/\/boomandsmart.com\/sk\/"},{"@type":"ListItem","position":2,"name":"Disclaimer"}]},{"@type":"WebSite","@id":"https:\/\/boomandsmart.com\/#website","url":"https:\/\/boomandsmart.com\/","name":"BOOM &amp; SMART","description":"","potentialAction":[{"@type":"SearchAction","target":{"@type":"EntryPoint","urlTemplate":"https:\/\/boomandsmart.com\/?s={search_term_string}"},"query-input":{"@type":"PropertyValueSpecification","valueRequired":true,"valueName":"search_term_string"}}],"inLanguage":"sk-SK"}]}},"_links":{"self":[{"href":"https:\/\/boomandsmart.com\/sk\/wp-json\/wp\/v2\/pages\/1238","targetHints":{"allow":["GET"]}}],"collection":[{"href":"https:\/\/boomandsmart.com\/sk\/wp-json\/wp\/v2\/pages"}],"about":[{"href":"https:\/\/boomandsmart.com\/sk\/wp-json\/wp\/v2\/types\/page"}],"author":[{"embeddable":true,"href":"https:\/\/boomandsmart.com\/sk\/wp-json\/wp\/v2\/users\/3"}],"replies":[{"embeddable":true,"href":"https:\/\/boomandsmart.com\/sk\/wp-json\/wp\/v2\/comments?post=1238"}],"version-history":[{"count":1,"href":"https:\/\/boomandsmart.com\/sk\/wp-json\/wp\/v2\/pages\/1238\/revisions"}],"predecessor-version":[{"id":1247,"href":"https:\/\/boomandsmart.com\/sk\/wp-json\/wp\/v2\/pages\/1238\/revisions\/1247"}],"wp:attachment":[{"href":"https:\/\/boomandsmart.com\/sk\/wp-json\/wp\/v2\/media?parent=1238"}],"curies":[{"name":"wp","href":"https:\/\/api.w.org\/{rel}","templated":true}]}}