{"id":1239,"date":"2020-07-27T21:19:34","date_gmt":"2020-07-27T19:19:34","guid":{"rendered":"https:\/\/boomandsmart.com\/impressum\/"},"modified":"2020-07-27T21:19:34","modified_gmt":"2020-07-27T19:19:34","slug":"impressum","status":"publish","type":"page","link":"https:\/\/boomandsmart.com\/sk\/impressum\/","title":{"rendered":"Impressum"},"content":{"rendered":"<section class=\"l-section wpb_row height_medium\"><div class=\"l-section-h i-cf\"><div class=\"g-cols vc_row via_flex valign_top type_default stacking_default\"><div class=\"vc_col-sm-12 wpb_column vc_column_container\"><div class=\"vc_column-inner\"><div class=\"wpb_wrapper\"><div class=\"g-cols wpb_row us_custom_4eb0a6fd via_flex valign_top type_default stacking_default\"><div class=\"vc_col-sm-12 vc_col-lg-offset-2 vc_col-lg-8 wpb_column vc_column_container us_animate_fade\"><div class=\"vc_column-inner\"><div class=\"wpb_wrapper\"><div class=\"wpb_text_column quote-no-graphic\"><div class=\"wpb_wrapper\"><p class=\"styles-section-title styles-selector\" style=\"text-align: center;\">Impressum<\/p>\n<\/div><\/div><\/div><\/div><\/div><\/div><div class=\"g-cols wpb_row via_flex valign_top type_default stacking_default\"><div class=\"vc_col-sm-12 vc_col-lg-offset-3 vc_col-lg-6 wpb_column vc_column_container us_animate_fade\"><div class=\"vc_column-inner\"><div class=\"wpb_wrapper\"><div class=\"wpb_text_column\"><div class=\"wpb_wrapper\"><p style=\"text-align: justify;\">Pursuant to Art. 5 Para. 1 of the Liechtenstein E-Commerce Act (E-Commerce-Gesetz (LGBl 2003\/133)) we herewith provide you with the following information:<\/p>\n<p style=\"text-align: justify;\"><strong>Advocatur G\u00e9me\u0161, Filipov\u00e1 <\/strong><strong>&amp; Partner AG<\/strong><\/p>\n<p style=\"text-align: justify;\">St\u00e4dle 17<\/p>\n<p style=\"text-align: justify;\">9490 Vaduz<\/p>\n<p style=\"text-align: justify;\">Liechtenstein<\/p>\n<p style=\"text-align: justify;\">Phone: +423\u00a0231 1738<\/p>\n<p style=\"text-align: justify;\">E-mail: office@boomandsmart.com<\/p>\n<p style=\"text-align: justify;\">Website: boomandsmart.com<\/p>\n<p style=\"text-align: justify;\">Advocatur G\u00e9me\u0161, Filipov\u00e1 &amp; Partner AG is a stock corporation recorded in the Liechtenstein Public Register with the Company ID Number FL-0002.539.075-9.<\/p>\n<p style=\"text-align: justify;\">Value added tax number (VAT): 60016<\/p>\n<p style=\"text-align: justify;\"><u>Supervisory Authority:<\/u><u><br \/>\n<\/u>Liechtenstein Bar Association, Vaduz, Liechtenstein<\/p>\n<p style=\"text-align: justify;\">Slovak Bar Association, Bratislava, Slovak Republic<\/p>\n<p style=\"text-align: justify;\"><u>Disciplinary Authority:<\/u><\/p>\n<p style=\"text-align: justify;\">Princely Court of Appeal, Vaduz, Liechtenstein<\/p>\n<p style=\"text-align: justify;\">Slovak Bar Association, Bratislava, Slovak Republic<\/p>\n<p style=\"text-align: justify;\"><u>Applicable Rules and Acts:<\/u><\/p>\n<p style=\"text-align: justify;\">Lawyers Act, Ordinance on the Bar Examination, Lawyer\u2019s Fees Act and Ordinance (available on www.gesetze.li), Rules of Professional Conduct and Guidelines on Fees of the Liechtenstein Bar Association (available on www.rak.li), Act No. 586\/2003 Coll. on the Legal Profession as amended (available on www.slov-lex.sk)<\/p>\n<\/div><\/div><\/div><\/div><\/div><\/div><\/div><\/div><\/div><\/div><\/div><\/section>\n","protected":false},"excerpt":{"rendered":"Impressum Pursuant to Art. 5 Para. 1 of the Liechtenstein E-Commerce Act (E-Commerce-Gesetz (LGBl 2003\/133)) we herewith provide you with the following information: Advocatur G\u00e9me\u0161, Filipov\u00e1 &amp; Partner AG St\u00e4dle 17 9490 Vaduz Liechtenstein Phone: +423\u00a0231 1738 E-mail: office@boomandsmart.com Website: boomandsmart.com Advocatur G\u00e9me\u0161, Filipov\u00e1 &amp; Partner AG is a stock corporation recorded in the Liechtenstein...","protected":false},"author":3,"featured_media":0,"parent":0,"menu_order":0,"comment_status":"closed","ping_status":"closed","template":"","meta":{"inline_featured_image":false,"footnotes":""},"class_list":["post-1239","page","type-page","status-publish","hentry"],"yoast_head":"<title>Impressum - BOOM &amp; SMART<\/title>\n<meta name=\"robots\" content=\"index, follow, max-snippet:-1, max-image-preview:large, max-video-preview:-1\" \/>\n<link rel=\"canonical\" href=\"https:\/\/boomandsmart.com\/impressum\/\" \/>\n<meta property=\"og:locale\" content=\"sk_SK\" \/>\n<meta property=\"og:type\" content=\"article\" \/>\n<meta property=\"og:title\" content=\"Impressum - BOOM &amp; SMART\" \/>\n<meta property=\"og:url\" content=\"https:\/\/boomandsmart.com\/impressum\/\" \/>\n<meta property=\"og:site_name\" content=\"BOOM &amp; SMART\" \/>\n<meta name=\"twitter:card\" content=\"summary_large_image\" \/>\n<meta name=\"twitter:label1\" content=\"Predpokladan\u00fd \u010das \u010d\u00edtania\" \/>\n\t<meta name=\"twitter:data1\" content=\"1 min\u00fata\" \/>\n<script type=\"application\/ld+json\" class=\"yoast-schema-graph\">{\"@context\":\"https:\/\/schema.org\",\"@graph\":[{\"@type\":\"WebPage\",\"@id\":\"https:\/\/boomandsmart.com\/impressum\/\",\"url\":\"https:\/\/boomandsmart.com\/impressum\/\",\"name\":\"Impressum - BOOM &amp; SMART\",\"isPartOf\":{\"@id\":\"https:\/\/boomandsmart.com\/#website\"},\"datePublished\":\"2020-07-27T19:19:34+00:00\",\"breadcrumb\":{\"@id\":\"https:\/\/boomandsmart.com\/impressum\/#breadcrumb\"},\"inLanguage\":\"sk-SK\",\"potentialAction\":[{\"@type\":\"ReadAction\",\"target\":[\"https:\/\/boomandsmart.com\/impressum\/\"]}]},{\"@type\":\"BreadcrumbList\",\"@id\":\"https:\/\/boomandsmart.com\/impressum\/#breadcrumb\",\"itemListElement\":[{\"@type\":\"ListItem\",\"position\":1,\"name\":\"Home\",\"item\":\"https:\/\/boomandsmart.com\/sk\/\"},{\"@type\":\"ListItem\",\"position\":2,\"name\":\"Impressum\"}]},{\"@type\":\"WebSite\",\"@id\":\"https:\/\/boomandsmart.com\/#website\",\"url\":\"https:\/\/boomandsmart.com\/\",\"name\":\"BOOM &amp; SMART\",\"description\":\"\",\"potentialAction\":[{\"@type\":\"SearchAction\",\"target\":{\"@type\":\"EntryPoint\",\"urlTemplate\":\"https:\/\/boomandsmart.com\/?s={search_term_string}\"},\"query-input\":{\"@type\":\"PropertyValueSpecification\",\"valueRequired\":true,\"valueName\":\"search_term_string\"}}],\"inLanguage\":\"sk-SK\"}]}<\/script>","yoast_head_json":{"title":"Impressum - BOOM &amp; SMART","robots":{"index":"index","follow":"follow","max-snippet":"max-snippet:-1","max-image-preview":"max-image-preview:large","max-video-preview":"max-video-preview:-1"},"canonical":"https:\/\/boomandsmart.com\/impressum\/","og_locale":"sk_SK","og_type":"article","og_title":"Impressum - BOOM &amp; SMART","og_url":"https:\/\/boomandsmart.com\/impressum\/","og_site_name":"BOOM &amp; SMART","twitter_card":"summary_large_image","twitter_misc":{"Predpokladan\u00fd \u010das \u010d\u00edtania":"1 min\u00fata"},"schema":{"@context":"https:\/\/schema.org","@graph":[{"@type":"WebPage","@id":"https:\/\/boomandsmart.com\/impressum\/","url":"https:\/\/boomandsmart.com\/impressum\/","name":"Impressum - BOOM &amp; SMART","isPartOf":{"@id":"https:\/\/boomandsmart.com\/#website"},"datePublished":"2020-07-27T19:19:34+00:00","breadcrumb":{"@id":"https:\/\/boomandsmart.com\/impressum\/#breadcrumb"},"inLanguage":"sk-SK","potentialAction":[{"@type":"ReadAction","target":["https:\/\/boomandsmart.com\/impressum\/"]}]},{"@type":"BreadcrumbList","@id":"https:\/\/boomandsmart.com\/impressum\/#breadcrumb","itemListElement":[{"@type":"ListItem","position":1,"name":"Home","item":"https:\/\/boomandsmart.com\/sk\/"},{"@type":"ListItem","position":2,"name":"Impressum"}]},{"@type":"WebSite","@id":"https:\/\/boomandsmart.com\/#website","url":"https:\/\/boomandsmart.com\/","name":"BOOM &amp; SMART","description":"","potentialAction":[{"@type":"SearchAction","target":{"@type":"EntryPoint","urlTemplate":"https:\/\/boomandsmart.com\/?s={search_term_string}"},"query-input":{"@type":"PropertyValueSpecification","valueRequired":true,"valueName":"search_term_string"}}],"inLanguage":"sk-SK"}]}},"_links":{"self":[{"href":"https:\/\/boomandsmart.com\/sk\/wp-json\/wp\/v2\/pages\/1239","targetHints":{"allow":["GET"]}}],"collection":[{"href":"https:\/\/boomandsmart.com\/sk\/wp-json\/wp\/v2\/pages"}],"about":[{"href":"https:\/\/boomandsmart.com\/sk\/wp-json\/wp\/v2\/types\/page"}],"author":[{"embeddable":true,"href":"https:\/\/boomandsmart.com\/sk\/wp-json\/wp\/v2\/users\/3"}],"replies":[{"embeddable":true,"href":"https:\/\/boomandsmart.com\/sk\/wp-json\/wp\/v2\/comments?post=1239"}],"version-history":[{"count":0,"href":"https:\/\/boomandsmart.com\/sk\/wp-json\/wp\/v2\/pages\/1239\/revisions"}],"wp:attachment":[{"href":"https:\/\/boomandsmart.com\/sk\/wp-json\/wp\/v2\/media?parent=1239"}],"curies":[{"name":"wp","href":"https:\/\/api.w.org\/{rel}","templated":true}]}}