{"id":1240,"date":"2021-06-06T21:58:02","date_gmt":"2021-06-06T19:58:02","guid":{"rendered":"https:\/\/boomandsmart.com\/news\/"},"modified":"2023-12-11T22:10:37","modified_gmt":"2023-12-11T21:10:37","slug":"novinky","status":"publish","type":"page","link":"https:\/\/boomandsmart.com\/sk\/novinky\/","title":{"rendered":"Novinky"},"content":{"rendered":"<section class=\"l-section wpb_row height_auto\"><div class=\"l-section-h i-cf\"><div class=\"g-cols vc_row via_flex valign_top type_default stacking_default\"><div class=\"vc_col-sm-12 wpb_column vc_column_container\"><div class=\"vc_column-inner\"><div class=\"wpb_wrapper\"><div class=\"g-cols wpb_row us_custom_4eb0a6fd via_flex valign_top type_default stacking_default\"><div class=\"vc_col-sm-12 vc_col-lg-offset-2 vc_col-lg-8 wpb_column vc_column_container us_animate_fade\"><div class=\"vc_column-inner\"><div class=\"wpb_wrapper\"><div class=\"wpb_text_column quote-no-graphic\"><div class=\"wpb_wrapper\"><p class=\"styles-section-title styles-selector\" style=\"text-align: center;\">Novinky<\/p>\n<\/div><\/div><\/div><\/div><\/div><\/div><\/div><\/div><\/div><\/div><\/div><\/section><section class=\"l-section wpb_row height_medium\"><div class=\"l-section-h i-cf\"><div class=\"g-cols vc_row via_flex valign_top type_default stacking_default\"><div class=\"vc_col-sm-12 wpb_column vc_column_container\"><div class=\"vc_column-inner\"><div class=\"wpb_wrapper\"><div class=\"w-grid us_grid posts-list type_grid layout_572 cols_1 pagination_ajax preload_style_spinner ratio_1x1\" id=\"us_grid_1\" style=\"--columns:1;--gap:1.5rem;--item-ratio:1;\" data-filterable=\"true\"><style>.layout_572 .w-grid-item-h{color:#1a1a1a}.layout_572 .usg_post_image_1{width:370px!important;height:370px!important}.layout_572 .usg_post_date_1{color:#7b7b7b!important;font-size:14px!important}.layout_572 .usg_post_title_1{color:#1a1a1a!important;font-size:28px!important}.layout_572 .usg_btn_1{margin-top:15px!important}@media (min-width:601px) and (max-width:1000px){.layout_572 .usg_post_image_1{width:370px!important;height:370px!important}}@media (max-width:600px){.layout_572 .usg_post_image_1{width:230px!important;height:230px!important}}<\/style><div class=\"w-grid-list\">\t<article class=\"w-grid-item size_1x1 post-1645 post type-post status-publish format-standard has-post-thumbnail hentry category-uncategorized-sk\" data-id=\"1645\">\r\n\t\t<div class=\"w-grid-item-h\">\r\n\t\t\t\t\t\t<div class=\"w-hwrapper usg_hwrapper_1 align_center valign_middle\"><div class=\"w-post-elm post_image usg_post_image_1 has_width has_height\"><a href=\"https:\/\/boomandsmart.com\/sk\/rozsudok-pre-zmeskanie-zalovaneho-a-spory-o-ochranu-osobnosti\/\" aria-label=\"Rozsudok pre zme\u0161kanie \u017ealovan\u00e9ho a spory o ochranu osobnosti\"><img loading=\"lazy\" decoding=\"async\" width=\"370\" height=\"370\" src=\"https:\/\/boomandsmart.com\/wp-content\/uploads\/2025\/11\/law-6808677_1280-370x370.jpg\" class=\"attachment-us_370_370_crop size-us_370_370_crop wp-post-image\" alt=\"\" srcset=\"https:\/\/boomandsmart.com\/wp-content\/uploads\/2025\/11\/law-6808677_1280-370x370.jpg 370w, https:\/\/boomandsmart.com\/wp-content\/uploads\/2025\/11\/law-6808677_1280-150x150.jpg 150w\" sizes=\"auto, (max-width: 370px) 100vw, 370px\" \/><\/a><\/div><div class=\"w-vwrapper usg_vwrapper_1 align_left valign_top\"><time class=\"w-post-elm post_date usg_post_date_1 has_text_color entry-date published\" datetime=\"2025-11-27T11:29:59+01:00\">27. novembra 2025<\/time><div class=\"w-post-elm post_title usg_post_title_1 has_text_color entry-title color_link_inherit\"><a href=\"https:\/\/boomandsmart.com\/sk\/rozsudok-pre-zmeskanie-zalovaneho-a-spory-o-ochranu-osobnosti\/\">Rozsudok pre zme\u0161kanie \u017ealovan\u00e9ho a spory o ochranu osobnosti<\/a><\/div><a class=\"w-btn us-btn-style_2 usg_btn_1\" href=\"https:\/\/boomandsmart.com\/sk\/rozsudok-pre-zmeskanie-zalovaneho-a-spory-o-ochranu-osobnosti\/\"><span class=\"w-btn-label\">\u010c\u00edtaj viac<\/span><\/a><\/div><\/div>\t\t<\/div>\r\n\t\t\t<\/article>\r\n\t<article class=\"w-grid-item size_1x1 post-1640 post type-post status-publish format-standard has-post-thumbnail hentry category-uncategorized-sk\" data-id=\"1640\">\r\n\t\t<div class=\"w-grid-item-h\">\r\n\t\t\t\t\t\t<div class=\"w-hwrapper usg_hwrapper_1 align_center valign_middle\"><div class=\"w-post-elm post_image usg_post_image_1 has_width has_height\"><a href=\"https:\/\/boomandsmart.com\/sk\/predkupne-pravo-vs-darovacia-zmluva\/\" aria-label=\"Predkupn\u00e9 pr\u00e1vo vs. darovacia zmluva\"><img loading=\"lazy\" decoding=\"async\" width=\"370\" height=\"370\" src=\"https:\/\/boomandsmart.com\/wp-content\/uploads\/2025\/10\/business-8598076_1280-370x370.jpg\" class=\"attachment-us_370_370_crop size-us_370_370_crop wp-post-image\" alt=\"\" srcset=\"https:\/\/boomandsmart.com\/wp-content\/uploads\/2025\/10\/business-8598076_1280-370x370.jpg 370w, https:\/\/boomandsmart.com\/wp-content\/uploads\/2025\/10\/business-8598076_1280-150x150.jpg 150w\" sizes=\"auto, (max-width: 370px) 100vw, 370px\" \/><\/a><\/div><div class=\"w-vwrapper usg_vwrapper_1 align_left valign_top\"><time class=\"w-post-elm post_date usg_post_date_1 has_text_color entry-date published\" datetime=\"2025-10-16T11:00:18+02:00\">16. okt\u00f3bra 2025<\/time><div class=\"w-post-elm post_title usg_post_title_1 has_text_color entry-title color_link_inherit\"><a href=\"https:\/\/boomandsmart.com\/sk\/predkupne-pravo-vs-darovacia-zmluva\/\">Predkupn\u00e9 pr\u00e1vo vs. darovacia zmluva<\/a><\/div><a class=\"w-btn us-btn-style_2 usg_btn_1\" href=\"https:\/\/boomandsmart.com\/sk\/predkupne-pravo-vs-darovacia-zmluva\/\"><span class=\"w-btn-label\">\u010c\u00edtaj viac<\/span><\/a><\/div><\/div>\t\t<\/div>\r\n\t\t\t<\/article>\r\n<\/div>\t<div class=\"w-grid-preloader\">\r\n\t\t<div class=\"g-preloader type_1\">\r\n\t\t\t<div><\/div>\r\n\t\t<\/div>\r\n\t<\/div>\r\n\t\t\t\t<div class=\"g-loadmore \">\r\n\t\t\t\t<div class=\"g-preloader type_1\">\r\n\t\t\t\t\t<div><\/div>\r\n\t\t\t\t<\/div>\r\n\t\t\t\t<button class=\"w-btn us-btn-style_1\">\r\n\t\t\t\t\t<span class=\"w-btn-label\">Na\u010d\u00edta\u0165 viac<\/span>\r\n\t\t\t\t<\/button>\r\n\t\t\t<\/div>\r\n\t\t\t\t<div class=\"w-grid-json hidden\" onclick='return {&quot;action&quot;:&quot;us_ajax_grid&quot;,&quot;infinite_scroll&quot;:0,&quot;max_num_pages&quot;:48,&quot;pagination&quot;:&quot;ajax&quot;,&quot;template_vars&quot;:{&quot;columns&quot;:&quot;1&quot;,&quot;exclude_items&quot;:&quot;none&quot;,&quot;img_size&quot;:&quot;default&quot;,&quot;ignore_items_size&quot;:0,&quot;items_layout&quot;:&quot;572&quot;,&quot;items_offset&quot;:&quot;1&quot;,&quot;load_animation&quot;:&quot;none&quot;,&quot;overriding_link&quot;:&quot;{\\&quot;url\\&quot;:\\&quot;\\&quot;}&quot;,&quot;post_id&quot;:0,&quot;query_args&quot;:{&quot;post_type&quot;:[&quot;post&quot;],&quot;post_status&quot;:[&quot;publish&quot;,&quot;acf-disabled&quot;],&quot;posts_per_page&quot;:&quot;2&quot;},&quot;orderby_query_args&quot;:{&quot;orderby&quot;:{&quot;date&quot;:&quot;DESC&quot;}},&quot;type&quot;:&quot;grid&quot;,&quot;us_grid_post_type&quot;:&quot;post&quot;,&quot;us_grid_ajax_index&quot;:1,&quot;us_grid_filter_query_string&quot;:null,&quot;us_grid_index&quot;:1,&quot;page_args&quot;:[],&quot;lang&quot;:&quot;sk&quot;}}'><\/div>\r\n\t<\/div><\/div><\/div><\/div><\/div><\/div><\/section>\n","protected":false},"excerpt":{"rendered":"&nbsp; Z\u00e1konn\u00e9 predkupn\u00e9 pr\u00e1vo patr\u00ed medzi \u0161pecifick\u00e9 in\u0161tit\u00faty ob\u010dianskeho pr\u00e1va, ktor\u00e9 v\u00fdznamne ovplyv\u0148uj\u00fa nakladanie so spoluvlastn\u00edckym podielom. Z\u00e1kon \u010d. 40\/1964 Zb. Ob\u010diansky z\u00e1konn\u00edk (\u010falej len \u201eOZ\u201c) rozli\u0161uje dve podoby predkupn\u00e9ho pr\u00e1va: z\u00e1konn\u00e9 predkupn\u00e9 pr\u00e1vo pod\u013ea \u00a7 140 OZ, zmluvn\u00e9 predkupn\u00e9 pr\u00e1vo pod\u013ea \u00a7 602 a nasl. OZ. Z\u00e1kladn\u00fd rozdiel medzi nimi spo\u010d\u00edva v tom, \u017ee...","protected":false},"author":3,"featured_media":0,"parent":0,"menu_order":0,"comment_status":"closed","ping_status":"closed","template":"","meta":{"inline_featured_image":false,"footnotes":""},"class_list":["post-1240","page","type-page","status-publish","hentry"],"yoast_head":"<title>Novinky - BOOM &amp; SMART<\/title>\n<meta name=\"description\" content=\"Processing personal data of clients and other natural persons is a daily routine in advocacy.\" \/>\n<meta name=\"robots\" content=\"index, follow, max-snippet:-1, max-image-preview:large, max-video-preview:-1\" \/>\n<link rel=\"canonical\" href=\"https:\/\/boomandsmart.com\/sk\/novinky\/\" \/>\n<meta property=\"og:locale\" content=\"sk_SK\" \/>\n<meta property=\"og:type\" content=\"article\" \/>\n<meta property=\"og:title\" content=\"Novinky - BOOM &amp; SMART\" \/>\n<meta property=\"og:description\" content=\"Processing personal data of clients and other natural persons is a daily routine in advocacy.\" \/>\n<meta property=\"og:url\" content=\"https:\/\/boomandsmart.com\/sk\/novinky\/\" \/>\n<meta property=\"og:site_name\" content=\"BOOM &amp; SMART\" \/>\n<meta property=\"article:modified_time\" content=\"2023-12-11T21:10:37+00:00\" \/>\n<meta name=\"twitter:card\" content=\"summary_large_image\" \/>\n<meta name=\"twitter:label1\" content=\"Predpokladan\u00fd \u010das \u010d\u00edtania\" \/>\n\t<meta name=\"twitter:data1\" content=\"1 min\u00fata\" \/>\n<script type=\"application\/ld+json\" class=\"yoast-schema-graph\">{\"@context\":\"https:\/\/schema.org\",\"@graph\":[{\"@type\":\"WebPage\",\"@id\":\"https:\/\/boomandsmart.com\/sk\/novinky\/\",\"url\":\"https:\/\/boomandsmart.com\/sk\/novinky\/\",\"name\":\"Novinky - BOOM &amp; SMART\",\"isPartOf\":{\"@id\":\"https:\/\/boomandsmart.com\/#website\"},\"datePublished\":\"2021-06-06T19:58:02+00:00\",\"dateModified\":\"2023-12-11T21:10:37+00:00\",\"description\":\"Processing personal data of clients and other natural persons is a daily routine in advocacy.\",\"breadcrumb\":{\"@id\":\"https:\/\/boomandsmart.com\/sk\/novinky\/#breadcrumb\"},\"inLanguage\":\"sk-SK\",\"potentialAction\":[{\"@type\":\"ReadAction\",\"target\":[\"https:\/\/boomandsmart.com\/sk\/novinky\/\"]}]},{\"@type\":\"BreadcrumbList\",\"@id\":\"https:\/\/boomandsmart.com\/sk\/novinky\/#breadcrumb\",\"itemListElement\":[{\"@type\":\"ListItem\",\"position\":1,\"name\":\"Home\",\"item\":\"https:\/\/boomandsmart.com\/sk\/\"},{\"@type\":\"ListItem\",\"position\":2,\"name\":\"Novinky\"}]},{\"@type\":\"WebSite\",\"@id\":\"https:\/\/boomandsmart.com\/#website\",\"url\":\"https:\/\/boomandsmart.com\/\",\"name\":\"BOOM &amp; SMART\",\"description\":\"\",\"potentialAction\":[{\"@type\":\"SearchAction\",\"target\":{\"@type\":\"EntryPoint\",\"urlTemplate\":\"https:\/\/boomandsmart.com\/?s={search_term_string}\"},\"query-input\":{\"@type\":\"PropertyValueSpecification\",\"valueRequired\":true,\"valueName\":\"search_term_string\"}}],\"inLanguage\":\"sk-SK\"}]}<\/script>","yoast_head_json":{"title":"Novinky - BOOM &amp; SMART","description":"Processing personal data of clients and other natural persons is a daily routine in advocacy.","robots":{"index":"index","follow":"follow","max-snippet":"max-snippet:-1","max-image-preview":"max-image-preview:large","max-video-preview":"max-video-preview:-1"},"canonical":"https:\/\/boomandsmart.com\/sk\/novinky\/","og_locale":"sk_SK","og_type":"article","og_title":"Novinky - BOOM &amp; SMART","og_description":"Processing personal data of clients and other natural persons is a daily routine in advocacy.","og_url":"https:\/\/boomandsmart.com\/sk\/novinky\/","og_site_name":"BOOM &amp; SMART","article_modified_time":"2023-12-11T21:10:37+00:00","twitter_card":"summary_large_image","twitter_misc":{"Predpokladan\u00fd \u010das \u010d\u00edtania":"1 min\u00fata"},"schema":{"@context":"https:\/\/schema.org","@graph":[{"@type":"WebPage","@id":"https:\/\/boomandsmart.com\/sk\/novinky\/","url":"https:\/\/boomandsmart.com\/sk\/novinky\/","name":"Novinky - BOOM &amp; SMART","isPartOf":{"@id":"https:\/\/boomandsmart.com\/#website"},"datePublished":"2021-06-06T19:58:02+00:00","dateModified":"2023-12-11T21:10:37+00:00","description":"Processing personal data of clients and other natural persons is a daily routine in advocacy.","breadcrumb":{"@id":"https:\/\/boomandsmart.com\/sk\/novinky\/#breadcrumb"},"inLanguage":"sk-SK","potentialAction":[{"@type":"ReadAction","target":["https:\/\/boomandsmart.com\/sk\/novinky\/"]}]},{"@type":"BreadcrumbList","@id":"https:\/\/boomandsmart.com\/sk\/novinky\/#breadcrumb","itemListElement":[{"@type":"ListItem","position":1,"name":"Home","item":"https:\/\/boomandsmart.com\/sk\/"},{"@type":"ListItem","position":2,"name":"Novinky"}]},{"@type":"WebSite","@id":"https:\/\/boomandsmart.com\/#website","url":"https:\/\/boomandsmart.com\/","name":"BOOM &amp; SMART","description":"","potentialAction":[{"@type":"SearchAction","target":{"@type":"EntryPoint","urlTemplate":"https:\/\/boomandsmart.com\/?s={search_term_string}"},"query-input":{"@type":"PropertyValueSpecification","valueRequired":true,"valueName":"search_term_string"}}],"inLanguage":"sk-SK"}]}},"_links":{"self":[{"href":"https:\/\/boomandsmart.com\/sk\/wp-json\/wp\/v2\/pages\/1240","targetHints":{"allow":["GET"]}}],"collection":[{"href":"https:\/\/boomandsmart.com\/sk\/wp-json\/wp\/v2\/pages"}],"about":[{"href":"https:\/\/boomandsmart.com\/sk\/wp-json\/wp\/v2\/types\/page"}],"author":[{"embeddable":true,"href":"https:\/\/boomandsmart.com\/sk\/wp-json\/wp\/v2\/users\/3"}],"replies":[{"embeddable":true,"href":"https:\/\/boomandsmart.com\/sk\/wp-json\/wp\/v2\/comments?post=1240"}],"version-history":[{"count":2,"href":"https:\/\/boomandsmart.com\/sk\/wp-json\/wp\/v2\/pages\/1240\/revisions"}],"predecessor-version":[{"id":1415,"href":"https:\/\/boomandsmart.com\/sk\/wp-json\/wp\/v2\/pages\/1240\/revisions\/1415"}],"wp:attachment":[{"href":"https:\/\/boomandsmart.com\/sk\/wp-json\/wp\/v2\/media?parent=1240"}],"curies":[{"name":"wp","href":"https:\/\/api.w.org\/{rel}","templated":true}]}}